{"id":11134,"date":"2025-07-25T10:54:13","date_gmt":"2025-07-25T10:54:13","guid":{"rendered":"https:\/\/boreait.com\/it\/?post_type=product&#038;p=11134"},"modified":"2026-01-14T07:29:51","modified_gmt":"2026-01-14T07:29:51","slug":"dissipatore-di-calore-per-raffreddamento-cpu-fujitsu-lifebook-s762-z20801","status":"publish","type":"product","link":"https:\/\/boreait.com\/it\/product\/dissipatore-di-calore-per-raffreddamento-cpu-fujitsu-lifebook-s762-z20801\/","title":{"rendered":"Dissipatore di calore per raffreddamento CPU Fujitsu LifeBook S762 Z20801"},"content":{"rendered":"<div class=\"flex-1 overflow-hidden\">\n<div class=\"react-scroll-to-bottom--css-kpoah-79elbk h-full dark:bg-gray-800\">\n<div class=\"react-scroll-to-bottom--css-kpoah-1n7m0yu\">\n<div class=\"flex flex-col text-sm dark:bg-gray-800\">\n<div class=\"group w-full text-gray-800 dark:text-gray-100 border-b border-black\/10 dark:border-gray-900\/50 bg-gray-50 dark:bg-[#444654]\">\n<div class=\"flex p-4 gap-4 text-base md:gap-6 md:max-w-2xl lg:max-w-[38rem] xl:max-w-3xl md:py-6 lg:px-0 m-auto\">\n<div class=\"relative flex w-[calc(100%-50px)] flex-col gap-1 md:gap-3 lg:w-[calc(100%-115px)]\">\n<div class=\"flex flex-grow flex-col gap-3\">\n<div class=\"min-h-[20px] flex flex-col items-start gap-4 whitespace-pre-wrap break-words\">\n<div class=\"markdown prose w-full break-words dark:prose-invert light\">\n<p>Un dissipatore di calore per la CPU \u00e8 un componente fondamentale in un sistema informatico che contribuisce a dissipare il calore generato dall\u2019unit\u00e0 di elaborazione centrale (CPU). Si tratta in genere di un dispositivo metallico progettato per trasferire il calore dalla CPU all\u2019aria circostante.<\/p>\n<p>Il dissipatore di calore \u00e8 solitamente realizzato con materiali ad alta conduttivit\u00e0 termica, come alluminio o rame, che contribuiscono a un efficiente trasferimento di calore. \u00c8 costituito da una serie di alette o nervature che aumentano la superficie per una migliore dissipazione del calore. Il dissipatore di calore \u00e8 montato direttamente sulla parte superiore della CPU ed \u00e8 spesso accompagnato da una ventola, nota come ventola CPU, per migliorare le prestazioni di raffreddamento.<\/p>\n<p>La ventola della CPU soffia aria attraverso il dissipatore di calore, contribuendo a dissipare il calore assorbito dal dissipatore. Questa combinazione di dissipatore e ventola \u00e8 comunemente chiamata dissipatore per CPU. Alcuni dissipatori per CPU possono anche incorporare heat pipe, ovvero tubi cavi riempiti con un fluido termoconduttivo per migliorare l\u2019efficienza del trasferimento di calore.<\/p>\n<p>Diversi sistemi informatici potrebbero richiedere dissipatori per CPU specifici in base a fattori come il tipo di socket della CPU, il consumo energetico e il TDP (Thermal Design Power) della CPU. \u00c8 importante scegliere un dissipatore di calore per CPU compatibile con la CPU e la scheda madre specifiche.<\/p>\n<p>Quando si sostituisce o si aggiorna un dissipatore di calore per CPU, \u00e8 fondamentale garantirne la compatibilit\u00e0 con il tipo di socket della CPU e le dimensioni fisiche della scheda madre. Inoltre, considerare fattori come i livelli di rumore, le prestazioni di raffreddamento e lo spazio disponibile all\u2019interno del case del computer pu\u00f2 aiutare a scegliere una soluzione di raffreddamento per CPU adatta.<\/p>\n<p>Si consiglia di fare riferimento alle specifiche e alle linee guida del produttore o di consultare un tecnico esperto durante la selezione o l\u2019installazione di un dissipatore di calore per CPU per garantire il corretto funzionamento e prestazioni di raffreddamento ottimali per il sistema informatico.<br \/>\n\u2026<\/p>\n","protected":false},"excerpt":{"rendered":"<p>#VALUE!<\/p>\n","protected":false},"featured_media":11198,"template":"","meta":[],"product_brand":[],"product_cat":[34],"product_tag":[29],"class_list":{"0":"post-11134","1":"product","2":"type-product","3":"status-publish","4":"has-post-thumbnail","6":"product_cat-cpu-fans-heatsinks","7":"product_tag-fujitsu","9":"first","10":"instock","11":"taxable","12":"shipping-taxable","13":"purchasable","14":"product-type-simple"},"_links":{"self":[{"href":"https:\/\/boreait.com\/it\/wp-json\/wp\/v2\/product\/11134","targetHints":{"allow":["GET"]}}],"collection":[{"href":"https:\/\/boreait.com\/it\/wp-json\/wp\/v2\/product"}],"about":[{"href":"https:\/\/boreait.com\/it\/wp-json\/wp\/v2\/types\/product"}],"wp:featuredmedia":[{"embeddable":true,"href":"https:\/\/boreait.com\/it\/wp-json\/wp\/v2\/media\/11198"}],"wp:attachment":[{"href":"https:\/\/boreait.com\/it\/wp-json\/wp\/v2\/media?parent=11134"}],"wp:term":[{"taxonomy":"product_brand","embeddable":true,"href":"https:\/\/boreait.com\/it\/wp-json\/wp\/v2\/product_brand?post=11134"},{"taxonomy":"product_cat","embeddable":true,"href":"https:\/\/boreait.com\/it\/wp-json\/wp\/v2\/product_cat?post=11134"},{"taxonomy":"product_tag","embeddable":true,"href":"https:\/\/boreait.com\/it\/wp-json\/wp\/v2\/product_tag?post=11134"}],"curies":[{"name":"wp","href":"https:\/\/api.w.org\/{rel}","templated":true}]}}