{"id":11133,"date":"2025-07-25T10:54:13","date_gmt":"2025-07-25T10:54:13","guid":{"rendered":"https:\/\/boreait.com\/it\/?post_type=product&#038;p=11133"},"modified":"2025-07-25T10:55:03","modified_gmt":"2025-07-25T10:55:03","slug":"masterizzatore-dvd-modello-gtb0n","status":"publish","type":"product","link":"https:\/\/boreait.com\/it\/product\/masterizzatore-dvd-modello-gtb0n\/","title":{"rendered":"Masterizzatore DVD modello GTB0N"},"content":{"rendered":"<p>Il GTB0N supporta diverse velocit\u00e0 di lettura e scrittura a seconda del tipo di supporto DVD utilizzato. In genere ha una velocit\u00e0 massima di lettura di 8x per i DVD e una velocit\u00e0 massima di scrittura di 8x per i supporti DVD\u00b1R. Per i supporti DVD\u00b1RW, la velocit\u00e0 massima di scrittura \u00e8 solitamente di 6x.<\/p>\n<p>\u00c8 importante notare che, sebbene il GTB0N sia principalmente un masterizzatore DVD, \u00e8 anche retrocompatibile con i supporti CD. Pu\u00f2 leggere e scrivere CD, inclusi CD-R e CD-RW, a velocit\u00e0 variabili. La velocit\u00e0 massima di lettura dei CD \u00e8 in genere di 24x, mentre la velocit\u00e0 massima di scrittura dei CD \u00e8 solitamente di 24x per i supporti CD-R e 16x per i supporti CD-RW.<\/p>\n<p>Se hai domande specifiche o hai bisogno di ulteriore assistenza riguardo al masterizzatore DVD GTB0N, non esitare a contattarci!<\/p>\n","protected":false},"excerpt":{"rendered":"<p>Il GTB0N \u00e8 un masterizzatore DVD prodotto da HL-DT-ST, un marchio di propriet\u00e0 di LG Electronics. Questo modello \u00e8 comunemente presente nei laptop e nei masterizzatori DVD esterni sottili. Il GTB0N \u00e8 in grado di leggere e scrivere vari tipi di DVD, inclusi DVD-R, DVD+R, DVD-RW, DVD+RW e DVD-RAM.<\/p>\n","protected":false},"featured_media":11196,"template":"","meta":[],"product_brand":[],"product_cat":[28],"product_tag":[],"class_list":{"0":"post-11133","1":"product","2":"type-product","3":"status-publish","4":"has-post-thumbnail","6":"product_cat-motherboards-board-parts","8":"first","9":"instock","10":"taxable","11":"shipping-taxable","12":"purchasable","13":"product-type-simple"},"_links":{"self":[{"href":"https:\/\/boreait.com\/it\/wp-json\/wp\/v2\/product\/11133","targetHints":{"allow":["GET"]}}],"collection":[{"href":"https:\/\/boreait.com\/it\/wp-json\/wp\/v2\/product"}],"about":[{"href":"https:\/\/boreait.com\/it\/wp-json\/wp\/v2\/types\/product"}],"wp:featuredmedia":[{"embeddable":true,"href":"https:\/\/boreait.com\/it\/wp-json\/wp\/v2\/media\/11196"}],"wp:attachment":[{"href":"https:\/\/boreait.com\/it\/wp-json\/wp\/v2\/media?parent=11133"}],"wp:term":[{"taxonomy":"product_brand","embeddable":true,"href":"https:\/\/boreait.com\/it\/wp-json\/wp\/v2\/product_brand?post=11133"},{"taxonomy":"product_cat","embeddable":true,"href":"https:\/\/boreait.com\/it\/wp-json\/wp\/v2\/product_cat?post=11133"},{"taxonomy":"product_tag","embeddable":true,"href":"https:\/\/boreait.com\/it\/wp-json\/wp\/v2\/product_tag?post=11133"}],"curies":[{"name":"wp","href":"https:\/\/api.w.org\/{rel}","templated":true}]}}