{"id":11116,"date":"2025-07-25T10:53:49","date_gmt":"2025-07-25T10:53:49","guid":{"rendered":"https:\/\/boreait.com\/it\/?post_type=product&#038;p=11116"},"modified":"2025-07-25T10:54:48","modified_gmt":"2025-07-25T10:54:48","slug":"gruppo-altoparlanti-lenovo-thinkpad-t450-t460-ssb0d92908","status":"publish","type":"product","link":"https:\/\/boreait.com\/it\/product\/gruppo-altoparlanti-lenovo-thinkpad-t450-t460-ssb0d92908\/","title":{"rendered":"Gruppo altoparlanti Lenovo ThinkPad T450 T460 SSB0D92908"},"content":{"rendered":"<div class=\"flex-1 overflow-hidden\">\n<div class=\"react-scroll-to-bottom--css-kaxad-79elbk h-full dark:bg-gray-800\">\n<div class=\"react-scroll-to-bottom--css-kaxad-1n7m0yu\">\n<div class=\"flex flex-col text-sm dark:bg-gray-800\">\n<div class=\"group w-full text-gray-800 dark:text-gray-100 border-b border-black\/10 dark:border-gray-900\/50 bg-gray-50 dark:bg-[#444654]\">\n<div class=\"flex p-4 gap-4 text-base md:gap-6 md:max-w-2xl lg:max-w-[38rem] xl:max-w-3xl md:py-6 lg:px-0 m-auto\">\n<div class=\"relative flex w-[calc(100%-50px)] flex-col gap-1 md:gap-3 lg:w-[calc(100%-115px)]\">\n<div class=\"flex flex-grow flex-col gap-3\">\n<div class=\"min-h-[20px] flex flex-col items-start gap-4 whitespace-pre-wrap break-words\">\n<div class=\"markdown prose w-full break-words dark:prose-invert light\">\n<p>Il gruppo altoparlanti per Lenovo ThinkPad T450 T460, con codice articolo SSB0D92908, \u00e8 un componente essenziale progettato specificamente per Lenovo ThinkPad Modelli di laptop T450 e T460. Questo gruppo altoparlanti di alta qualit\u00e0 \u00e8 progettato per offrire prestazioni audio eccezionali, garantendo all\u2019utente un\u2019esperienza multimediale coinvolgente e piacevole.<\/p>\n<p>Il gruppo altoparlanti produce un suono chiaro e vibrante, consentendo di ascoltare musica, film e videochiamate preferiti con una qualit\u00e0 audio nitida e ricca. Grazie al suo design preciso e alla tecnologia avanzata, questo gruppo altoparlanti garantisce una riproduzione audio accurata su un\u2019ampia gamma di frequenze, consentendo di apprezzare ogni dettaglio dei contenuti audio.<\/p>\n<p>Progettato per integrarsi perfettamente nello chassis del laptop, il gruppo altoparlanti Lenovo ThinkPad T450 T460 \u00e8 facile da installare e non richiede competenze tecniche. Viene fornito con le staffe di montaggio e i connettori necessari, consentendo un\u2019installazione senza problemi. Ci\u00f2 garantisce che anche gli utenti meno esperti possano sostituire il gruppo altoparlanti senza alcuna difficolt\u00e0.<\/p>\n<p>Lenovo \u00e8 rinomata per il suo impegno per la qualit\u00e0 e la durata, e questo gruppo altoparlanti non fa eccezione. Realizzato con materiali robusti, \u00e8 progettato per resistere all\u2019uso quotidiano e offre una lunga durata. Puoi contare su questo gruppo altoparlanti per prestazioni audio affidabili per tutta la durata del tuo laptop, migliorando la tua esperienza di elaborazione complessiva.<\/p>\n<p>Che tu sia un utente occasionale che ama l\u2019intrattenimento multimediale o un professionista che si affida a un audio cristallino durante riunioni e presentazioni, il gruppo altoparlanti per Lenovo ThinkPad T450 T460 \u00e8 un accessorio essenziale. Garantisce un elevato livello di fedelt\u00e0 audio, consentendoti di godere appieno dei tuoi contenuti multimediali e di comunicare efficacemente in diverse situazioni.<\/p>\n<\/div>\n<\/div>\n<\/div>\n<\/div>\n<\/div>\n<\/div>\n<\/div>\n<\/div>\n<\/div>\n<\/div>\n","protected":false},"excerpt":{"rendered":"<p>Migliora le prestazioni audio del tuo laptop Lenovo ThinkPad T450\/T460 con il gruppo altoparlanti SSB0D92908. Offre una qualit\u00e0 audio eccezionale ed \u00e8 facile da installare. Vivi un&#8217;esperienza audio immersiva per l&#8217;intrattenimento multimediale e la comunicazione professionale.<\/p>\n","protected":false},"featured_media":11172,"template":"","meta":[],"product_brand":[],"product_cat":[19],"product_tag":[27],"class_list":{"0":"post-11116","1":"product","2":"type-product","3":"status-publish","4":"has-post-thumbnail","6":"product_cat-laptop-speakers","7":"product_tag-lenovo","9":"first","10":"instock","11":"taxable","12":"shipping-taxable","13":"purchasable","14":"product-type-simple"},"_links":{"self":[{"href":"https:\/\/boreait.com\/it\/wp-json\/wp\/v2\/product\/11116","targetHints":{"allow":["GET"]}}],"collection":[{"href":"https:\/\/boreait.com\/it\/wp-json\/wp\/v2\/product"}],"about":[{"href":"https:\/\/boreait.com\/it\/wp-json\/wp\/v2\/types\/product"}],"wp:featuredmedia":[{"embeddable":true,"href":"https:\/\/boreait.com\/it\/wp-json\/wp\/v2\/media\/11172"}],"wp:attachment":[{"href":"https:\/\/boreait.com\/it\/wp-json\/wp\/v2\/media?parent=11116"}],"wp:term":[{"taxonomy":"product_brand","embeddable":true,"href":"https:\/\/boreait.com\/it\/wp-json\/wp\/v2\/product_brand?post=11116"},{"taxonomy":"product_cat","embeddable":true,"href":"https:\/\/boreait.com\/it\/wp-json\/wp\/v2\/product_cat?post=11116"},{"taxonomy":"product_tag","embeddable":true,"href":"https:\/\/boreait.com\/it\/wp-json\/wp\/v2\/product_tag?post=11116"}],"curies":[{"name":"wp","href":"https:\/\/api.w.org\/{rel}","templated":true}]}}