{"id":11057,"date":"2025-07-25T10:52:40","date_gmt":"2025-07-25T10:52:40","guid":{"rendered":"https:\/\/boreait.com\/it\/?post_type=product&#038;p=11057"},"modified":"2025-07-25T10:53:59","modified_gmt":"2025-07-25T10:53:59","slug":"3x-elpida-ebj21ue8bfu0-dj-f-2gb-2rx8-pc3-10600s-9-10-f1-ram","status":"publish","type":"product","link":"https:\/\/boreait.com\/it\/product\/3x-elpida-ebj21ue8bfu0-dj-f-2gb-2rx8-pc3-10600s-9-10-f1-ram\/","title":{"rendered":"3X Elpida EBJ21UE8BFU0-DJ-F (2GB 2RX8 PC3-10600S-9-10-F1) RAM"},"content":{"rendered":"<p>Il modulo RAM Elpida EBJ21UE8BFU0-DJ-F \u00e8 un componente di memoria di alta qualit\u00e0 progettato per migliorare le prestazioni e l\u2019efficienza del tuo computer. Con una capacit\u00e0 di 2 GB e una configurazione 2RX8, offre ampio spazio per l\u2019archiviazione e l\u2019accesso ai dati, consentendo un multitasking fluido e una migliore reattivit\u00e0 del sistema.<\/p>\n<p>Operando alla velocit\u00e0 PC3-10600S-9-10-F1, questo modulo RAM offre prestazioni rapide e affidabili, garantendo l\u2019esecuzione fluida di applicazioni e attivit\u00e0. Il suo design ottimizzato e la tecnologia avanzata consentono un trasferimento dati efficiente, con conseguente miglioramento della velocit\u00e0 e delle prestazioni complessive del sistema.<\/p>\n<p>Il modulo RAM Elpida EBJ21UE8BFU0-DJ-F \u00e8 compatibile con diversi sistemi informatici ed \u00e8 particolarmente adatto per laptop e notebook. \u00c8 rigorosamente testato per qualit\u00e0 e affidabilit\u00e0, soddisfacendo gli standard di settore per garantire stabilit\u00e0 e compatibilit\u00e0 ottimali. <\/p>\n<p>Aggiornando il tuo sistema con il modulo RAM Elpida EBJ21UE8BFU0-DJ-F, puoi migliorare significativamente le prestazioni del tuo computer e sperimentare un\u2019elaborazione dei dati pi\u00f9 rapida. Che tu stia eseguendo applicazioni impegnative, eseguendo multitasking o semplicemente navigando sul web, questo modulo RAM fornir\u00e0 la spinta necessaria per migliorare la tua esperienza di elaborazione complessiva.<\/p>\n","protected":false},"excerpt":{"rendered":"<div class=\"flex-1 overflow-hidden\">\n<div class=\"react-scroll-to-bottom--css-ijwin-79elbk h-full dark:bg-gray-800\">\n<div class=\"react-scroll-to-bottom--css-ijwin-1n7m0yu\">\n<div class=\"flex flex-col text-sm dark:bg-gray-800\">\n<div class=\"group w-full text-gray-800 dark:text-gray-100 border-b border-black\/10 dark:border-gray-900\/50 bg-gray-50 dark:bg-[#444654]\">\n<div class=\"flex p-4 gap-4 text-base md:gap-6 md:max-w-2xl lg:max-w-[38rem] xl:max-w-3xl md:py-6 lg:px-0 m-auto\">\n<div class=\"relative flex w-[calc(100%-50px)] flex-col gap-1 md:gap-3 lg:w-[calc(100%-115px)]\">\n<div class=\"flex flex-grow flex-col gap-3\">\n<div class=\"min-h-[20px] flex flex-col items-start gap-4 whitespace-pre-wrap break-words\">\n<div class=\"markdown prose w-full break-words dark:prose-invert light\">\n<p>Il modulo RAM Elpida EBJ21UE8BFU0-DJ-F \u00e8 un componente di memoria da 2 GB di alta qualit\u00e0 progettato per migliorare le prestazioni del sistema. Con una configurazione 2RX8 e velocit\u00e0 PC3-10600S-9-10-F1, garantisce un&#8217;elaborazione dati veloce e affidabile. Testato per qualit\u00e0 e compatibilit\u00e0, \u00e8 una scelta affidabile per l&#8217;aggiornamento di laptop e notebook. Migliora le prestazioni del tuo computer installando il modulo RAM Elpida EBJ21UE8BFU0-DJ-F e goditi un&#8217;elaborazione dati pi\u00f9 rapida e funzionalit\u00e0 multitasking migliorate.<\/p>\n<\/div>\n<\/div>\n<\/div>\n<\/div>\n<\/div>\n<\/div>\n<\/div>\n<\/div>\n<\/div>\n<\/div>\n","protected":false},"featured_media":11127,"template":"","meta":[],"product_brand":[],"product_cat":[37],"product_tag":[],"class_list":{"0":"post-11057","1":"product","2":"type-product","3":"status-publish","4":"has-post-thumbnail","6":"product_cat-ram-memory","8":"first","9":"instock","10":"taxable","11":"shipping-taxable","12":"purchasable","13":"product-type-simple"},"_links":{"self":[{"href":"https:\/\/boreait.com\/it\/wp-json\/wp\/v2\/product\/11057","targetHints":{"allow":["GET"]}}],"collection":[{"href":"https:\/\/boreait.com\/it\/wp-json\/wp\/v2\/product"}],"about":[{"href":"https:\/\/boreait.com\/it\/wp-json\/wp\/v2\/types\/product"}],"wp:featuredmedia":[{"embeddable":true,"href":"https:\/\/boreait.com\/it\/wp-json\/wp\/v2\/media\/11127"}],"wp:attachment":[{"href":"https:\/\/boreait.com\/it\/wp-json\/wp\/v2\/media?parent=11057"}],"wp:term":[{"taxonomy":"product_brand","embeddable":true,"href":"https:\/\/boreait.com\/it\/wp-json\/wp\/v2\/product_brand?post=11057"},{"taxonomy":"product_cat","embeddable":true,"href":"https:\/\/boreait.com\/it\/wp-json\/wp\/v2\/product_cat?post=11057"},{"taxonomy":"product_tag","embeddable":true,"href":"https:\/\/boreait.com\/it\/wp-json\/wp\/v2\/product_tag?post=11057"}],"curies":[{"name":"wp","href":"https:\/\/api.w.org\/{rel}","templated":true}]}}