{"id":10993,"date":"2025-07-25T10:52:15","date_gmt":"2025-07-25T10:52:15","guid":{"rendered":"https:\/\/boreait.com\/it\/?post_type=product&#038;p=10993"},"modified":"2025-07-25T10:52:35","modified_gmt":"2025-07-25T10:52:35","slug":"toshiba-satellite-l70-c-l70-c-106-l75-base-inferiore-telaio-h000081930-j0115-b06","status":"publish","type":"product","link":"https:\/\/boreait.com\/it\/product\/toshiba-satellite-l70-c-l70-c-106-l75-base-inferiore-telaio-h000081930-j0115-b06\/","title":{"rendered":"Toshiba Satellite L70-C L70-C-106 L75 Base inferiore telaio H000081930 (J0115) B06"},"content":{"rendered":"<p>Il telaio inferiore base H000081930 (J0115) B06 per Toshiba Satellite L70-C, L70-C-106 e L75 \u00e8 un ricambio originale per il telaio inferiore base dei modelli di laptop sopra menzionati. \u00c8 prodotto da Toshiba e progettato per adattarsi perfettamente ai laptop L70-C, L70-C-106 e L75. Il telaio \u00e8 realizzato con materiali di alta qualit\u00e0 ed \u00e8 costruito per resistere alle sollecitazioni dell\u2019uso quotidiano.<\/p>\n<p>Il telaio inferiore base H000081930 (J0115) B06 \u00e8 facile da installare e viene fornito con tutti i componenti necessari per una sostituzione rapida e senza problemi. \u00c8 un ricambio originale Toshiba, quindi puoi essere certo che funzioner\u00e0 perfettamente con il tuo laptop e offrir\u00e0 lo stesso livello di prestazioni e affidabilit\u00e0 del telaio originale. <\/p>\n<p>Con questo ricambio, puoi ripristinare la funzionalit\u00e0 del tuo laptop Toshiba Satellite e tornare al lavoro o all\u2019intrattenimento senza ritardi. Che tu sia un professionista che necessita di un laptop affidabile per il lavoro o uno studente che necessita di un laptop per studiare, il telaio inferiore base H000081930 (J0115) B06 per Toshiba Satellite L70-C, L70-C-106 e L75 \u00e8 una scelta eccellente per mantenere la durata e le prestazioni del tuo laptop.<\/p>\n","protected":false},"excerpt":{"rendered":"<p>Il telaio inferiore base H000081930 (J0115) B06 per Toshiba Satellite L70-C, L70-C-106 e L75 \u00e8 un ricambio originale progettato per adattarsi perfettamente al telaio inferiore base dei laptop Toshiba Satellite L70-C, L70-C-106 e L75. Realizzato con materiali di alta qualit\u00e0, questo ricambio \u00e8 facile da installare e offre lo stesso livello di prestazioni e affidabilit\u00e0 del telaio originale. Con il telaio inferiore base H000081930 (J0115) B06, puoi ripristinare rapidamente la funzionalit\u00e0 del tuo laptop e tornare al lavoro o all&#8217;intrattenimento senza ritardi.<\/p>\n","protected":false},"featured_media":11031,"template":"","meta":[],"product_brand":[],"product_cat":[17],"product_tag":[35],"class_list":{"0":"post-10993","1":"product","2":"type-product","3":"status-publish","4":"has-post-thumbnail","6":"product_cat-laptop-housing","7":"product_tag-toshiba","9":"first","10":"instock","11":"taxable","12":"shipping-taxable","13":"purchasable","14":"product-type-simple"},"_links":{"self":[{"href":"https:\/\/boreait.com\/it\/wp-json\/wp\/v2\/product\/10993","targetHints":{"allow":["GET"]}}],"collection":[{"href":"https:\/\/boreait.com\/it\/wp-json\/wp\/v2\/product"}],"about":[{"href":"https:\/\/boreait.com\/it\/wp-json\/wp\/v2\/types\/product"}],"wp:featuredmedia":[{"embeddable":true,"href":"https:\/\/boreait.com\/it\/wp-json\/wp\/v2\/media\/11031"}],"wp:attachment":[{"href":"https:\/\/boreait.com\/it\/wp-json\/wp\/v2\/media?parent=10993"}],"wp:term":[{"taxonomy":"product_brand","embeddable":true,"href":"https:\/\/boreait.com\/it\/wp-json\/wp\/v2\/product_brand?post=10993"},{"taxonomy":"product_cat","embeddable":true,"href":"https:\/\/boreait.com\/it\/wp-json\/wp\/v2\/product_cat?post=10993"},{"taxonomy":"product_tag","embeddable":true,"href":"https:\/\/boreait.com\/it\/wp-json\/wp\/v2\/product_tag?post=10993"}],"curies":[{"name":"wp","href":"https:\/\/api.w.org\/{rel}","templated":true}]}}