{"id":10949,"date":"2025-07-25T10:51:52","date_gmt":"2025-07-25T10:51:52","guid":{"rendered":"https:\/\/boreait.com\/it\/?post_type=product&#038;p=10949"},"modified":"2025-07-25T10:52:25","modified_gmt":"2025-07-25T10:52:25","slug":"per-hp-zbook-17-tubo-di-calore-del-radiatore-735374-001-786686-001","status":"publish","type":"product","link":"https:\/\/boreait.com\/it\/product\/per-hp-zbook-17-tubo-di-calore-del-radiatore-735374-001-786686-001\/","title":{"rendered":"PER HP ZBOOK 17 Tubo di calore del radiatore 735374-001 786686-001"},"content":{"rendered":"<p>Il tubo di calore del radiatore per HP ZBOOK 17 (codici prodotto 735374-001 e 786686-001) \u00e8 un componente progettato per l\u2019utilizzo nella workstation mobile HP ZBOOK 17. Questo tubo di calore contribuisce a dissipare il calore di CPU e GPU, prevenendone il surriscaldamento, che pu\u00f2 danneggiare i componenti interni. Il tubo di calore \u00e8 una parte fondamentale del sistema di raffreddamento, garantendo la longevit\u00e0 e l\u2019affidabilit\u00e0 della workstation. Con la corretta installazione e manutenzione, il tubo di calore del radiatore per HP ZBOOK 17 pu\u00f2 contribuire a mantenere la workstation mobile HP ZBOOK 17 a livelli di prestazioni ottimali per periodi prolungati.<\/p>\n","protected":false},"excerpt":{"rendered":"<p>Il tubo di calore del radiatore per HP ZBOOK 17 (codici prodotto 735374-001 e 786686-001) \u00e8 un componente progettato per dissipare il calore dalla CPU e dalla GPU della workstation mobile HP ZBOOK 17. Prevenendo il surriscaldamento, questo tubo di calore contribuisce a mantenere la temperatura ottimale dei componenti interni della workstation, garantendone longevit\u00e0 e affidabilit\u00e0. Parte fondamentale del sistema di raffreddamento, il tubo di calore del radiatore per HP ZBOOK 17 contribuisce a mantenere la workstation efficiente ed efficace. Se installato e mantenuto correttamente, pu\u00f2 migliorare significativamente le prestazioni e la durata della workstation mobile HP ZBOOK 17.<\/p>\n","protected":false},"featured_media":11016,"template":"","meta":[],"product_brand":[],"product_cat":[34],"product_tag":[26],"class_list":{"0":"post-10949","1":"product","2":"type-product","3":"status-publish","4":"has-post-thumbnail","6":"product_cat-cpu-fans-heatsinks","7":"product_tag-hp","9":"first","10":"instock","11":"taxable","12":"shipping-taxable","13":"purchasable","14":"product-type-simple"},"_links":{"self":[{"href":"https:\/\/boreait.com\/it\/wp-json\/wp\/v2\/product\/10949","targetHints":{"allow":["GET"]}}],"collection":[{"href":"https:\/\/boreait.com\/it\/wp-json\/wp\/v2\/product"}],"about":[{"href":"https:\/\/boreait.com\/it\/wp-json\/wp\/v2\/types\/product"}],"wp:featuredmedia":[{"embeddable":true,"href":"https:\/\/boreait.com\/it\/wp-json\/wp\/v2\/media\/11016"}],"wp:attachment":[{"href":"https:\/\/boreait.com\/it\/wp-json\/wp\/v2\/media?parent=10949"}],"wp:term":[{"taxonomy":"product_brand","embeddable":true,"href":"https:\/\/boreait.com\/it\/wp-json\/wp\/v2\/product_brand?post=10949"},{"taxonomy":"product_cat","embeddable":true,"href":"https:\/\/boreait.com\/it\/wp-json\/wp\/v2\/product_cat?post=10949"},{"taxonomy":"product_tag","embeddable":true,"href":"https:\/\/boreait.com\/it\/wp-json\/wp\/v2\/product_tag?post=10949"}],"curies":[{"name":"wp","href":"https:\/\/api.w.org\/{rel}","templated":true}]}}