{"id":10947,"date":"2025-07-25T10:51:52","date_gmt":"2025-07-25T10:51:52","guid":{"rendered":"https:\/\/boreait.com\/it\/?post_type=product&#038;p=10947"},"modified":"2026-01-14T07:03:30","modified_gmt":"2026-01-14T07:03:30","slug":"memoria-ram-per-laptop-samsung-1gb-2rx16-pc2-6400s-666-12-a3__trashed","status":"publish","type":"product","link":"https:\/\/boreait.com\/it\/product\/memoria-ram-per-laptop-samsung-1gb-2rx16-pc2-6400s-666-12-a3__trashed\/","title":{"rendered":"Memoria RAM per laptop Samsung 1gb 2rx16 Pc2-6400s-666-12-a3"},"content":{"rendered":"<p>Il modulo di memoria RAM Samsung 1GB 2Rx16 PC2-6400S-666-12-A3 \u00e8 un modulo SODIMM DDR2 progettato per l\u2019uso in computer portatili. Ha una capacit\u00e0 di 1GB e opera a una frequenza di 800MHz con una latenza di CL6. La configurazione 2Rx16 prevede 16 chip di memoria disposti su due file su ciascun lato del modulo. Opera a una tensione di 1,8V ed \u00e8 compatibile con i sistemi che supportano la memoria DDR2. Questo modulo \u00e8 ideale per aggiornare o sostituire la memoria esistente del vostro portatile e migliorarne le prestazioni complessive.<\/p>\n","protected":false},"excerpt":{"rendered":"<p>Il modulo di memoria Samsung 1GB 2RX16 PC2-6400S-666-12-A3 \u00e8 un modulo di memoria per laptop che opera a una velocit\u00e0 di clock di 800 MHz (PC2-6400) ed \u00e8 basato sulla tecnologia DDR2. La RAM presenta un fattore di forma SODIMM a 200 pin che la rende compatibile con laptop e altri dispositivi mobili. Il modulo ha una latenza CAS di 6 e una tensione nominale di 1,8 V. \u00c8 progettato per offrire prestazioni veloci e affidabili, il che lo rende la scelta ideale per l&#8217;aggiornamento di laptop pi\u00f9 vecchi che richiedono memoria DDR2.<\/p>\n","protected":false},"featured_media":11013,"template":"","meta":[],"product_brand":[],"product_cat":[42,37],"product_tag":[],"class_list":{"0":"post-10947","1":"product","2":"type-product","3":"status-publish","4":"has-post-thumbnail","6":"product_cat-ddr2","7":"product_cat-ram-memory","9":"first","10":"instock","11":"taxable","12":"shipping-taxable","13":"purchasable","14":"product-type-simple"},"_links":{"self":[{"href":"https:\/\/boreait.com\/it\/wp-json\/wp\/v2\/product\/10947","targetHints":{"allow":["GET"]}}],"collection":[{"href":"https:\/\/boreait.com\/it\/wp-json\/wp\/v2\/product"}],"about":[{"href":"https:\/\/boreait.com\/it\/wp-json\/wp\/v2\/types\/product"}],"wp:featuredmedia":[{"embeddable":true,"href":"https:\/\/boreait.com\/it\/wp-json\/wp\/v2\/media\/11013"}],"wp:attachment":[{"href":"https:\/\/boreait.com\/it\/wp-json\/wp\/v2\/media?parent=10947"}],"wp:term":[{"taxonomy":"product_brand","embeddable":true,"href":"https:\/\/boreait.com\/it\/wp-json\/wp\/v2\/product_brand?post=10947"},{"taxonomy":"product_cat","embeddable":true,"href":"https:\/\/boreait.com\/it\/wp-json\/wp\/v2\/product_cat?post=10947"},{"taxonomy":"product_tag","embeddable":true,"href":"https:\/\/boreait.com\/it\/wp-json\/wp\/v2\/product_tag?post=10947"}],"curies":[{"name":"wp","href":"https:\/\/api.w.org\/{rel}","templated":true}]}}