{"id":10933,"date":"2025-07-25T10:51:51","date_gmt":"2025-07-25T10:51:51","guid":{"rendered":"https:\/\/boreait.com\/it\/?post_type=product&#038;p=10933"},"modified":"2025-07-25T10:52:07","modified_gmt":"2025-07-25T10:52:07","slug":"cavo-dc-in-dell-latitude-e6520-20np9-powerjack","status":"publish","type":"product","link":"https:\/\/boreait.com\/it\/product\/cavo-dc-in-dell-latitude-e6520-20np9-powerjack\/","title":{"rendered":"Cavo DC-IN &#8211; Dell Latitude E6520 20NP9 &#8211; Powerjack"},"content":{"rendered":"<p>Il cavo di alimentazione DC-IN \u2013 E6520 20NP9 \u00e8 un componente originale Dell, progettato per l\u2019uso con il modello di laptop Latitude E6520. Questo cavo collega l\u2019adattatore CA alla scheda madre del laptop, consentendogli di caricare la batteria e alimentare il dispositivo. Il cavo \u00e8 realizzato con materiali di alta qualit\u00e0 che garantiscono resistenza e prestazioni durature. Presenta un design flessibile che ne facilita l\u2019installazione e la maneggevolezza. Questo cavo DC-IN \u00e8 un componente essenziale del sistema di ricarica del laptop e un cavo difettoso pu\u00f2 causare problemi di ricarica o di alimentazione. Con questo componente, gli utenti possono garantire ai loro laptop Latitude E6520 un\u2019alimentazione affidabile e costante, consentendo loro di lavorare e utilizzare il dispositivo senza interruzioni.<\/p>\n","protected":false},"excerpt":{"rendered":"<p>Il cavo DC-IN &#8211; E6520 20NP9 \u00e8 un componente Dell progettato per l&#8217;uso con il laptop Latitude E6520. Questo cavo collega l&#8217;adattatore CA alla scheda madre del laptop, consentendogli di caricare la batteria e alimentare il dispositivo. \u00c8 realizzato con materiali di alta qualit\u00e0 che garantiscono durata e longevit\u00e0. Il design flessibile di questo cavo lo rende facile da installare e maneggiare. Un cavo DC-IN difettoso pu\u00f2 causare problemi di ricarica e alimentazione, rendendo questo componente un componente essenziale del sistema di ricarica del laptop. Con questo componente, gli utenti possono garantire che il loro laptop Latitude E6520 riceva un&#8217;alimentazione affidabile e costante, consentendo loro di lavorare e utilizzare il dispositivo senza interruzioni.<\/p>\n","protected":false},"featured_media":10974,"template":"","meta":[],"product_brand":[],"product_cat":[21],"product_tag":[18],"class_list":{"0":"post-10933","1":"product","2":"type-product","3":"status-publish","4":"has-post-thumbnail","6":"product_cat-cables","7":"product_tag-dell","9":"first","10":"instock","11":"taxable","12":"shipping-taxable","13":"purchasable","14":"product-type-simple"},"_links":{"self":[{"href":"https:\/\/boreait.com\/it\/wp-json\/wp\/v2\/product\/10933","targetHints":{"allow":["GET"]}}],"collection":[{"href":"https:\/\/boreait.com\/it\/wp-json\/wp\/v2\/product"}],"about":[{"href":"https:\/\/boreait.com\/it\/wp-json\/wp\/v2\/types\/product"}],"wp:featuredmedia":[{"embeddable":true,"href":"https:\/\/boreait.com\/it\/wp-json\/wp\/v2\/media\/10974"}],"wp:attachment":[{"href":"https:\/\/boreait.com\/it\/wp-json\/wp\/v2\/media?parent=10933"}],"wp:term":[{"taxonomy":"product_brand","embeddable":true,"href":"https:\/\/boreait.com\/it\/wp-json\/wp\/v2\/product_brand?post=10933"},{"taxonomy":"product_cat","embeddable":true,"href":"https:\/\/boreait.com\/it\/wp-json\/wp\/v2\/product_cat?post=10933"},{"taxonomy":"product_tag","embeddable":true,"href":"https:\/\/boreait.com\/it\/wp-json\/wp\/v2\/product_tag?post=10933"}],"curies":[{"name":"wp","href":"https:\/\/api.w.org\/{rel}","templated":true}]}}