{"id":10895,"date":"2025-07-25T10:51:27","date_gmt":"2025-07-25T10:51:27","guid":{"rendered":"https:\/\/boreait.com\/it\/?post_type=product&#038;p=10895"},"modified":"2025-07-25T10:51:59","modified_gmt":"2025-07-25T10:51:59","slug":"ventola-e-dissipatore-oem-per-dell-latitude-e6520-0gt9xp","status":"publish","type":"product","link":"https:\/\/boreait.com\/it\/product\/ventola-e-dissipatore-oem-per-dell-latitude-e6520-0gt9xp\/","title":{"rendered":"Ventola e dissipatore OEM per Dell Latitude E6520 0GT9XP"},"content":{"rendered":"<p>La ventola e il dissipatore OEM 0GT9XP per Dell Latitude E6520 sono un sistema di raffreddamento progettato per il laptop Dell Latitude E6520. \u00c8 composto da una ventola e un dissipatore che lavorano insieme per dissipare il calore generato dalla CPU del laptop.<\/p>\n<p>La ventola \u00e8 una ventola a 4 pin ad alte prestazioni che funziona a una velocit\u00e0 di 4500 giri\/min. \u00c8 progettata per fornire un raffreddamento efficiente alla CPU del laptop, garantendone il funzionamento a temperature ottimali. La ventola \u00e8 anche relativamente silenziosa, producendo bassi livelli di rumore anche ad alte velocit\u00e0.<\/p>\n<p>Il dissipatore \u00e8 realizzato in alluminio di alta qualit\u00e0 e presenta un\u2019ampia superficie per massimizzare la dissipazione del calore. Il dissipatore \u00e8 progettato per essere a diretto contatto con la CPU del laptop, consentendole di assorbire e trasferire rapidamente il calore lontano dalla CPU. Il dissipatore \u00e8 inoltre progettato con alette e canali che aumentano il flusso d\u2019aria e migliorano le prestazioni di raffreddamento. Nel complesso, la ventola e il dissipatore OEM 0GT9XP per Dell Latitude E6520 sono un sistema di raffreddamento affidabile ed efficiente che aiuta a prevenire il surriscaldamento e a prolungare la durata della CPU del laptop.<\/p>\n","protected":false},"excerpt":{"rendered":"<p>La ventola e il dissipatore OEM per Dell Latitude E6520 0GT9XP sono un sistema di raffreddamento composto da una ventola e un dissipatore progettati per dissipare efficacemente il calore generato dalla CPU del laptop Dell Latitude E6520. La ventola gira a una velocit\u00e0 di 4500 giri\/min ed \u00e8 relativamente silenziosa, mentre il dissipatore \u00e8 realizzato in alluminio di alta qualit\u00e0 e presenta un&#8217;ampia superficie per massimizzare la dissipazione del calore. Insieme, la ventola e il dissipatore contribuiscono a prevenire il surriscaldamento e a prolungare la durata della CPU del laptop.<\/p>\n","protected":false},"featured_media":10961,"template":"","meta":[],"product_brand":[],"product_cat":[34],"product_tag":[18],"class_list":{"0":"post-10895","1":"product","2":"type-product","3":"status-publish","4":"has-post-thumbnail","6":"product_cat-cpu-fans-heatsinks","7":"product_tag-dell","9":"first","10":"instock","11":"taxable","12":"shipping-taxable","13":"purchasable","14":"product-type-simple"},"_links":{"self":[{"href":"https:\/\/boreait.com\/it\/wp-json\/wp\/v2\/product\/10895","targetHints":{"allow":["GET"]}}],"collection":[{"href":"https:\/\/boreait.com\/it\/wp-json\/wp\/v2\/product"}],"about":[{"href":"https:\/\/boreait.com\/it\/wp-json\/wp\/v2\/types\/product"}],"wp:featuredmedia":[{"embeddable":true,"href":"https:\/\/boreait.com\/it\/wp-json\/wp\/v2\/media\/10961"}],"wp:attachment":[{"href":"https:\/\/boreait.com\/it\/wp-json\/wp\/v2\/media?parent=10895"}],"wp:term":[{"taxonomy":"product_brand","embeddable":true,"href":"https:\/\/boreait.com\/it\/wp-json\/wp\/v2\/product_brand?post=10895"},{"taxonomy":"product_cat","embeddable":true,"href":"https:\/\/boreait.com\/it\/wp-json\/wp\/v2\/product_cat?post=10895"},{"taxonomy":"product_tag","embeddable":true,"href":"https:\/\/boreait.com\/it\/wp-json\/wp\/v2\/product_tag?post=10895"}],"curies":[{"name":"wp","href":"https:\/\/api.w.org\/{rel}","templated":true}]}}