{"id":10871,"date":"2025-07-25T10:51:04","date_gmt":"2025-07-25T10:51:04","guid":{"rendered":"https:\/\/boreait.com\/it\/?post_type=product&#038;p=10871"},"modified":"2026-01-14T07:02:51","modified_gmt":"2026-01-14T07:02:51","slug":"originale-dell-n2vfr-wireless-ac-3160-3160ngw-dual-band","status":"publish","type":"product","link":"https:\/\/boreait.com\/it\/product\/originale-dell-n2vfr-wireless-ac-3160-3160ngw-dual-band\/","title":{"rendered":"Originale Dell N2VFR Wireless-AC 3160 3160NGW Dual Band"},"content":{"rendered":"<p>L&#8217;adattatore di rete wireless Dell N2VFR Wireless-AC 3160 3160NGW Dual Band originale \u00e8 progettato per fornire una connettivit\u00e0 Wi-Fi affidabile e veloce per laptop e desktop Dell. Supporta il pi\u00f9 recente standard Wi-Fi 802.11ac ed \u00e8 compatibile con entrambe le bande di frequenza a 2,4 GHz e 5 GHz.<\/p>\n<p>Questo adattatore di rete utilizza tecnologie avanzate come Multiple Input Multiple Output (MIMO) e beamforming per offrire prestazioni e copertura wireless migliorate. Supporta anche Bluetooth 4.0, consentendo la connessione a dispositivi abilitati Bluetooth come smartphone, tablet e altoparlanti.<\/p>\n<p>Il Dell N2VFR Wireless-AC 3160 3160NGW \u00e8 un prodotto Dell originale, ovvero \u00e8 realizzato da Dell ed \u00e8 progettato specificamente per funzionare con i computer Dell. Ci\u00f2 garantisce compatibilit\u00e0 e affidabilit\u00e0, oltre a semplificare l&#8217;installazione e la configurazione. <\/p>\n<p>Nel complesso, il Dell N2VFR Wireless-AC 3160 3160NGW Dual Band originale \u00e8 un adattatore di rete wireless di alta qualit\u00e0 che fornisce connettivit\u00e0 Wi-Fi e Bluetooth veloce e affidabile per i computer Dell.<\/p>\n","protected":false},"excerpt":{"rendered":"<p>L&#8217;adattatore di rete wireless Dell N2VFR Wireless-AC 3160 3160NGW Dual Band originale offre una connettivit\u00e0 Wi-Fi affidabile e veloce per laptop e desktop Dell. Supporta lo standard Wi-Fi 802.11ac, le bande di frequenza a 2,4 GHz e 5 GHz e Bluetooth 4.0. \u00c8 un prodotto Dell originale, che garantisce compatibilit\u00e0 e facilit\u00e0 di installazione.<\/p>\n","protected":false},"featured_media":10954,"template":"","meta":[],"product_brand":[],"product_cat":[28],"product_tag":[18],"class_list":{"0":"post-10871","1":"product","2":"type-product","3":"status-publish","4":"has-post-thumbnail","6":"product_cat-motherboards-board-parts","7":"product_tag-dell","9":"first","10":"instock","11":"taxable","12":"shipping-taxable","13":"purchasable","14":"product-type-simple"},"_links":{"self":[{"href":"https:\/\/boreait.com\/it\/wp-json\/wp\/v2\/product\/10871","targetHints":{"allow":["GET"]}}],"collection":[{"href":"https:\/\/boreait.com\/it\/wp-json\/wp\/v2\/product"}],"about":[{"href":"https:\/\/boreait.com\/it\/wp-json\/wp\/v2\/types\/product"}],"wp:featuredmedia":[{"embeddable":true,"href":"https:\/\/boreait.com\/it\/wp-json\/wp\/v2\/media\/10954"}],"wp:attachment":[{"href":"https:\/\/boreait.com\/it\/wp-json\/wp\/v2\/media?parent=10871"}],"wp:term":[{"taxonomy":"product_brand","embeddable":true,"href":"https:\/\/boreait.com\/it\/wp-json\/wp\/v2\/product_brand?post=10871"},{"taxonomy":"product_cat","embeddable":true,"href":"https:\/\/boreait.com\/it\/wp-json\/wp\/v2\/product_cat?post=10871"},{"taxonomy":"product_tag","embeddable":true,"href":"https:\/\/boreait.com\/it\/wp-json\/wp\/v2\/product_tag?post=10871"}],"curies":[{"name":"wp","href":"https:\/\/api.w.org\/{rel}","templated":true}]}}