{"id":10870,"date":"2025-07-25T10:51:04","date_gmt":"2025-07-25T10:51:04","guid":{"rendered":"https:\/\/boreait.com\/it\/?post_type=product&#038;p=10870"},"modified":"2026-01-14T07:02:34","modified_gmt":"2026-01-14T07:02:34","slug":"ramaxel-100280282-4-gb-1-x-4-gb-1600-mhz-pc3-12800s-ddr3-1600-sodimm-a-204-pin-per-laptop","status":"publish","type":"product","link":"https:\/\/boreait.com\/it\/product\/ramaxel-100280282-4-gb-1-x-4-gb-1600-mhz-pc3-12800s-ddr3-1600-sodimm-a-204-pin-per-laptop\/","title":{"rendered":"Ramaxel 100280282 &#8211; 4 GB (1 x 4 GB) 1600 MHz PC3-12800S DDR3-1600 SODIMM a 204 pin per laptop"},"content":{"rendered":"<p>Il Ramaxel 100280282 \u00e8 un modulo di memoria per laptop che offre 4 GB di capacit\u00e0 di archiviazione e opera a una frequenza di 1600 MHz. Utilizza la tecnologia DDR3 e ha una velocit\u00e0 nominale di PC3-12800S. Questo modulo \u00e8 progettato specificamente per laptop e ha un fattore di forma SODIMM a 204 pin, che lo rende compatibile con la maggior parte dei laptop che supportano la memoria DDR3. Grazie alle sue prestazioni elevate e all\u2019ampia capacit\u00e0 di archiviazione, questo modulo di memoria \u00e8 una scelta eccellente per gli utenti di laptop che desiderano aggiornare la memoria del proprio dispositivo. \u00c8 una soluzione affidabile ed efficiente in grado di migliorare significativamente le prestazioni di un laptop, soprattutto durante il multitasking o l\u2019esecuzione di applicazioni ad alto consumo di memoria.<\/p>\n","protected":false},"excerpt":{"rendered":"<p>Il Ramaxel 100280282 \u00e8 un modulo di memoria per laptop che offre 4 GB di capacit\u00e0 e opera a una frequenza di 1600 MHz. Utilizza la tecnologia DDR3 e ha una velocit\u00e0 nominale di PC3-12800S. Il modulo \u00e8 progettato per l&#8217;uso su laptop e presenta un fattore di forma SODIMM a 204 pin, che lo rende compatibile con la maggior parte dei laptop che supportano la memoria DDR3. Grazie alle sue prestazioni ad alta velocit\u00e0 e all&#8217;ampia capacit\u00e0, questo modulo di memoria \u00e8 una scelta eccellente per gli utenti che desiderano aggiornare la memoria del proprio laptop.<\/p>\n","protected":false},"featured_media":10952,"template":"","meta":[],"product_brand":[],"product_cat":[38,37],"product_tag":[],"class_list":{"0":"post-10870","1":"product","2":"type-product","3":"status-publish","4":"has-post-thumbnail","6":"product_cat-ddr3-ddr3l","7":"product_cat-ram-memory","9":"first","10":"instock","11":"taxable","12":"shipping-taxable","13":"purchasable","14":"product-type-simple"},"_links":{"self":[{"href":"https:\/\/boreait.com\/it\/wp-json\/wp\/v2\/product\/10870","targetHints":{"allow":["GET"]}}],"collection":[{"href":"https:\/\/boreait.com\/it\/wp-json\/wp\/v2\/product"}],"about":[{"href":"https:\/\/boreait.com\/it\/wp-json\/wp\/v2\/types\/product"}],"wp:featuredmedia":[{"embeddable":true,"href":"https:\/\/boreait.com\/it\/wp-json\/wp\/v2\/media\/10952"}],"wp:attachment":[{"href":"https:\/\/boreait.com\/it\/wp-json\/wp\/v2\/media?parent=10870"}],"wp:term":[{"taxonomy":"product_brand","embeddable":true,"href":"https:\/\/boreait.com\/it\/wp-json\/wp\/v2\/product_brand?post=10870"},{"taxonomy":"product_cat","embeddable":true,"href":"https:\/\/boreait.com\/it\/wp-json\/wp\/v2\/product_cat?post=10870"},{"taxonomy":"product_tag","embeddable":true,"href":"https:\/\/boreait.com\/it\/wp-json\/wp\/v2\/product_tag?post=10870"}],"curies":[{"name":"wp","href":"https:\/\/api.w.org\/{rel}","templated":true}]}}