{"id":10867,"date":"2025-07-25T10:51:04","date_gmt":"2025-07-25T10:51:04","guid":{"rendered":"https:\/\/boreait.com\/it\/?post_type=product&#038;p=10867"},"modified":"2025-07-25T10:51:48","modified_gmt":"2025-07-25T10:51:48","slug":"dfs531005plot-ventola-interna-per-laptop-per-acer-aspire-vn7-nitro-vn7-591-vn7-591g","status":"publish","type":"product","link":"https:\/\/boreait.com\/it\/product\/dfs531005plot-ventola-interna-per-laptop-per-acer-aspire-vn7-nitro-vn7-591-vn7-591g\/","title":{"rendered":"DFS531005PLOT Ventola interna per laptop per Acer Aspire VN7 Nitro VN7-591 VN7-591G"},"content":{"rendered":"<p>La ventola interna per laptop DFS531005PLOT \u00e8 una ventola sostitutiva progettata specificamente per i laptop Acer Aspire VN7 Nitro VN7-591 e VN7-591G. La ventola raffredda i componenti interni del laptop, impedendone il surriscaldamento.<\/p>\n<p>La ventola interna per laptop DFS531005PLOT \u00e8 realizzata con materiali di alta qualit\u00e0 e viene sottoposta a rigorosi test di qualit\u00e0 per garantire compatibilit\u00e0 e affidabilit\u00e0 con i modelli di laptop specificati. La ventola \u00e8 progettata per adattarsi perfettamente alla posizione designata ed \u00e8 facile da installare.<\/p>\n<p>Quando la ventola di un laptop \u00e8 difettosa o danneggiata, pu\u00f2 causare il surriscaldamento dei componenti interni, con conseguenti scarse prestazioni, crash del sistema o persino danni permanenti. Sostituire la ventola con la ventola interna per laptop DFS531005PLOT pu\u00f2 aiutare a prevenire questi problemi e prolungare la durata del laptop. <\/p>\n<p>In sintesi, la ventola interna DFS531005PLOT per Acer Aspire VN7 Nitro VN7-591 VN7-591G \u00e8 un ricambio essenziale che fornisce un raffreddamento efficiente ai componenti interni del laptop, garantendo prestazioni ottimali e prevenendo i danni causati dal surriscaldamento.<\/p>\n","protected":false},"excerpt":{"rendered":"<p>La ventola interna per laptop DFS531005PLOT \u00e8 un ricambio progettato per i laptop Acer Aspire VN7 Nitro VN7-591 e VN7-591G. Questa ventola interna \u00e8 responsabile del mantenimento della temperatura del laptop e ne previene il surriscaldamento.<\/p>\n<p>La ventola interna per laptop DFS531005PLOT \u00e8 realizzata con materiali di alta qualit\u00e0 e viene sottoposta a rigorosi test di qualit\u00e0 per garantirne compatibilit\u00e0 e affidabilit\u00e0. La sostituzione di una ventola difettosa o danneggiata pu\u00f2 migliorare le prestazioni del laptop e prolungarne la durata.<\/p>\n<p>Nel complesso, la ventola interna per laptop DFS531005PLOT per Acer Aspire VN7 Nitro VN7-591 VN7-591G \u00e8 un ricambio essenziale che fornisce un raffreddamento efficiente e previene il surriscaldamento dei componenti interni del laptop.<\/p>\n","protected":false},"featured_media":10929,"template":"","meta":[],"product_brand":[],"product_cat":[34],"product_tag":[30],"class_list":{"0":"post-10867","1":"product","2":"type-product","3":"status-publish","4":"has-post-thumbnail","6":"product_cat-cpu-fans-heatsinks","7":"product_tag-acer","9":"first","10":"instock","11":"taxable","12":"shipping-taxable","13":"purchasable","14":"product-type-simple"},"_links":{"self":[{"href":"https:\/\/boreait.com\/it\/wp-json\/wp\/v2\/product\/10867","targetHints":{"allow":["GET"]}}],"collection":[{"href":"https:\/\/boreait.com\/it\/wp-json\/wp\/v2\/product"}],"about":[{"href":"https:\/\/boreait.com\/it\/wp-json\/wp\/v2\/types\/product"}],"wp:featuredmedia":[{"embeddable":true,"href":"https:\/\/boreait.com\/it\/wp-json\/wp\/v2\/media\/10929"}],"wp:attachment":[{"href":"https:\/\/boreait.com\/it\/wp-json\/wp\/v2\/media?parent=10867"}],"wp:term":[{"taxonomy":"product_brand","embeddable":true,"href":"https:\/\/boreait.com\/it\/wp-json\/wp\/v2\/product_brand?post=10867"},{"taxonomy":"product_cat","embeddable":true,"href":"https:\/\/boreait.com\/it\/wp-json\/wp\/v2\/product_cat?post=10867"},{"taxonomy":"product_tag","embeddable":true,"href":"https:\/\/boreait.com\/it\/wp-json\/wp\/v2\/product_tag?post=10867"}],"curies":[{"name":"wp","href":"https:\/\/api.w.org\/{rel}","templated":true}]}}