{"id":10864,"date":"2025-07-25T10:51:03","date_gmt":"2025-07-25T10:51:03","guid":{"rendered":"https:\/\/boreait.com\/it\/?post_type=product&#038;p=10864"},"modified":"2025-07-25T10:51:45","modified_gmt":"2025-07-25T10:51:45","slug":"copertura-base-superiore-poggiapolsi-in-plastica-originale-lenovo-g70-80","status":"publish","type":"product","link":"https:\/\/boreait.com\/it\/product\/copertura-base-superiore-poggiapolsi-in-plastica-originale-lenovo-g70-80\/","title":{"rendered":"COPERTURA BASE SUPERIORE POGGIAPOLSI IN PLASTICA ORIGINALE LENOVO G70-80"},"content":{"rendered":"<p>Il telaio in plastica originale per la copertura superiore della base del poggiapolsi per Lenovo G70-80 \u00e8 un ricambio di alta qualit\u00e0 per il laptop Lenovo G70-80. Realizzato in materiali plastici resistenti, questo telaio per la copertura superiore della base del poggiapolsi \u00e8 progettato per adattarsi perfettamente al telaio del laptop, proteggendone i componenti interni e migliorandone l\u2019aspetto generale.<\/p>\n<p>Il telaio per la copertura superiore della base del poggiapolsi \u00e8 una parte essenziale dell\u2019esterno del laptop, offrendo una piattaforma stabile per la tastiera e il touchpad e, al contempo, un comodo appoggio per i palmi delle mani. Il telaio per la copertura superiore della base del poggiapolsi per Lenovo G70-80 \u00e8 progettato specificamente per adattarsi alle specifiche originali del laptop, garantendo una vestibilit\u00e0 perfetta e la massima compatibilit\u00e0.<\/p>\n<p>Il telaio per la copertura superiore della base del poggiapolsi per Lenovo G70-80 \u00e8 prodotto secondo i pi\u00f9 elevati standard di qualit\u00e0 e durata. Viene sottoposto a rigorosi test e ispezioni per garantire che soddisfi o superi tutti gli standard del settore in termini di prestazioni e affidabilit\u00e0. In sintesi, la cover superiore in plastica per il poggiapolsi originale Lenovo G70-80 \u00e8 un ricambio di alta qualit\u00e0 che offre una protezione affidabile e migliora l\u2019aspetto del laptop Lenovo G70-80. La sua compatibilit\u00e0 e durata lo rendono una scelta eccellente per chi cerca una soluzione duratura per la cover superiore in plastica per il poggiapolsi del proprio laptop.<\/p>\n","protected":false},"excerpt":{"rendered":"<p>Il coperchio superiore della base del poggiapolsi originale Lenovo G70-80 in plastica \u00e8 un ricambio realizzato in materiali plastici resistenti, progettato per proteggere i componenti interni e migliorare l&#8217;aspetto del laptop Lenovo G70-80. \u00c8 prodotto secondo i pi\u00f9 elevati standard di qualit\u00e0 e sottoposto a rigorosi test per garantirne affidabilit\u00e0 e prestazioni.<\/p>\n","protected":false},"featured_media":10923,"template":"","meta":[],"product_brand":[],"product_cat":[17],"product_tag":[26,27],"class_list":{"0":"post-10864","1":"product","2":"type-product","3":"status-publish","4":"has-post-thumbnail","6":"product_cat-laptop-housing","7":"product_tag-hp","8":"product_tag-lenovo","10":"first","11":"instock","12":"taxable","13":"shipping-taxable","14":"purchasable","15":"product-type-simple"},"_links":{"self":[{"href":"https:\/\/boreait.com\/it\/wp-json\/wp\/v2\/product\/10864","targetHints":{"allow":["GET"]}}],"collection":[{"href":"https:\/\/boreait.com\/it\/wp-json\/wp\/v2\/product"}],"about":[{"href":"https:\/\/boreait.com\/it\/wp-json\/wp\/v2\/types\/product"}],"wp:featuredmedia":[{"embeddable":true,"href":"https:\/\/boreait.com\/it\/wp-json\/wp\/v2\/media\/10923"}],"wp:attachment":[{"href":"https:\/\/boreait.com\/it\/wp-json\/wp\/v2\/media?parent=10864"}],"wp:term":[{"taxonomy":"product_brand","embeddable":true,"href":"https:\/\/boreait.com\/it\/wp-json\/wp\/v2\/product_brand?post=10864"},{"taxonomy":"product_cat","embeddable":true,"href":"https:\/\/boreait.com\/it\/wp-json\/wp\/v2\/product_cat?post=10864"},{"taxonomy":"product_tag","embeddable":true,"href":"https:\/\/boreait.com\/it\/wp-json\/wp\/v2\/product_tag?post=10864"}],"curies":[{"name":"wp","href":"https:\/\/api.w.org\/{rel}","templated":true}]}}