{"id":10841,"date":"2025-07-25T10:50:41","date_gmt":"2025-07-25T10:50:41","guid":{"rendered":"https:\/\/boreait.com\/it\/?post_type=product&#038;p=10841"},"modified":"2026-01-14T07:01:57","modified_gmt":"2026-01-14T07:01:57","slug":"04w6808-per-lenovo-thinkpad-x230-tablet-x230i-custodia-con-cornice-a-u","status":"publish","type":"product","link":"https:\/\/boreait.com\/it\/product\/04w6808-per-lenovo-thinkpad-x230-tablet-x230i-custodia-con-cornice-a-u\/","title":{"rendered":"04W6808 per Lenovo ThinkPad X230 Tablet X230i Custodia con cornice a U"},"content":{"rendered":"<p>04W6808 \u00e8 una custodia con telaio a U progettata da Lenovo per i tablet ThinkPad X230 e i laptop X230i. Questa custodia \u00e8 progettata per proteggere il retro del laptop e fornire supporto strutturale al dispositivo. \u00c8 realizzata con materiali di alta qualit\u00e0 ed \u00e8 personalizzata per adattarsi alle dimensioni dei tablet X230 e dei laptop X230i. Questa custodia \u00e8 un prodotto originale Lenovo e non una replica o una copia di altri marchi o prodotti. \u00c8 un accessorio affidabile e resistente che pu\u00f2 aumentare la longevit\u00e0 del tuo laptop.<\/p>\n","protected":false},"excerpt":{"rendered":"<p>04W6808 \u00e8 una custodia con telaio a U per i tablet Lenovo ThinkPad X230 e i laptop X230i. \u00c8 progettata per proteggere il retro del laptop e fornire supporto strutturale al dispositivo. La custodia \u00e8 realizzata con materiali di alta qualit\u00e0 ed \u00e8 specificamente progettata per adattarsi alle dimensioni dei tablet X230 e dei laptop X230i. Questa custodia con telaio a U \u00e8 un prodotto originale Lenovo e non \u00e8 una copia o imitazione di altri marchi o prodotti.<\/p>\n","protected":false},"featured_media":10913,"template":"","meta":[],"product_brand":[],"product_cat":[17],"product_tag":[27],"class_list":{"0":"post-10841","1":"product","2":"type-product","3":"status-publish","4":"has-post-thumbnail","6":"product_cat-laptop-housing","7":"product_tag-lenovo","9":"first","10":"instock","11":"taxable","12":"shipping-taxable","13":"purchasable","14":"product-type-simple"},"_links":{"self":[{"href":"https:\/\/boreait.com\/it\/wp-json\/wp\/v2\/product\/10841","targetHints":{"allow":["GET"]}}],"collection":[{"href":"https:\/\/boreait.com\/it\/wp-json\/wp\/v2\/product"}],"about":[{"href":"https:\/\/boreait.com\/it\/wp-json\/wp\/v2\/types\/product"}],"wp:featuredmedia":[{"embeddable":true,"href":"https:\/\/boreait.com\/it\/wp-json\/wp\/v2\/media\/10913"}],"wp:attachment":[{"href":"https:\/\/boreait.com\/it\/wp-json\/wp\/v2\/media?parent=10841"}],"wp:term":[{"taxonomy":"product_brand","embeddable":true,"href":"https:\/\/boreait.com\/it\/wp-json\/wp\/v2\/product_brand?post=10841"},{"taxonomy":"product_cat","embeddable":true,"href":"https:\/\/boreait.com\/it\/wp-json\/wp\/v2\/product_cat?post=10841"},{"taxonomy":"product_tag","embeddable":true,"href":"https:\/\/boreait.com\/it\/wp-json\/wp\/v2\/product_tag?post=10841"}],"curies":[{"name":"wp","href":"https:\/\/api.w.org\/{rel}","templated":true}]}}