{"id":10830,"date":"2025-07-25T10:50:40","date_gmt":"2025-07-25T10:50:40","guid":{"rendered":"https:\/\/boreait.com\/it\/?post_type=product&#038;p=10830"},"modified":"2025-07-25T10:51:18","modified_gmt":"2025-07-25T10:51:18","slug":"scheda-wlan-wifi-intel-dual-band-ac-8260-8260ngw-802-11ac-modulo-bluetooth-4-2","status":"publish","type":"product","link":"https:\/\/boreait.com\/it\/product\/scheda-wlan-wifi-intel-dual-band-ac-8260-8260ngw-802-11ac-modulo-bluetooth-4-2\/","title":{"rendered":"SCHEDA WLAN WIFI INTEL DUAL BAND AC 8260 8260NGW 802.11ac &#8211; modulo Bluetooth 4.2"},"content":{"rendered":"<p>L\u20198260NGW \u00e8 un adattatore di rete Intel Wireless-AC. Si tratta di un adattatore dual-band che supporta sia le frequenze a 2,4 GHz che a 5 GHz ed \u00e8 compatibile con lo standard 802.11ac, offrendo velocit\u00e0 wireless elevate e una maggiore capacit\u00e0 di rete. L\u2019adattatore supporta anche Bluetooth 4.2, che consente una facile connettivit\u00e0 con altri dispositivi abilitati Bluetooth. \u00c8 comunemente utilizzato in laptop e altri dispositivi mobili per fornire connettivit\u00e0 wireless. Ecco un elenco di alcuni laptop compatibili con questa scheda Wi-Fi:<\/p>\n<ol>\n<li>Dell XPS 13<\/li>\n<li>HP Spectre x360<\/li>\n<li>Lenovo ThinkPad T480<\/li>\n<li>Asus Zenbook UX305<\/li>\n<li>Acer Aspire R14<\/li>\n<li>MSI GS63VR Stealth Pro<\/li>\n<li>Razer Blade Stealth<\/li>\n<li>Alienware 13 R3<\/li>\n<li>Lenovo Yoga 720<\/li>\n<li>HP EliteBook x360<\/li>\n<li>Asus ROG Strix GL702VM<\/li>\n<li>Dell Inspiron 15 5000 serie<\/li>\n<li>Acer Swift 7<\/li>\n<li>MSI GP62MVRX Leopard Pro<\/li>\n<li>HP Omen 17<\/li>\n<li>LG Grammo 15Z970<\/li>\n<li>Lenovo Legion Y520<\/li>\n<li>HP Pavilion 15<\/li>\n<li>Dell Latitude E7470<\/li>\n<li>Asus VivoBook Pro N580VD<\/li>\n<li>Acer Aspire E15<\/li>\n<li>MSI GE62VR Apache Pro<\/li>\n<li>LG Grammo 14Z970<\/li>\n<li>Razer Blade Pro<\/li>\n<li>Dell Latitude E5270 E5470 E5570 E7270 E7470<\/li>\n<li>\n<div class=\"s-item__title\"><span role=\"heading\" aria-level=\"3\">Lenovo Thinkpad X1 YOGA Carbon X260 T460 T560<\/span><\/div>\n<\/li>\n<li>\n<div class=\"s-item__title\"><span role=\"heading\" aria-level=\"3\">Lenovo L460 L470 900-13\u00a0<\/span><\/div>\n<\/li>\n<\/ol>\n<p>HP SPS sta per \u201cSpare Part Number\u201d e si riferisce al codice prodotto utilizzato da HP per identificare i componenti specifici utilizzati nei suoi prodotti. Il codice HP SPS per la scheda di rete Intel 8260NGW varia a seconda del modello e della configurazione specifici del laptop HP su cui \u00e8 installato. Ecco alcuni esempi di codici HP SPS per Intel 8260NGW:<\/p>\n<ul>\n<li>806721-001<\/li>\n<li>8260NGWSPS<\/li>\n<li>792202-001<\/li>\n<li>793840-001<\/li>\n<li>831511-001<\/li>\n<li>806722-001<\/li>\n<li>793840-005<\/li>\n<li>806723-001<\/li>\n<li>806722-005<\/li>\n<li>8260NGWSNX<\/li>\n<li>806721-001<\/li>\n<\/ul>\n<p>Si noti che questo elenco non \u00e8 esaustivo e potrebbero esserci altri laptop e dispositivi compatibili con la scheda 8260NGW.<\/p>\n","protected":false},"excerpt":{"rendered":"<p>8260NGW \u00e8 un adattatore di rete wireless Intel che supporta la connettivit\u00e0 Wi-Fi dual-band e Bluetooth, comunemente utilizzato nei laptop e nei dispositivi mobili per comunicazioni wireless veloci e affidabili.<\/p>\n","protected":false},"featured_media":10883,"template":"","meta":[],"product_brand":[],"product_cat":[28],"product_tag":[30,31,18,26,27],"class_list":{"0":"post-10830","1":"product","2":"type-product","3":"status-publish","4":"has-post-thumbnail","6":"product_cat-motherboards-board-parts","7":"product_tag-acer","8":"product_tag-asus","9":"product_tag-dell","10":"product_tag-hp","11":"product_tag-lenovo","13":"first","14":"instock","15":"taxable","16":"shipping-taxable","17":"purchasable","18":"product-type-simple"},"_links":{"self":[{"href":"https:\/\/boreait.com\/it\/wp-json\/wp\/v2\/product\/10830","targetHints":{"allow":["GET"]}}],"collection":[{"href":"https:\/\/boreait.com\/it\/wp-json\/wp\/v2\/product"}],"about":[{"href":"https:\/\/boreait.com\/it\/wp-json\/wp\/v2\/types\/product"}],"wp:featuredmedia":[{"embeddable":true,"href":"https:\/\/boreait.com\/it\/wp-json\/wp\/v2\/media\/10883"}],"wp:attachment":[{"href":"https:\/\/boreait.com\/it\/wp-json\/wp\/v2\/media?parent=10830"}],"wp:term":[{"taxonomy":"product_brand","embeddable":true,"href":"https:\/\/boreait.com\/it\/wp-json\/wp\/v2\/product_brand?post=10830"},{"taxonomy":"product_cat","embeddable":true,"href":"https:\/\/boreait.com\/it\/wp-json\/wp\/v2\/product_cat?post=10830"},{"taxonomy":"product_tag","embeddable":true,"href":"https:\/\/boreait.com\/it\/wp-json\/wp\/v2\/product_tag?post=10830"}],"curies":[{"name":"wp","href":"https:\/\/api.w.org\/{rel}","templated":true}]}}