{"id":9998,"date":"2025-09-17T12:46:03","date_gmt":"2025-09-17T10:46:03","guid":{"rendered":"https:\/\/boreait.com\/hu\/?post_type=product&#038;p=9998"},"modified":"2025-09-17T12:46:11","modified_gmt":"2025-09-17T10:46:11","slug":"hp-ltn156at39-001-lcd-156-fhd-matt-edp-30-tus-tartokkal-uj","status":"publish","type":"product","link":"https:\/\/boreait.com\/hu\/termek\/hp-ltn156at39-001-lcd-156-fhd-matt-edp-30-tus-tartokkal-uj\/","title":{"rendered":"HP LTN156AT39-001 LCD 15,6&#8243; FHD matt eDP 30 t\u0171s tart\u00f3kkal \u00daj"},"content":{"rendered":"<p><strong><\/strong><\/p>\n<p>Fokozza laptopja kijelz\u0151j\u00e9t a HP LTN156AT39-001 LCD-k\u00e9perny\u0151vel, amelyet a megb\u00edzhat\u00f3 teljes\u00edtm\u00e9nyt \u00e9s min\u0151s\u00e9gi l\u00e1tv\u00e1nyt keres\u0151 felhaszn\u00e1l\u00f3k sz\u00e1m\u00e1ra terveztek. Ez a 15,6 h\u00fcvelykes Full HD (1920&#215;1080) k\u00e9perny\u0151 \u00e9les k\u00e9ptisztas\u00e1got k\u00edn\u00e1l, amely munk\u00e1hoz \u00e9s sz\u00f3rakoz\u00e1shoz egyar\u00e1nt t\u00f6k\u00e9letes. A nem IPS panel szabv\u00e1nyos betekint\u00e9si sz\u00f6geket biztos\u00edt, m\u00edg a matt fel\u00fclet cs\u00f6kkenti a t\u00fckr\u00f6z\u0151d\u00e9st, \u00edgy ide\u00e1lis a k\u00fcl\u00f6nf\u00e9le f\u00e9nyviszonyok melletti haszn\u00e1latra.<\/p>\n<p>A k\u00e9perny\u0151 30 t\u0171s eDP csatlakoz\u00f3val rendelkezik, amely biztons\u00e1gos \u00e9s stabil kapcsolatot biztos\u00edt az eszk\u00f6zzel. A mell\u00e9kelt fels\u0151 \u00e9s als\u00f3 konzoloknak k\u00f6sz\u00f6nhet\u0151en a telep\u00edt\u00e9s egyszer\u0171, lehet\u0151v\u00e9 t\u00e9ve a prec\u00edz illeszked\u00e9st a laptopba.<\/p>\n<p>Ak\u00e1r s\u00e9r\u00fclt k\u00e9perny\u0151t cser\u00e9l, ak\u00e1r jobb k\u00e9pmin\u0151s\u00e9g \u00e9rdek\u00e9ben friss\u00edt, ez az LCD-k\u00e9perny\u0151 megb\u00edzhat\u00f3 v\u00e1laszt\u00e1s. Teljesen \u00fajszer\u0171 \u00e1llapotban van, \u00edgy azonnali haszn\u00e1latra k\u00e9sz hib\u00e1tlan term\u00e9ket kap.<\/p>\n","protected":false},"excerpt":{"rendered":"<p>B\u0151v\u00edtse laptopj\u00e1t a HP LTN156AT39-001 15,6&#8243;-es FHD LCD-k\u00e9perny\u0151vel. A matt fel\u00fclettel, 30 t\u0171s eDP-csatlakoz\u00f3val, valamint fels\u0151 \u00e9s als\u00f3 konzolokkal ez a nem IPS-kijelz\u0151 tiszta, \u00e9les k\u00e9pet biztos\u00edt. \u00c1llapot: \u00daj.<\/p>\n","protected":false},"featured_media":9974,"template":"","meta":[],"product_brand":[],"product_cat":[81,71],"product_tag":[],"class_list":{"0":"post-9998","1":"product","2":"type-product","3":"status-publish","4":"has-post-thumbnail","6":"product_cat-15-6-new-laptop-screens-lcd-panels","7":"product_cat-new-laptop-screens-lcd-panels","9":"first","10":"instock","11":"taxable","12":"shipping-taxable","13":"purchasable","14":"product-type-simple"},"_links":{"self":[{"href":"https:\/\/boreait.com\/hu\/wp-json\/wp\/v2\/product\/9998","targetHints":{"allow":["GET"]}}],"collection":[{"href":"https:\/\/boreait.com\/hu\/wp-json\/wp\/v2\/product"}],"about":[{"href":"https:\/\/boreait.com\/hu\/wp-json\/wp\/v2\/types\/product"}],"wp:featuredmedia":[{"embeddable":true,"href":"https:\/\/boreait.com\/hu\/wp-json\/wp\/v2\/media\/9974"}],"wp:attachment":[{"href":"https:\/\/boreait.com\/hu\/wp-json\/wp\/v2\/media?parent=9998"}],"wp:term":[{"taxonomy":"product_brand","embeddable":true,"href":"https:\/\/boreait.com\/hu\/wp-json\/wp\/v2\/product_brand?post=9998"},{"taxonomy":"product_cat","embeddable":true,"href":"https:\/\/boreait.com\/hu\/wp-json\/wp\/v2\/product_cat?post=9998"},{"taxonomy":"product_tag","embeddable":true,"href":"https:\/\/boreait.com\/hu\/wp-json\/wp\/v2\/product_tag?post=9998"}],"curies":[{"name":"wp","href":"https:\/\/api.w.org\/{rel}","templated":true}]}}