{"id":9997,"date":"2025-09-17T12:46:03","date_gmt":"2025-09-17T10:46:03","guid":{"rendered":"https:\/\/boreait.com\/hu\/?post_type=product&#038;p=9997"},"modified":"2025-09-17T12:46:11","modified_gmt":"2025-09-17T10:46:11","slug":"hp-tpn-c-125-lcd-156-fhd-matt-edp-30-tus-tartokkal-nem-ips-uj","status":"publish","type":"product","link":"https:\/\/boreait.com\/hu\/termek\/hp-tpn-c-125-lcd-156-fhd-matt-edp-30-tus-tartokkal-nem-ips-uj\/","title":{"rendered":"HP TPN C-125 LCD 15,6&#8243; FHD matt eDP 30 t\u0171s tart\u00f3kkal, nem IPS \u00faj"},"content":{"rendered":"<p><strong><\/strong><\/p>\n<p>Fokozza laptopja kijelz\u0151j\u00e9t a HP TPN C-125 15,6&#8243;-es LCD-k\u00e9perny\u0151vel, amelyet \u00e9les \u00e9s tiszta k\u00e9p megjelen\u00edt\u00e9s\u00e9re terveztek. Ez a k\u00e9perny\u0151 Full HD (1920&#215;1080) felbont\u00e1ssal rendelkezik, amely \u00e9les \u00e9s r\u00e9szletgazdag k\u00e9peket biztos\u00edt a mindennapi haszn\u00e1latra. A matt fel\u00fclet cs\u00f6kkenti a t\u00fckr\u00f6z\u0151d\u00e9st, \u00edgy ide\u00e1lis a k\u00fcl\u00f6nf\u00e9le vil\u00e1g\u00edt\u00e1si k\u00f6rnyezetekben val\u00f3 munkav\u00e9gz\u00e9shez \u00e9s a megb\u00edzhat\u00f3 kijelz\u0151k biztos\u00edtj\u00e1k az IPS-technol\u00f3gi\u00e1t.<\/p>\n<p>A 30 t\u0171s eDP csatlakoz\u00f3 biztons\u00e1gos \u00e9s egyszer\u0171 csatlakoz\u00e1st k\u00edn\u00e1l eszk\u00f6z\u00e9hez. Ezenk\u00edv\u00fcl a k\u00e9perny\u0151 fels\u0151 \u00e9s als\u00f3 konzolokat tartalmaz, amelyek leegyszer\u0171s\u00edtik a telep\u00edt\u00e9si folyamatot, \u00e9s biztos\u00edtj\u00e1k, hogy k\u00e9nyelmesen illeszkedjen a laptophoz.<\/p>\n<p>Ak\u00e1r s\u00e9r\u00fclt k\u00e9perny\u0151t cser\u00e9l, ak\u00e1r a jobb k\u00e9pmin\u0151s\u00e9g \u00e9rdek\u00e9ben friss\u00edt, a HP TPN C-125 megb\u00edzhat\u00f3 v\u00e1laszt\u00e1s. Ez a k\u00e9perny\u0151 vadonat\u00faj, \u00edgy kiv\u00e1l\u00f3 min\u0151s\u00e9g\u0171 term\u00e9ket kap, amely k\u00e9szen \u00e1ll a sz\u00e1m\u00edt\u00e1stechnikai \u00e9lm\u00e9ny fokoz\u00e1s\u00e1ra.<\/p>\n","protected":false},"excerpt":{"rendered":"<p>B\u0151v\u00edtse laptopj\u00e1t a HP TPN C-125 15,6&#8243;-es LCD-k\u00e9perny\u0151vel. Ez az FHD matt FHD kijelz\u0151 eDP 30 t\u0171s csatlakoz\u00e1ssal fels\u0151 \u00e9s als\u00f3 tart\u00f3kkal rendelkezik az egyszer\u0171 telep\u00edt\u00e9s \u00e9rdek\u00e9ben. \u00c1llapot: \u00daj.<\/p>\n","protected":false},"featured_media":9974,"template":"","meta":[],"product_brand":[],"product_cat":[81,71],"product_tag":[],"class_list":{"0":"post-9997","1":"product","2":"type-product","3":"status-publish","4":"has-post-thumbnail","6":"product_cat-15-6-new-laptop-screens-lcd-panels","7":"product_cat-new-laptop-screens-lcd-panels","9":"first","10":"instock","11":"taxable","12":"shipping-taxable","13":"purchasable","14":"product-type-simple"},"_links":{"self":[{"href":"https:\/\/boreait.com\/hu\/wp-json\/wp\/v2\/product\/9997","targetHints":{"allow":["GET"]}}],"collection":[{"href":"https:\/\/boreait.com\/hu\/wp-json\/wp\/v2\/product"}],"about":[{"href":"https:\/\/boreait.com\/hu\/wp-json\/wp\/v2\/types\/product"}],"wp:featuredmedia":[{"embeddable":true,"href":"https:\/\/boreait.com\/hu\/wp-json\/wp\/v2\/media\/9974"}],"wp:attachment":[{"href":"https:\/\/boreait.com\/hu\/wp-json\/wp\/v2\/media?parent=9997"}],"wp:term":[{"taxonomy":"product_brand","embeddable":true,"href":"https:\/\/boreait.com\/hu\/wp-json\/wp\/v2\/product_brand?post=9997"},{"taxonomy":"product_cat","embeddable":true,"href":"https:\/\/boreait.com\/hu\/wp-json\/wp\/v2\/product_cat?post=9997"},{"taxonomy":"product_tag","embeddable":true,"href":"https:\/\/boreait.com\/hu\/wp-json\/wp\/v2\/product_tag?post=9997"}],"curies":[{"name":"wp","href":"https:\/\/api.w.org\/{rel}","templated":true}]}}