{"id":9996,"date":"2025-09-17T12:46:03","date_gmt":"2025-09-17T10:46:03","guid":{"rendered":"https:\/\/boreait.com\/hu\/?post_type=product&#038;p=9996"},"modified":"2025-09-17T12:46:11","modified_gmt":"2025-09-17T10:46:11","slug":"hp-compaq-15-ac106na-lcd-156-fhd-matt-edp-30-tus-tartokkal-uj","status":"publish","type":"product","link":"https:\/\/boreait.com\/hu\/termek\/hp-compaq-15-ac106na-lcd-156-fhd-matt-edp-30-tus-tartokkal-uj\/","title":{"rendered":"HP Compaq 15 AC106NA LCD 15,6&#8243; FHD matt eDP 30 t\u0171s tart\u00f3kkal \u00daj"},"content":{"rendered":"<p><strong><\/strong><\/p>\n<p>Fejlessze HP Compaq 15 AC106NA noteszg\u00e9p\u00e9t egy \u00faj, 15,6&#8243;-es LCD-k\u00e9perny\u0151vel, amelyet a megb\u00edzhat\u00f3 teljes\u00edtm\u00e9nyre \u00e9s tiszta k\u00e9pre v\u00e1gy\u00f3knak terveztek. Ez a k\u00e9perny\u0151 Full HD (1920&#215;1080) felbont\u00e1ssal b\u00fcszk\u00e9lkedhet, amely \u00e9les \u00e9s r\u00e9szletgazdag k\u00e9peket k\u00edn\u00e1l, amelyek jav\u00edtj\u00e1k az \u00e1ltal\u00e1nos megtekint\u00e9si \u00e9lm\u00e9nyt. A matt fel\u00fclet cs\u00f6kkenti a t\u00fckr\u00f6z\u0151d\u00e9st vagy a m\u00e9dia \u00e9lvezet\u00e9t k\u00fcl\u00f6nb\u00f6z\u0151 k\u00f6r\u00fclm\u00e9nyek k\u00f6z\u00f6tt.<\/p>\n<p>Ez a nem IPS k\u00e9perny\u0151 30 t\u0171s eDP-kapcsolatot haszn\u00e1l, amely stabil \u00e9s biztons\u00e1gos kapcsolatot biztos\u00edt az eszk\u00f6zzel. A fels\u0151 \u00e9s als\u00f3 konzolok be\u00e9p\u00edt\u00e9se egyszer\u0171v\u00e9 teszi a telep\u00edt\u00e9si folyamatot, lehet\u0151v\u00e9 t\u00e9ve a r\u00e9gi vagy s\u00e9r\u00fclt k\u00e9perny\u0151 gyors cser\u00e9j\u00e9t.<\/p>\n<p>Ez az LCD-k\u00e9perny\u0151 vadonat\u00faj \u00e1llapotban van, ami garant\u00e1lja, hogy hib\u00e1tlan term\u00e9ket kap, amely k\u00e9szen \u00e1ll a notebook megjelen\u00edt\u00e9si min\u0151s\u00e9g\u00e9nek jav\u00edt\u00e1s\u00e1ra.<\/p>\n","protected":false},"excerpt":{"rendered":"<p>B\u0151v\u00edtse HP Compaq 15 AC106NA noteszg\u00e9p\u00e9t egy 15,6 h\u00fcvelykes FHD matt LCD-k\u00e9perny\u0151vel. Az eDP 30 t\u0171s csatlakoz\u00e1ssal rendelkez\u0151, nem IPS-es k\u00e9perny\u0151 \u00e9les l\u00e1tv\u00e1nyt ny\u00fajt. Fels\u0151 \u00e9s als\u00f3 tart\u00f3kkal rendelkezik az egyszer\u0171 telep\u00edt\u00e9s \u00e9rdek\u00e9ben. \u00c1llapot: \u00daj.<\/p>\n","protected":false},"featured_media":9974,"template":"","meta":[],"product_brand":[],"product_cat":[81,71],"product_tag":[],"class_list":{"0":"post-9996","1":"product","2":"type-product","3":"status-publish","4":"has-post-thumbnail","6":"product_cat-15-6-new-laptop-screens-lcd-panels","7":"product_cat-new-laptop-screens-lcd-panels","9":"first","10":"instock","11":"taxable","12":"shipping-taxable","13":"purchasable","14":"product-type-simple"},"_links":{"self":[{"href":"https:\/\/boreait.com\/hu\/wp-json\/wp\/v2\/product\/9996","targetHints":{"allow":["GET"]}}],"collection":[{"href":"https:\/\/boreait.com\/hu\/wp-json\/wp\/v2\/product"}],"about":[{"href":"https:\/\/boreait.com\/hu\/wp-json\/wp\/v2\/types\/product"}],"wp:featuredmedia":[{"embeddable":true,"href":"https:\/\/boreait.com\/hu\/wp-json\/wp\/v2\/media\/9974"}],"wp:attachment":[{"href":"https:\/\/boreait.com\/hu\/wp-json\/wp\/v2\/media?parent=9996"}],"wp:term":[{"taxonomy":"product_brand","embeddable":true,"href":"https:\/\/boreait.com\/hu\/wp-json\/wp\/v2\/product_brand?post=9996"},{"taxonomy":"product_cat","embeddable":true,"href":"https:\/\/boreait.com\/hu\/wp-json\/wp\/v2\/product_cat?post=9996"},{"taxonomy":"product_tag","embeddable":true,"href":"https:\/\/boreait.com\/hu\/wp-json\/wp\/v2\/product_tag?post=9996"}],"curies":[{"name":"wp","href":"https:\/\/api.w.org\/{rel}","templated":true}]}}