{"id":9995,"date":"2025-09-17T12:46:03","date_gmt":"2025-09-17T10:46:03","guid":{"rendered":"https:\/\/boreait.com\/hu\/?post_type=product&#038;p=9995"},"modified":"2025-09-17T12:46:11","modified_gmt":"2025-09-17T10:46:11","slug":"lenovo-ideapad-100-15iby-lcd-156-fhd-matt-edp-30-tus-tartokkal-uj","status":"publish","type":"product","link":"https:\/\/boreait.com\/hu\/termek\/lenovo-ideapad-100-15iby-lcd-156-fhd-matt-edp-30-tus-tartokkal-uj\/","title":{"rendered":"Lenovo IdeaPad 100 15IBY LCD 15,6&#8243; FHD matt eDP 30 t\u0171s tart\u00f3kkal \u00daj"},"content":{"rendered":"<p><strong><\/strong><\/p>\n<p>Fokozza Lenovo IdeaPad 100 15IBY laptopj\u00e1t ezzel a 15,6&#8243;-os LCD-k\u00e9perny\u0151vel, amelyet tiszta \u00e9s \u00e9l\u00e9nk k\u00e9p megjelen\u00edt\u00e9s\u00e9re terveztek. A Full HD (1920&#215;1080) felbont\u00e1s \u00e9les \u00e9s r\u00e9szletgazdag k\u00e9peket biztos\u00edt, \u00edgy munk\u00e1hoz \u00e9s sz\u00f3rakoz\u00e1shoz egyar\u00e1nt t\u00f6k\u00e9letes. A matt fel\u00fclet cs\u00f6kkenti a t\u00fckr\u00f6z\u0151d\u00e9st, k\u00e9nyelmes megtekint\u00e9si \u00e9lm\u00e9nyt biztos\u00edtva m\u00e9g vil\u00e1gos k\u00f6rnyezetben is.<\/p>\n<p>Ez a k\u00e9perny\u0151 fels\u0151 \u00e9s als\u00f3 konzolokkal van felszerelve az egyszer\u0171 telep\u00edt\u00e9s \u00e9rdek\u00e9ben, ami biztos\u00edtja a biztons\u00e1gos illeszked\u00e9st. Az eDP 30 t\u0171s csatlakoz\u00e1s stabil \u00e9s megb\u00edzhat\u00f3 interf\u00e9szt k\u00edn\u00e1l a k\u00e9sz\u00fcl\u00e9kkel. Noha ez egy nem IPS k\u00e9perny\u0151, tov\u00e1bbra is megb\u00edzhat\u00f3 teljes\u00edtm\u00e9nyt ny\u00fajt a napi feladatokhoz.<\/p>\n<p>Ez a csere LCD k\u00e9perny\u0151 vadonat\u00faj \u00e1llapotban van, \u00edgy kiv\u00e1l\u00f3 min\u0151s\u00e9g\u0171, hib\u00e1tlan term\u00e9ket kap.<\/p>\n","protected":false},"excerpt":{"rendered":"<p>Friss\u00edtse Lenovo IdeaPad 100 15IBY k\u00e9sz\u00fcl\u00e9k\u00e9t egy \u00faj, 15,6 h\u00fcvelykes FHD LCD-k\u00e9perny\u0151vel. Ez a matt kijelz\u0151, amely eDP 30 t\u0171s csatlakoz\u00e1ssal, valamint fels\u0151 \u00e9s als\u00f3 tart\u00f3konzollal rendelkezik, \u00e9les l\u00e1tv\u00e1nyt ny\u00fajt. \u00c1llapot: \u00daj.<\/p>\n","protected":false},"featured_media":9974,"template":"","meta":[],"product_brand":[],"product_cat":[81,71],"product_tag":[26],"class_list":{"0":"post-9995","1":"product","2":"type-product","3":"status-publish","4":"has-post-thumbnail","6":"product_cat-15-6-new-laptop-screens-lcd-panels","7":"product_cat-new-laptop-screens-lcd-panels","8":"product_tag-lenovo","10":"first","11":"instock","12":"taxable","13":"shipping-taxable","14":"purchasable","15":"product-type-simple"},"_links":{"self":[{"href":"https:\/\/boreait.com\/hu\/wp-json\/wp\/v2\/product\/9995","targetHints":{"allow":["GET"]}}],"collection":[{"href":"https:\/\/boreait.com\/hu\/wp-json\/wp\/v2\/product"}],"about":[{"href":"https:\/\/boreait.com\/hu\/wp-json\/wp\/v2\/types\/product"}],"wp:featuredmedia":[{"embeddable":true,"href":"https:\/\/boreait.com\/hu\/wp-json\/wp\/v2\/media\/9974"}],"wp:attachment":[{"href":"https:\/\/boreait.com\/hu\/wp-json\/wp\/v2\/media?parent=9995"}],"wp:term":[{"taxonomy":"product_brand","embeddable":true,"href":"https:\/\/boreait.com\/hu\/wp-json\/wp\/v2\/product_brand?post=9995"},{"taxonomy":"product_cat","embeddable":true,"href":"https:\/\/boreait.com\/hu\/wp-json\/wp\/v2\/product_cat?post=9995"},{"taxonomy":"product_tag","embeddable":true,"href":"https:\/\/boreait.com\/hu\/wp-json\/wp\/v2\/product_tag?post=9995"}],"curies":[{"name":"wp","href":"https:\/\/api.w.org\/{rel}","templated":true}]}}