{"id":9994,"date":"2025-09-17T12:46:03","date_gmt":"2025-09-17T10:46:03","guid":{"rendered":"https:\/\/boreait.com\/hu\/?post_type=product&#038;p=9994"},"modified":"2025-09-17T12:46:11","modified_gmt":"2025-09-17T10:46:11","slug":"dell-inspiron-15-3000-series-156-fhd-matt-lcd-kepernyo-tartokkal-uj","status":"publish","type":"product","link":"https:\/\/boreait.com\/hu\/termek\/dell-inspiron-15-3000-series-156-fhd-matt-lcd-kepernyo-tartokkal-uj\/","title":{"rendered":"DELL Inspiron 15 3000 Series 15,6&#8243; FHD matt LCD k\u00e9perny\u0151 tart\u00f3kkal \u00daj"},"content":{"rendered":"<p><strong><\/strong><\/p>\n<p>Fokozza Dell Inspiron 15 3000-es sorozat\u00fa laptopj\u00e1t ezzel a kiv\u00e1l\u00f3 min\u0151s\u00e9g\u0171 15,6 h\u00fcvelykes LCD-k\u00e9perny\u0151vel, amelyet kifejezetten a 3543, 3552, I3552-5240BLK \u00e9s I3552-9240BLK modellekhez terveztek. Full HD (1920&#215;1080 k\u00e9ppontos) felbont\u00e1st \u00e9s \u00e9les megjelen\u00edt\u00e9st biztos\u00edt.<\/p>\n<p>A matt fel\u00fclet cs\u00f6kkenti a t\u00fckr\u00f6z\u0151d\u00e9st, \u00edgy m\u00e9g vil\u00e1gos k\u00f6rnyezetben is k\u00e9nyelmes megtekint\u00e9si \u00e9lm\u00e9nyt biztos\u00edt. Az eDP 30 t\u0171s csatlakoz\u00e1ssal ez a k\u00e9perny\u0151 megb\u00edzhat\u00f3 \u00e9s z\u00f6kken\u0151mentes csatlakoz\u00e1st garant\u00e1l eszk\u00f6z\u00e9hez. B\u00e1r nem IPS kijelz\u0151r\u0151l van sz\u00f3, m\u00e9gis kiv\u00e1l\u00f3 sz\u00ednpontoss\u00e1got \u00e9s f\u00e9nyer\u0151t biztos\u00edt.<\/p>\n<p>Ez a cserek\u00e9perny\u0151 fels\u0151 \u00e9s als\u00f3 konzolokat tartalmaz, \u00edgy a telep\u00edt\u00e9s egyszer\u0171 \u00e9s biztons\u00e1gos. Ide\u00e1lis a s\u00e9r\u00fclt vagy elavult k\u00e9perny\u0151 cser\u00e9j\u00e9hez, ez az \u00faj LCD-k\u00e9perny\u0151 vissza\u00e1ll\u00edtja laptopja megjelen\u00edt\u00e9si min\u0151s\u00e9g\u00e9t eredeti f\u00e9ny\u00e9be.<\/p>\n","protected":false},"excerpt":{"rendered":"<p>Friss\u00edtse Dell Inspiron 15 3000 Series k\u00e9sz\u00fcl\u00e9k\u00e9t egy 15,6 h\u00fcvelykes FHD matt LCD-k\u00e9perny\u0151vel. Kompatibilis a 3543, 3552, I3552-5240BLK \u00e9s I3552-9240BLK modellekkel. eDP 30 t\u0171s csatlakoz\u00e1ssal, nem IPS technol\u00f3gi\u00e1val \u00e9s \u00faj csatlakoz\u00f3kkal.<\/p>\n","protected":false},"featured_media":9974,"template":"","meta":[],"product_brand":[],"product_cat":[81,71],"product_tag":[],"class_list":{"0":"post-9994","1":"product","2":"type-product","3":"status-publish","4":"has-post-thumbnail","6":"product_cat-15-6-new-laptop-screens-lcd-panels","7":"product_cat-new-laptop-screens-lcd-panels","9":"first","10":"instock","11":"taxable","12":"shipping-taxable","13":"purchasable","14":"product-type-simple"},"_links":{"self":[{"href":"https:\/\/boreait.com\/hu\/wp-json\/wp\/v2\/product\/9994","targetHints":{"allow":["GET"]}}],"collection":[{"href":"https:\/\/boreait.com\/hu\/wp-json\/wp\/v2\/product"}],"about":[{"href":"https:\/\/boreait.com\/hu\/wp-json\/wp\/v2\/types\/product"}],"wp:featuredmedia":[{"embeddable":true,"href":"https:\/\/boreait.com\/hu\/wp-json\/wp\/v2\/media\/9974"}],"wp:attachment":[{"href":"https:\/\/boreait.com\/hu\/wp-json\/wp\/v2\/media?parent=9994"}],"wp:term":[{"taxonomy":"product_brand","embeddable":true,"href":"https:\/\/boreait.com\/hu\/wp-json\/wp\/v2\/product_brand?post=9994"},{"taxonomy":"product_cat","embeddable":true,"href":"https:\/\/boreait.com\/hu\/wp-json\/wp\/v2\/product_cat?post=9994"},{"taxonomy":"product_tag","embeddable":true,"href":"https:\/\/boreait.com\/hu\/wp-json\/wp\/v2\/product_tag?post=9994"}],"curies":[{"name":"wp","href":"https:\/\/api.w.org\/{rel}","templated":true}]}}