{"id":9991,"date":"2025-09-17T12:46:02","date_gmt":"2025-09-17T10:46:02","guid":{"rendered":"https:\/\/boreait.com\/hu\/?post_type=product&#038;p=9991"},"modified":"2025-09-17T12:46:10","modified_gmt":"2025-09-17T10:46:10","slug":"lp156whbtpd1-lcd-156-fhd-matt-30-tus-edp-tartokkal-uj","status":"publish","type":"product","link":"https:\/\/boreait.com\/hu\/termek\/lp156whbtpd1-lcd-156-fhd-matt-30-tus-edp-tartokkal-uj\/","title":{"rendered":"LP156WHB(TP)(D1) LCD 15,6&#8243; FHD matt 30 t\u0171s eDP tart\u00f3kkal \u00daj"},"content":{"rendered":"<p><strong><\/strong><\/p>\n<p>Fokozza laptopja kijelz\u0151j\u00e9t az LP156WHB(TP)(D1) 15,6 h\u00fcvelykes LCD-k\u00e9perny\u0151vel, amelyet azok sz\u00e1m\u00e1ra terveztek, akik egyens\u00falyt keresnek a teljes\u00edtm\u00e9ny \u00e9s a tisztas\u00e1g k\u00f6z\u00f6tt. A Full HD (1920&#215;1080) felbont\u00e1snak k\u00f6sz\u00f6nhet\u0151en ez a k\u00e9perny\u0151 \u00e9les, r\u00e9szletgazdag k\u00e9peket biztos\u00edt, \u00edgy ide\u00e1lis k\u00fcl\u00f6nf\u00e9le feladatokhoz a munk\u00e1t\u00f3l a sz\u00f3rakoz\u00e1sig.<\/p>\n<p>A matt fel\u00fclet seg\u00edt cs\u00f6kkenteni a t\u00fckr\u00f6z\u0151d\u00e9st, \u00edgy k\u00e9nyelmes megtekint\u00e9st biztos\u00edt k\u00fcl\u00f6nb\u00f6z\u0151 f\u00e9nyviszonyok k\u00f6z\u00f6tt. Ez a k\u00e9perny\u0151 30 t\u0171s eDP-csatlakoz\u00e1ssal rendelkezik a megb\u00edzhat\u00f3 teljes\u00edtm\u00e9ny \u00e9rdek\u00e9ben, \u00e9s sok m\u00e1s k\u00e9perny\u0151t\u0151l elt\u00e9r\u0151en fels\u0151 \u00e9s als\u00f3 konzolt is tartalmaz, ami leegyszer\u0171s\u00edti a telep\u00edt\u00e9si folyamatot.<\/p>\n<p>K\u00e9rj\u00fck, vegye figyelembe, hogy ez a k\u00e9perny\u0151 nem IPS, \u00edgy k\u00f6lts\u00e9ghat\u00e9konyabb, mik\u00f6zben kiv\u00e1l\u00f3 k\u00e9pmin\u0151s\u00e9get biztos\u00edt. A term\u00e9k teljesen \u00faj \u00e1llapotban van, \u00edgy kiv\u00e1l\u00f3 min\u0151s\u00e9g\u0171 cserek\u00e9perny\u0151t kap, amely k\u00e9szen \u00e1ll a k\u00e9sz\u00fcl\u00e9k fejleszt\u00e9s\u00e9re.<\/p>\n","protected":false},"excerpt":{"rendered":"<p>B\u0151v\u00edtse laptopj\u00e1t az LP156WHB(TP)(D1) 15,6 h\u00fcvelykes LCD-k\u00e9perny\u0151vel. Ez a matt FHD-kijelz\u0151 30 t\u0171s eDP-csatlakoz\u00f3val \u00e9s a mell\u00e9kelt fels\u0151 \u00e9s als\u00f3 tart\u00f3konzollal \u00e9les k\u00e9pet \u00e9s egyszer\u0171 telep\u00edt\u00e9st biztos\u00edt. \u00c1llapot: \u00daj.<\/p>\n","protected":false},"featured_media":9974,"template":"","meta":[],"product_brand":[],"product_cat":[81,71],"product_tag":[],"class_list":{"0":"post-9991","1":"product","2":"type-product","3":"status-publish","4":"has-post-thumbnail","6":"product_cat-15-6-new-laptop-screens-lcd-panels","7":"product_cat-new-laptop-screens-lcd-panels","9":"first","10":"instock","11":"taxable","12":"shipping-taxable","13":"purchasable","14":"product-type-simple"},"_links":{"self":[{"href":"https:\/\/boreait.com\/hu\/wp-json\/wp\/v2\/product\/9991","targetHints":{"allow":["GET"]}}],"collection":[{"href":"https:\/\/boreait.com\/hu\/wp-json\/wp\/v2\/product"}],"about":[{"href":"https:\/\/boreait.com\/hu\/wp-json\/wp\/v2\/types\/product"}],"wp:featuredmedia":[{"embeddable":true,"href":"https:\/\/boreait.com\/hu\/wp-json\/wp\/v2\/media\/9974"}],"wp:attachment":[{"href":"https:\/\/boreait.com\/hu\/wp-json\/wp\/v2\/media?parent=9991"}],"wp:term":[{"taxonomy":"product_brand","embeddable":true,"href":"https:\/\/boreait.com\/hu\/wp-json\/wp\/v2\/product_brand?post=9991"},{"taxonomy":"product_cat","embeddable":true,"href":"https:\/\/boreait.com\/hu\/wp-json\/wp\/v2\/product_cat?post=9991"},{"taxonomy":"product_tag","embeddable":true,"href":"https:\/\/boreait.com\/hu\/wp-json\/wp\/v2\/product_tag?post=9991"}],"curies":[{"name":"wp","href":"https:\/\/api.w.org\/{rel}","templated":true}]}}