{"id":9990,"date":"2025-09-17T12:46:02","date_gmt":"2025-09-17T10:46:02","guid":{"rendered":"https:\/\/boreait.com\/hu\/?post_type=product&#038;p=9990"},"modified":"2025-09-17T12:46:10","modified_gmt":"2025-09-17T10:46:10","slug":"lenovo-ideapad-305-15ihw-156-fhd-lcd-kepernyo-matt-edp-30-tus-tartokkal-uj","status":"publish","type":"product","link":"https:\/\/boreait.com\/hu\/termek\/lenovo-ideapad-305-15ihw-156-fhd-lcd-kepernyo-matt-edp-30-tus-tartokkal-uj\/","title":{"rendered":"Lenovo Ideapad 305-15IHW 15,6&#8243; FHD LCD k\u00e9perny\u0151 matt eDP 30 t\u0171s tart\u00f3kkal \u00daj"},"content":{"rendered":"<p><strong><\/strong><\/p>\n<p>Folytasd tov\u00e1bb Lenovo Ideapad 305-15IHW (80NH0002UK modell) ezzel a 15,6 h\u00fcvelykes Full HD LCD-k\u00e9perny\u0151vel. A tisztas\u00e1gra \u00e9s tart\u00f3ss\u00e1gra tervezett k\u00e9perny\u0151 matt fel\u00fclettel rendelkezik, amely cs\u00f6kkenti a t\u00fckr\u00f6z\u0151d\u00e9st, k\u00e9nyelmes megtekint\u00e9st biztos\u00edtva k\u00fcl\u00f6nf\u00e9le megvil\u00e1g\u00edt\u00e1si k\u00f6r\u00fclm\u00e9nyek k\u00f6z\u00f6tt. B\u00e1r nem IPS, m\u00e9g mindig \u00e9les \u00e9s \u00e9l\u00e9nk k\u00e9peket k\u00e9sz\u00edt, napi felbont\u00e1sban19. \u00e9lvezetesebb a sz\u00f3rakoz\u00e1s.<\/p>\n<p>A 30 t\u0171s eDP csatlakoz\u00f3 stabil \u00e9s megb\u00edzhat\u00f3 kapcsolatot biztos\u00edt laptopj\u00e1val, a mell\u00e9kelt fels\u0151 \u00e9s als\u00f3 tart\u00f3konzol pedig egyszer\u0171v\u00e9 \u00e9s biztons\u00e1goss\u00e1 teszi a telep\u00edt\u00e9st. Ez a k\u00e9perny\u0151 ide\u00e1lis csere, ha a jelenlegi kijelz\u0151je megs\u00e9r\u00fclt, vagy ha Full HD felbont\u00e1sra szeretne friss\u00edteni.<\/p>\n<p>K\u00e9rj\u00fck, vegye figyelembe, hogy a k\u00e9perny\u0151 \u00fajszer\u0171 \u00e1llapotban van, ami optim\u00e1lis teljes\u00edtm\u00e9nyt \u00e9s hossz\u00fa \u00e9lettartamot garant\u00e1l eszk\u00f6z\u00e9nek.<\/p>\n","protected":false},"excerpt":{"rendered":"<p>Friss\u00edtse Lenovo Ideapad 305-15IHW-j\u00e9t ezzel a 15,6 h\u00fcvelykes FHD LCD-k\u00e9perny\u0151vel. A matt fel\u00fclettel, 30 t\u0171s eDP-csatlakoz\u00f3val, valamint a fels\u0151 \u00e9s als\u00f3 tart\u00f3konzollal ez a nem IPS-k\u00e9perny\u0151 tiszta l\u00e1tv\u00e1nyt ny\u00fajt vadonat\u00faj \u00e1llapotban.<\/p>\n","protected":false},"featured_media":9974,"template":"","meta":[],"product_brand":[],"product_cat":[81,71],"product_tag":[26],"class_list":{"0":"post-9990","1":"product","2":"type-product","3":"status-publish","4":"has-post-thumbnail","6":"product_cat-15-6-new-laptop-screens-lcd-panels","7":"product_cat-new-laptop-screens-lcd-panels","8":"product_tag-lenovo","10":"first","11":"instock","12":"taxable","13":"shipping-taxable","14":"purchasable","15":"product-type-simple"},"_links":{"self":[{"href":"https:\/\/boreait.com\/hu\/wp-json\/wp\/v2\/product\/9990","targetHints":{"allow":["GET"]}}],"collection":[{"href":"https:\/\/boreait.com\/hu\/wp-json\/wp\/v2\/product"}],"about":[{"href":"https:\/\/boreait.com\/hu\/wp-json\/wp\/v2\/types\/product"}],"wp:featuredmedia":[{"embeddable":true,"href":"https:\/\/boreait.com\/hu\/wp-json\/wp\/v2\/media\/9974"}],"wp:attachment":[{"href":"https:\/\/boreait.com\/hu\/wp-json\/wp\/v2\/media?parent=9990"}],"wp:term":[{"taxonomy":"product_brand","embeddable":true,"href":"https:\/\/boreait.com\/hu\/wp-json\/wp\/v2\/product_brand?post=9990"},{"taxonomy":"product_cat","embeddable":true,"href":"https:\/\/boreait.com\/hu\/wp-json\/wp\/v2\/product_cat?post=9990"},{"taxonomy":"product_tag","embeddable":true,"href":"https:\/\/boreait.com\/hu\/wp-json\/wp\/v2\/product_tag?post=9990"}],"curies":[{"name":"wp","href":"https:\/\/api.w.org\/{rel}","templated":true}]}}