{"id":999,"date":"2025-09-17T09:52:26","date_gmt":"2025-09-17T07:52:26","guid":{"rendered":"https:\/\/boreait.com\/hu\/?post_type=product&#038;p=999"},"modified":"2025-09-17T09:53:49","modified_gmt":"2025-09-17T07:53:49","slug":"hp-pavilion-m6-1040eo-sata-dvd-rw-meghajto-elolappal-ts-u633-686916-001","status":"publish","type":"product","link":"https:\/\/boreait.com\/hu\/termek\/hp-pavilion-m6-1040eo-sata-dvd-rw-meghajto-elolappal-ts-u633-686916-001\/","title":{"rendered":"HP Pavilion M6-1040eo SATA DVD RW meghajt\u00f3 el\u0151lappal TS-U633 686916-001"},"content":{"rendered":"<p>B\u0151v\u00edtse HP Pavilion M6-1040eo laptopja k\u00e9pess\u00e9geit az eredeti HP Pavilion M6-1040eo SATA DVD RW meghajt\u00f3val TS-U633 el\u0151lappal. Ezt a kiv\u00e1l\u00f3 min\u0151s\u00e9g\u0171 optikai meghajt\u00f3t kifejezetten a HP Pavilion M6-1040eo modellhez tervezt\u00e9k, z\u00f6kken\u0151mentes kompatibilit\u00e1st \u00e9s megb\u00edzhat\u00f3 teljes\u00edtm\u00e9nyt biztos\u00edtva.<\/p>\n<p>A HP Pavilion M6-1040eo SATA DVD RW meghajt\u00f3 TS-U633 el\u0151lappal lehet\u0151v\u00e9 teszi k\u00fcl\u00f6nb\u00f6z\u0151 t\u00edpus\u00fa CD-k \u00e9s DVD-k olvas\u00e1s\u00e1t \u00e9s \u00edr\u00e1s\u00e1t, \u00edgy sokoldal\u00fa adatt\u00e1rol\u00e1si \u00e9s m\u00e9dialej\u00e1tsz\u00e1si lehet\u0151s\u00e9geket k\u00edn\u00e1l. Ezzel a megb\u00edzhat\u00f3 DVD-meghajt\u00f3val k\u00e9sz\u00edtsen biztons\u00e1gi m\u00e1solatot a fontos dokumentumokr\u00f3l, \u00edrja ki kedvenc zen\u00e9it CD-re, vagy n\u00e9zzen filmeket \u00fatk\u00f6zben.<\/p>\n<p>Nagy sebess\u00e9g\u0171 adat\u00e1tviteli sebess\u00e9g\u00e9vel \u00e9s hat\u00e9kony m\u0171k\u00f6d\u00e9s\u00e9vel ez a DVD-meghajt\u00f3 egyenletes \u00e9s megb\u00edzhat\u00f3 teljes\u00edtm\u00e9nyt biztos\u00edt. Ak\u00e1r nagy f\u00e1jlokat m\u00e1sol, ak\u00e1r lemezeket \u00edr, ak\u00e1r nagy felbont\u00e1s\u00fa vide\u00f3kat n\u00e9z, a HP Pavilion M6-1040eo SATA DVD RW meghajt\u00f3 TS-U633 el\u0151lappal kiv\u00e1l\u00f3 eredm\u00e9nyeket biztos\u00edt.<\/p>\n<p>A DVD-meghajt\u00f3 beszerel\u00e9se egyszer\u0171, mivel a sz\u00fcks\u00e9ges el\u0151lappal egy\u00fctt z\u00f6kken\u0151mentesen illeszkedik HP Pavilion M6-1040eo laptopj\u00e1hoz. Egyszer\u0171en cser\u00e9lje ki megl\u00e9v\u0151 DVD-meghajt\u00f3j\u00e1t erre az eredeti HP cserealkatr\u00e9szre, \u00e9s minden tov\u00e1bbi be\u00e1ll\u00edt\u00e1s n\u00e9lk\u00fcl azonnal haszn\u00e1lhatja.<\/p>\n<p>A HP Pavilion M6-1040eo SATA DVD RW meghajt\u00f3 TS-U633 el\u0151lappal a tart\u00f3ss\u00e1got szem el\u0151tt tartva k\u00e9sz\u00fclt, \u00edgy hossz\u00fa ideig j\u00f3l fog szolg\u00e1lni. T\u00e1lcabet\u00f6lt\u0151 mechanizmusa lehet\u0151v\u00e9 teszi a lemezek egyszer\u0171 behelyez\u00e9s\u00e9t \u00e9s elt\u00e1vol\u00edt\u00e1s\u00e1t, \u00edgy probl\u00e9mamentes m\u0171k\u00f6d\u00e9st biztos\u00edt.<\/p>\n<p>Fokozza HP Pavilion M6-1040eo laptopja funkcionalit\u00e1s\u00e1t ezzel az eredeti HP SATA DVD RW meghajt\u00f3val. \u00c9lvezze a CD-n \u00e9s DVD-n l\u00e9v\u0151 adatok egyszer\u0171 el\u00e9r\u00e9s\u00e9nek, l\u00e9trehoz\u00e1s\u00e1nak \u00e9s kezel\u00e9s\u00e9nek k\u00e9nyelm\u00e9t. Ak\u00e1r szoftvert kell telep\u00edteni, ak\u00e1r DVD-ket n\u00e9zni, ak\u00e1r fontos f\u00e1jlokr\u00f3l biztons\u00e1gi m\u00e1solatot k\u00e9sz\u00edteni, a HP Pavilion M6-1040eo SATA DVD RW meghajt\u00f3 TS-U633 el\u0151lappal megb\u00edzhat\u00f3 \u00e9s n\u00e9lk\u00fcl\u00f6zhetetlen alkatr\u00e9sze laptopj\u00e1nak.<\/p>\n","protected":false},"excerpt":{"rendered":"<p>A HP Pavilion M6-1040eo SATA DVD RW meghajt\u00f3 TS-U633 el\u0151lappal egy eredeti HP csere DVD-meghajt\u00f3 a HP Pavilion M6-1040eo laptophoz. Lehet\u0151v\u00e9 teszi k\u00fcl\u00f6nb\u00f6z\u0151 t\u00edpus\u00fa CD-k \u00e9s DVD-k olvas\u00e1s\u00e1t \u00e9s \u00edr\u00e1s\u00e1t, \u00edgy ide\u00e1lis adatment\u00e9shez, szoftvertelep\u00edt\u00e9shez \u00e9s m\u00e9dialej\u00e1tsz\u00e1shoz.<\/p>\n","protected":false},"featured_media":1067,"template":"","meta":[],"product_brand":[],"product_cat":[27],"product_tag":[25],"class_list":{"0":"post-999","1":"product","2":"type-product","3":"status-publish","4":"has-post-thumbnail","6":"product_cat-motherboards-board-parts","7":"product_tag-hp","9":"first","10":"instock","11":"taxable","12":"shipping-taxable","13":"purchasable","14":"product-type-simple"},"_links":{"self":[{"href":"https:\/\/boreait.com\/hu\/wp-json\/wp\/v2\/product\/999","targetHints":{"allow":["GET"]}}],"collection":[{"href":"https:\/\/boreait.com\/hu\/wp-json\/wp\/v2\/product"}],"about":[{"href":"https:\/\/boreait.com\/hu\/wp-json\/wp\/v2\/types\/product"}],"wp:featuredmedia":[{"embeddable":true,"href":"https:\/\/boreait.com\/hu\/wp-json\/wp\/v2\/media\/1067"}],"wp:attachment":[{"href":"https:\/\/boreait.com\/hu\/wp-json\/wp\/v2\/media?parent=999"}],"wp:term":[{"taxonomy":"product_brand","embeddable":true,"href":"https:\/\/boreait.com\/hu\/wp-json\/wp\/v2\/product_brand?post=999"},{"taxonomy":"product_cat","embeddable":true,"href":"https:\/\/boreait.com\/hu\/wp-json\/wp\/v2\/product_cat?post=999"},{"taxonomy":"product_tag","embeddable":true,"href":"https:\/\/boreait.com\/hu\/wp-json\/wp\/v2\/product_tag?post=999"}],"curies":[{"name":"wp","href":"https:\/\/api.w.org\/{rel}","templated":true}]}}