{"id":9989,"date":"2025-09-17T12:46:01","date_gmt":"2025-09-17T10:46:01","guid":{"rendered":"https:\/\/boreait.com\/hu\/?post_type=product&#038;p=9989"},"modified":"2025-09-17T12:46:09","modified_gmt":"2025-09-17T10:46:09","slug":"hp-250-g4-lcd-kepernyo-156-fhd-matt-30-tus-edp-tartokkal-uj","status":"publish","type":"product","link":"https:\/\/boreait.com\/hu\/termek\/hp-250-g4-lcd-kepernyo-156-fhd-matt-30-tus-edp-tartokkal-uj\/","title":{"rendered":"HP 250 G4 LCD k\u00e9perny\u0151 15,6&#8243; FHD matt 30 t\u0171s eDP tart\u00f3kkal \u00daj"},"content":{"rendered":"<p><strong><\/strong><\/p>\n<p>Revitaliz\u00e1lja HP \u200b\u200b250 G4 laptopj\u00e1t egy vadonat\u00faj 15,6&#8243;-es LCD-k\u00e9perny\u0151vel, amelyet \u00fagy terveztek, hogy fokozza a megtekint\u00e9si \u00e9lm\u00e9nyt Full HD felbont\u00e1ssal (1920&#215;1080). Ez a k\u00e9perny\u0151 matt fel\u00fclettel van felszerelve, amely minim\u00e1lisra cs\u00f6kkenti a t\u00fckr\u00f6z\u0151d\u00e9st \u00e9s a t\u00fckr\u00f6z\u0151d\u00e9st, k\u00e9nyelmes megtekint\u00e9st biztos\u00edtva k\u00fcl\u00f6nf\u00e9le f\u00e9nyviszonyok k\u00f6z\u00f6tt. B\u00e1r nem rendelkezik IPS technol\u00f3gi\u00e1val, m\u00e9gis megfelel\u0151 vizu\u00e1lis feladatokat biztos\u00edt a napi feladatokhoz.<\/p>\n<p>A k\u00e9perny\u0151 fels\u0151 \u00e9s als\u00f3 konzollal is rendelkezik, \u00edgy biztos\u00edtva a biztons\u00e1gos \u00e9s stabil telep\u00edt\u00e9st az eszk\u00f6z\u00f6n. A 30 t\u0171s eDP csatlakoz\u00f3 megb\u00edzhat\u00f3 csatlakoz\u00e1st garant\u00e1l, \u00edgy ide\u00e1lis csere a s\u00e9r\u00fclt vagy hib\u00e1s k\u00e9perny\u0151h\u00f6z. Ak\u00e1r az interneten b\u00f6ng\u00e9szik, ak\u00e1r dokumentumokon dolgozik, ak\u00e1r vide\u00f3kat streamel, ez az LCD-k\u00e9perny\u0151 megfelel mindennapi ig\u00e9nyeinek.<\/p>\n<p>K\u00e9rj\u00fck, vegye figyelembe, hogy ez a k\u00e9perny\u0151 teljesen \u00faj \u00e1llapotban van, \u00edgy biztos\u00edtva, hogy hibamentesen \u00e9s telep\u00edt\u00e9sre k\u00e9szen \u00e9rkezik.<\/p>\n","protected":false},"excerpt":{"rendered":"<p>Friss\u00edtse HP 250 G4 laptopj\u00e1t ezzel a 15,6 h\u00fcvelykes FHD matt LCD-k\u00e9perny\u0151vel. 30 t\u0171s eDP-csatlakoz\u00f3val, fels\u0151 \u00e9s als\u00f3 konzollal, valamint nem IPS technol\u00f3gi\u00e1val, \u00e9les k\u00e9pet \u00e9s cs\u00f6kkentett t\u00fckr\u00f6z\u0151d\u00e9st k\u00edn\u00e1l. \u00c1llapot: \u00daj.<\/p>\n","protected":false},"featured_media":9974,"template":"","meta":[],"product_brand":[],"product_cat":[81,71],"product_tag":[],"class_list":{"0":"post-9989","1":"product","2":"type-product","3":"status-publish","4":"has-post-thumbnail","6":"product_cat-15-6-new-laptop-screens-lcd-panels","7":"product_cat-new-laptop-screens-lcd-panels","9":"first","10":"instock","11":"taxable","12":"shipping-taxable","13":"purchasable","14":"product-type-simple"},"_links":{"self":[{"href":"https:\/\/boreait.com\/hu\/wp-json\/wp\/v2\/product\/9989","targetHints":{"allow":["GET"]}}],"collection":[{"href":"https:\/\/boreait.com\/hu\/wp-json\/wp\/v2\/product"}],"about":[{"href":"https:\/\/boreait.com\/hu\/wp-json\/wp\/v2\/types\/product"}],"wp:featuredmedia":[{"embeddable":true,"href":"https:\/\/boreait.com\/hu\/wp-json\/wp\/v2\/media\/9974"}],"wp:attachment":[{"href":"https:\/\/boreait.com\/hu\/wp-json\/wp\/v2\/media?parent=9989"}],"wp:term":[{"taxonomy":"product_brand","embeddable":true,"href":"https:\/\/boreait.com\/hu\/wp-json\/wp\/v2\/product_brand?post=9989"},{"taxonomy":"product_cat","embeddable":true,"href":"https:\/\/boreait.com\/hu\/wp-json\/wp\/v2\/product_cat?post=9989"},{"taxonomy":"product_tag","embeddable":true,"href":"https:\/\/boreait.com\/hu\/wp-json\/wp\/v2\/product_tag?post=9989"}],"curies":[{"name":"wp","href":"https:\/\/api.w.org\/{rel}","templated":true}]}}