{"id":9987,"date":"2025-09-17T12:46:01","date_gmt":"2025-09-17T10:46:01","guid":{"rendered":"https:\/\/boreait.com\/hu\/?post_type=product&#038;p=9987"},"modified":"2025-09-17T12:46:09","modified_gmt":"2025-09-17T10:46:09","slug":"acer-aspire-3-a315-21-9188-156-fhd-matt-lcd-tartokkal-30-tus-uj","status":"publish","type":"product","link":"https:\/\/boreait.com\/hu\/termek\/acer-aspire-3-a315-21-9188-156-fhd-matt-lcd-tartokkal-30-tus-uj\/","title":{"rendered":"Acer Aspire 3 A315-21-9188 15,6&#8243; FHD matt LCD tart\u00f3kkal 30 t\u0171s \u00daj"},"content":{"rendered":"<p><strong><\/strong><\/p>\n<p>N\u00f6velje Acer Aspire 3 A315-21-9188 laptopja megjelen\u00edt\u00e9si min\u0151s\u00e9g\u00e9t ezzel a kiv\u00e1l\u00f3 min\u0151s\u00e9g\u0171 15,6 h\u00fcvelykes LCD-k\u00e9perny\u0151vel. \u00c9les \u00e9s tiszta k\u00e9p megjelen\u00edt\u00e9s\u00e9re tervezett k\u00e9perny\u0151 Full HD (1920&#215;1080) felbont\u00e1ssal rendelkezik, amely t\u00f6k\u00e9letes a tartalmak \u00e9l\u00e9nk r\u00e9szletgazdags\u00e1g\u00e1nak \u00e9lvezet\u00e9hez. A matt fel\u00fclet ide\u00e1liss\u00e1 teszi a belt\u00e9ri haszn\u00e1lathoz vagy a vak\u00edt\u00f3 hat\u00e1st. szabadban.<\/p>\n<p>Ez a k\u00e9perny\u0151 30 t\u0171s eDP-csatlakoz\u00f3val van felszerelve, amely biztons\u00e1gos \u00e9s stabil kapcsolatot biztos\u00edt az eszk\u00f6zzel. Az IPS-k\u00e9perny\u0151kkel ellent\u00e9tben ez a nem-IPS-kijelz\u0151 kiv\u00e1l\u00f3 tisztas\u00e1got biztos\u00edt a f\u00e9nyer\u0151 vagy a sz\u00ednpontoss\u00e1g vesz\u00e9lyeztet\u00e9se n\u00e9lk\u00fcl. A mell\u00e9kelt fels\u0151 \u00e9s als\u00f3 tart\u00f3konzolok egyszer\u0171v\u00e9 teszik a telep\u00edt\u00e9st, lehet\u0151v\u00e9 t\u00e9ve a megl\u00e9v\u0151 k\u00e9perny\u0151 cser\u00e9j\u00e9t minim\u00e1lis er\u0151fesz\u00edt\u00e9ssel.<\/p>\n<p>Ak\u00e1r s\u00e9r\u00fclt k\u00e9perny\u0151r\u0151l van sz\u00f3, ak\u00e1r csak friss\u00edt\u00e9sre v\u00e1gyik, ez az LCD-k\u00e9perny\u0151 t\u00f6k\u00e9letesen illeszkedik az Acer Aspire 3-hoz. Vadonat\u00faj \u00e1llapotban \u00e9rkezik, \u00edgy garant\u00e1lja, hogy hib\u00e1tlan \u00e9s haszn\u00e1latra k\u00e9sz term\u00e9ket kap.<\/p>\n","protected":false},"excerpt":{"rendered":"<p>Friss\u00edtse az Acer Aspire 3 A315-21-9188-at egy \u00faj, 15,6&#8243;-os LCD-k\u00e9perny\u0151vel. Matt fel\u00fclettel, FHD felbont\u00e1ssal \u00e9s 30 t\u0171s eDP-csatlakoz\u00f3val ez a k\u00e9perny\u0151 tiszta, \u00e9l\u00e9nk l\u00e1tv\u00e1nyt biztos\u00edt. Fels\u0151 \u00e9s als\u00f3 konzolokkal az egyszer\u0171 telep\u00edt\u00e9s \u00e9rdek\u00e9ben. \u00c1llapot: \u00daj.<\/p>\n","protected":false},"featured_media":9974,"template":"","meta":[],"product_brand":[],"product_cat":[81,71],"product_tag":[29],"class_list":{"0":"post-9987","1":"product","2":"type-product","3":"status-publish","4":"has-post-thumbnail","6":"product_cat-15-6-new-laptop-screens-lcd-panels","7":"product_cat-new-laptop-screens-lcd-panels","8":"product_tag-acer","10":"first","11":"instock","12":"taxable","13":"shipping-taxable","14":"purchasable","15":"product-type-simple"},"_links":{"self":[{"href":"https:\/\/boreait.com\/hu\/wp-json\/wp\/v2\/product\/9987","targetHints":{"allow":["GET"]}}],"collection":[{"href":"https:\/\/boreait.com\/hu\/wp-json\/wp\/v2\/product"}],"about":[{"href":"https:\/\/boreait.com\/hu\/wp-json\/wp\/v2\/types\/product"}],"wp:featuredmedia":[{"embeddable":true,"href":"https:\/\/boreait.com\/hu\/wp-json\/wp\/v2\/media\/9974"}],"wp:attachment":[{"href":"https:\/\/boreait.com\/hu\/wp-json\/wp\/v2\/media?parent=9987"}],"wp:term":[{"taxonomy":"product_brand","embeddable":true,"href":"https:\/\/boreait.com\/hu\/wp-json\/wp\/v2\/product_brand?post=9987"},{"taxonomy":"product_cat","embeddable":true,"href":"https:\/\/boreait.com\/hu\/wp-json\/wp\/v2\/product_cat?post=9987"},{"taxonomy":"product_tag","embeddable":true,"href":"https:\/\/boreait.com\/hu\/wp-json\/wp\/v2\/product_tag?post=9987"}],"curies":[{"name":"wp","href":"https:\/\/api.w.org\/{rel}","templated":true}]}}