{"id":9986,"date":"2025-09-17T12:46:01","date_gmt":"2025-09-17T10:46:01","guid":{"rendered":"https:\/\/boreait.com\/hu\/?post_type=product&#038;p=9986"},"modified":"2025-09-17T12:46:09","modified_gmt":"2025-09-17T10:46:09","slug":"toshiba-satellite-c55-c-1m9-lcd-156-fhd-matt-30-tus-tartokkal-uj","status":"publish","type":"product","link":"https:\/\/boreait.com\/hu\/termek\/toshiba-satellite-c55-c-1m9-lcd-156-fhd-matt-30-tus-tartokkal-uj\/","title":{"rendered":"Toshiba Satellite C55-C-1M9 LCD 15,6&#8243; FHD matt 30 t\u0171s tart\u00f3kkal \u00daj"},"content":{"rendered":"<p><strong><\/strong><\/p>\n<p>N\u00f6velje Toshiba Satellite C55-C-1M9 kijelz\u0151j\u00e9nek min\u0151s\u00e9g\u00e9t ezzel a vadonat\u00faj, 15,6 h\u00fcvelykes LCD-k\u00e9perny\u0151vel. A tisztas\u00e1got \u00e9s a tart\u00f3ss\u00e1got \u00e9rt\u00e9kel\u0151k sz\u00e1m\u00e1ra k\u00e9sz\u00fclt ez a k\u00e9perny\u0151 Full HD (1920&#215;1080) felbont\u00e1ssal, \u00e9les \u00e9s r\u00e9szletgazdag k\u00e9ppel a jobb megtekint\u00e9si \u00e9lm\u00e9ny \u00e9rdek\u00e9ben.<\/p>\n<p>A k\u00e9perny\u0151 matt fel\u00fclettel rendelkezik, amely cs\u00f6kkenti a t\u00fckr\u00f6z\u0151d\u00e9st \u00e9s a t\u00fckr\u00f6z\u0151d\u00e9st, \u00edgy ide\u00e1lis k\u00fcl\u00f6nf\u00e9le f\u00e9nyviszonyok k\u00f6z\u00f6tt. 30 t\u0171s eDP interf\u00e9szen kereszt\u00fcl csatlakozik, biztons\u00e1gos \u00e9s megb\u00edzhat\u00f3 kapcsolatot biztos\u00edtva laptopj\u00e1val. Ezenk\u00edv\u00fcl ez a k\u00e9perny\u0151 fels\u0151 \u00e9s als\u00f3 konzolokkal van felszerelve, amelyek leegyszer\u0171s\u00edtik a telep\u00edt\u00e9si folyamatot \u00e9s biztos\u00edtj\u00e1k a t\u00f6k\u00e9letes illeszked\u00e9st.<\/p>\n<p>B\u00e1r ez a k\u00e9perny\u0151 nem IPS, m\u00e9gis kiv\u00e1l\u00f3 teljes\u00edtm\u00e9nyt ny\u00fajt, \u00edgy k\u00f6lts\u00e9ghat\u00e9kony megold\u00e1s a Toshiba Satellite C55-C-1M9 s\u00e9r\u00fclt vagy elavult kijelz\u0151j\u00e9nek cser\u00e9j\u00e9re. A k\u00e9perny\u0151 teljesen \u00faj \u00e1llapotban van, garant\u00e1ltan hib\u00e1tlan term\u00e9ket kap azonnali beszerel\u00e9sre.<\/p>\n","protected":false},"excerpt":{"rendered":"<p>Friss\u00edtse Toshiba Satellite C55-C-1M9 k\u00e9sz\u00fcl\u00e9k\u00e9t ezzel az \u00faj, 15,6 h\u00fcvelykes FHD LCD-k\u00e9perny\u0151vel. Matt fel\u00fclettel, eDP 30 t\u0171s csatlakoz\u00e1ssal, valamint fels\u0151 \u00e9s als\u00f3 konzollal az egyszer\u0171 telep\u00edt\u00e9s \u00e9rdek\u00e9ben. \u00c1llapot: \u00daj.<\/p>\n","protected":false},"featured_media":9974,"template":"","meta":[],"product_brand":[],"product_cat":[81,71],"product_tag":[],"class_list":{"0":"post-9986","1":"product","2":"type-product","3":"status-publish","4":"has-post-thumbnail","6":"product_cat-15-6-new-laptop-screens-lcd-panels","7":"product_cat-new-laptop-screens-lcd-panels","9":"first","10":"instock","11":"taxable","12":"shipping-taxable","13":"purchasable","14":"product-type-simple"},"_links":{"self":[{"href":"https:\/\/boreait.com\/hu\/wp-json\/wp\/v2\/product\/9986","targetHints":{"allow":["GET"]}}],"collection":[{"href":"https:\/\/boreait.com\/hu\/wp-json\/wp\/v2\/product"}],"about":[{"href":"https:\/\/boreait.com\/hu\/wp-json\/wp\/v2\/types\/product"}],"wp:featuredmedia":[{"embeddable":true,"href":"https:\/\/boreait.com\/hu\/wp-json\/wp\/v2\/media\/9974"}],"wp:attachment":[{"href":"https:\/\/boreait.com\/hu\/wp-json\/wp\/v2\/media?parent=9986"}],"wp:term":[{"taxonomy":"product_brand","embeddable":true,"href":"https:\/\/boreait.com\/hu\/wp-json\/wp\/v2\/product_brand?post=9986"},{"taxonomy":"product_cat","embeddable":true,"href":"https:\/\/boreait.com\/hu\/wp-json\/wp\/v2\/product_cat?post=9986"},{"taxonomy":"product_tag","embeddable":true,"href":"https:\/\/boreait.com\/hu\/wp-json\/wp\/v2\/product_tag?post=9986"}],"curies":[{"name":"wp","href":"https:\/\/api.w.org\/{rel}","templated":true}]}}