{"id":9985,"date":"2025-09-17T12:46:01","date_gmt":"2025-09-17T10:46:01","guid":{"rendered":"https:\/\/boreait.com\/hu\/?post_type=product&#038;p=9985"},"modified":"2025-09-17T12:46:08","modified_gmt":"2025-09-17T10:46:08","slug":"fujitsu-lifebook-a555-g-156-fhd-matt-lcd-kepernyo-konzolokkal-uj","status":"publish","type":"product","link":"https:\/\/boreait.com\/hu\/termek\/fujitsu-lifebook-a555-g-156-fhd-matt-lcd-kepernyo-konzolokkal-uj\/","title":{"rendered":"FUJITSU LIFEBOOK A555\/G 15,6&#8243; FHD matt LCD k\u00e9perny\u0151 konzolokkal \u00daj"},"content":{"rendered":"<p><strong><\/strong><\/p>\n<p>Fejlessze Fujitsu Lifebook A555\/G-j\u00e9t egy vadonat\u00faj, 15,6 h\u00fcvelykes LCD-k\u00e9perny\u0151vel, amelyet optim\u00e1lis vizu\u00e1lis teljes\u00edtm\u00e9nyre terveztek. Ez a k\u00e9perny\u0151 Full HD (1920&#215;1080) felbont\u00e1st k\u00edn\u00e1l, \u00edgy minden sz\u00e1m\u00edt\u00e1stechnikai ig\u00e9nyhez \u00e9les \u00e9s tiszta k\u00e9peket biztos\u00edt. A matt fel\u00fclet cs\u00f6kkenti a t\u00fckr\u00f6z\u0151d\u00e9st, \u00edgy megk\u00f6nny\u00edti a laptop haszn\u00e1lat\u00e1t k\u00fcl\u00f6nf\u00e9le f\u00e9nyviszonyok k\u00f6z\u00f6tt.<\/p>\n<p>Ez az LCD-k\u00e9perny\u0151 fels\u0151 \u00e9s als\u00f3 tart\u00f3kkal rendelkezik, \u00edgy a telep\u00edt\u00e9s egyszer\u0171 \u00e9s biztons\u00e1gos. A 30 t\u0171s eDP-csatlakoz\u00e1ssal stabil \u00e9s megb\u00edzhat\u00f3 kapcsolatot biztos\u00edt az eszk\u00f6zzel. B\u00e1r nem IPS, a k\u00e9perny\u0151 tov\u00e1bbra is kiv\u00e1l\u00f3 vizu\u00e1lis min\u0151s\u00e9get ny\u00fajt, \u00edgy kiv\u00e1l\u00f3an helyettes\u00edtheti a megl\u00e9v\u0151 k\u00e9perny\u0151t, vagy friss\u00edtheti a jobb \u00e1ttekinthet\u0151s\u00e9g \u00e9s r\u00e9szletess\u00e9g \u00e9rdek\u00e9ben.<\/p>\n<p>Ak\u00e1r s\u00e9r\u00fclt k\u00e9perny\u0151t cser\u00e9l, ak\u00e1r a jobb megjelen\u00edt\u00e9si \u00e9lm\u00e9ny \u00e9rdek\u00e9ben friss\u00edt, ez az \u00faj LCD-k\u00e9perny\u0151 ide\u00e1lis megold\u00e1s Fujitsu Lifebook A555\/G k\u00e9sz\u00fcl\u00e9k\u00e9hez.<\/p>\n","protected":false},"excerpt":{"rendered":"<p>Friss\u00edtse Fujitsu Lifebook A555\/G-j\u00e9t egy 15,6&#8243;-os FHD LCD-k\u00e9perny\u0151vel. Matt fel\u00fclettel, 30 t\u0171s eDP-csatlakoz\u00f3val, valamint a mell\u00e9kelt fels\u0151 \u00e9s als\u00f3 konzollal az egyszer\u0171 telep\u00edt\u00e9s \u00e9rdek\u00e9ben. Nem IPS. \u00c1llapot: \u00daj.<\/p>\n","protected":false},"featured_media":9974,"template":"","meta":[],"product_brand":[],"product_cat":[81,71],"product_tag":[28],"class_list":{"0":"post-9985","1":"product","2":"type-product","3":"status-publish","4":"has-post-thumbnail","6":"product_cat-15-6-new-laptop-screens-lcd-panels","7":"product_cat-new-laptop-screens-lcd-panels","8":"product_tag-fujitsu","10":"first","11":"instock","12":"taxable","13":"shipping-taxable","14":"purchasable","15":"product-type-simple"},"_links":{"self":[{"href":"https:\/\/boreait.com\/hu\/wp-json\/wp\/v2\/product\/9985","targetHints":{"allow":["GET"]}}],"collection":[{"href":"https:\/\/boreait.com\/hu\/wp-json\/wp\/v2\/product"}],"about":[{"href":"https:\/\/boreait.com\/hu\/wp-json\/wp\/v2\/types\/product"}],"wp:featuredmedia":[{"embeddable":true,"href":"https:\/\/boreait.com\/hu\/wp-json\/wp\/v2\/media\/9974"}],"wp:attachment":[{"href":"https:\/\/boreait.com\/hu\/wp-json\/wp\/v2\/media?parent=9985"}],"wp:term":[{"taxonomy":"product_brand","embeddable":true,"href":"https:\/\/boreait.com\/hu\/wp-json\/wp\/v2\/product_brand?post=9985"},{"taxonomy":"product_cat","embeddable":true,"href":"https:\/\/boreait.com\/hu\/wp-json\/wp\/v2\/product_cat?post=9985"},{"taxonomy":"product_tag","embeddable":true,"href":"https:\/\/boreait.com\/hu\/wp-json\/wp\/v2\/product_tag?post=9985"}],"curies":[{"name":"wp","href":"https:\/\/api.w.org\/{rel}","templated":true}]}}