{"id":9984,"date":"2025-09-17T12:46:01","date_gmt":"2025-09-17T10:46:01","guid":{"rendered":"https:\/\/boreait.com\/hu\/?post_type=product&#038;p=9984"},"modified":"2025-09-17T12:46:08","modified_gmt":"2025-09-17T10:46:08","slug":"hp-250-g7-lcd-kepernyo-156-fhd-matt-edp-30-tus-tartokkal-uj","status":"publish","type":"product","link":"https:\/\/boreait.com\/hu\/termek\/hp-250-g7-lcd-kepernyo-156-fhd-matt-edp-30-tus-tartokkal-uj\/","title":{"rendered":"HP 250 G7 LCD k\u00e9perny\u0151 15,6&#8243; FHD matt eDP 30 t\u0171s tart\u00f3kkal \u00daj"},"content":{"rendered":"<p><strong><\/strong><\/p>\n<p>Fokozza HP 250 G7 laptopj\u00e1t ezzel a 15,6 h\u00fcvelykes FHD LCD-k\u00e9perny\u0151vel, amelyet \u00e9les \u00e9s tiszta k\u00e9p megjelen\u00edt\u00e9s\u00e9re terveztek. Az 1920&#215;1080-as Full HD felbont\u00e1s\u00fa kijelz\u0151 \u00e9les k\u00e9peket \u00e9s \u00e9l\u00e9nk sz\u00edneket biztos\u00edt, \u00edgy munk\u00e1hoz \u00e9s sz\u00f3rakoz\u00e1shoz egyar\u00e1nt ide\u00e1lis. A matt fel\u00fclet cs\u00f6kkenti a t\u00fckr\u00f6z\u0151d\u00e9st, \u00e9s m\u00e9g er\u0151sen megvil\u00e1g\u00edtott k\u00f6rnyezetben is k\u00e9nyelmes megtekint\u00e9si \u00e9lm\u00e9nyt biztos\u00edt.<\/p>\n<p>Ez az LCD-k\u00e9perny\u0151 eDP 30 t\u0171s csatlakoz\u00f3val van felszerelve, amely biztons\u00e1gos \u00e9s stabil kapcsolatot biztos\u00edt laptopj\u00e1val. Tartalmaz tov\u00e1bb\u00e1 fels\u0151 \u00e9s als\u00f3 konzolokat az egyszer\u0171 telep\u00edt\u00e9s \u00e9rdek\u00e9ben, \u00edgy t\u00f6k\u00e9letes helyettes\u00edti a megl\u00e9v\u0151 k\u00e9perny\u0151t. B\u00e1r ez egy nem IPS panel, m\u00e9gis kiv\u00e1l\u00f3 tisztas\u00e1got \u00e9s sz\u00ednpontoss\u00e1got k\u00edn\u00e1l a legt\u00f6bb feladathoz.<\/p>\n<p>A k\u00e9perny\u0151 vadonat\u00faj, garant\u00e1lja a hib\u00e1tlan term\u00e9ket, \u00e9s k\u00e9szen \u00e1ll a laptop teljes\u00edtm\u00e9ny\u00e9nek jav\u00edt\u00e1s\u00e1ra. Ak\u00e1r egy s\u00e9r\u00fclt k\u00e9perny\u0151t cser\u00e9l, ak\u00e1r a jobb megjelen\u00edt\u00e9s \u00e9rdek\u00e9ben friss\u00edt, ez az LCD megb\u00edzhat\u00f3 v\u00e1laszt\u00e1s a HP 250 G7 sz\u00e1m\u00e1ra.<\/p>\n","protected":false},"excerpt":{"rendered":"<p>Friss\u00edtse HP 250 G7 k\u00e9sz\u00fcl\u00e9k\u00e9t egy 15,6&#8243;-os FHD matt LCD-k\u00e9perny\u0151vel. Az eDP 30 t\u0171s csatlakoz\u00e1ssal, valamint a fels\u0151 \u00e9s als\u00f3 konzollal ez a nem IPS kijelz\u0151 tiszta k\u00e9pet biztos\u00edt. \u00c1llapot: \u00daj.<\/p>\n","protected":false},"featured_media":9974,"template":"","meta":[],"product_brand":[],"product_cat":[81,71],"product_tag":[],"class_list":{"0":"post-9984","1":"product","2":"type-product","3":"status-publish","4":"has-post-thumbnail","6":"product_cat-15-6-new-laptop-screens-lcd-panels","7":"product_cat-new-laptop-screens-lcd-panels","9":"first","10":"instock","11":"taxable","12":"shipping-taxable","13":"purchasable","14":"product-type-simple"},"_links":{"self":[{"href":"https:\/\/boreait.com\/hu\/wp-json\/wp\/v2\/product\/9984","targetHints":{"allow":["GET"]}}],"collection":[{"href":"https:\/\/boreait.com\/hu\/wp-json\/wp\/v2\/product"}],"about":[{"href":"https:\/\/boreait.com\/hu\/wp-json\/wp\/v2\/types\/product"}],"wp:featuredmedia":[{"embeddable":true,"href":"https:\/\/boreait.com\/hu\/wp-json\/wp\/v2\/media\/9974"}],"wp:attachment":[{"href":"https:\/\/boreait.com\/hu\/wp-json\/wp\/v2\/media?parent=9984"}],"wp:term":[{"taxonomy":"product_brand","embeddable":true,"href":"https:\/\/boreait.com\/hu\/wp-json\/wp\/v2\/product_brand?post=9984"},{"taxonomy":"product_cat","embeddable":true,"href":"https:\/\/boreait.com\/hu\/wp-json\/wp\/v2\/product_cat?post=9984"},{"taxonomy":"product_tag","embeddable":true,"href":"https:\/\/boreait.com\/hu\/wp-json\/wp\/v2\/product_tag?post=9984"}],"curies":[{"name":"wp","href":"https:\/\/api.w.org\/{rel}","templated":true}]}}