{"id":9983,"date":"2025-09-17T12:46:00","date_gmt":"2025-09-17T10:46:00","guid":{"rendered":"https:\/\/boreait.com\/hu\/?post_type=product&#038;p=9983"},"modified":"2025-09-17T12:46:08","modified_gmt":"2025-09-17T10:46:08","slug":"lenovo-ideapad-v110-15isk-156-huvelykes-fhd-matt-lcd-kepernyo-tartokkal-uj","status":"publish","type":"product","link":"https:\/\/boreait.com\/hu\/termek\/lenovo-ideapad-v110-15isk-156-huvelykes-fhd-matt-lcd-kepernyo-tartokkal-uj\/","title":{"rendered":"Lenovo Ideapad V110-15ISK 15,6 h\u00fcvelykes FHD matt LCD k\u00e9perny\u0151 tart\u00f3kkal \u00daj"},"content":{"rendered":"<p><strong><\/strong><\/p>\n<p>Fokozza Lenovo Ideapad V110-15ISK 80TL-j\u00e9t ezzel a vadonat\u00faj, 15,6 h\u00fcvelykes Full HD (1920&#215;1080) LCD-k\u00e9perny\u0151vel. A kifejezetten az \u00d6n modellj\u00e9hez tervezett k\u00e9perny\u0151 \u00e9les, tiszta k\u00e9pet ad matt fel\u00fclettel, amely cs\u00f6kkenti a t\u00fckr\u00f6z\u0151d\u00e9st, \u00edgy ide\u00e1lis k\u00fcl\u00f6nf\u00e9le vil\u00e1g\u00edt\u00e1si k\u00f6rnyezetekhez. egyszer\u0171 funkcionalit\u00e1s a mindennapi sz\u00e1m\u00edt\u00e1stechnikai ig\u00e9nyekhez.<\/p>\n<p>Ez a csere LCD k\u00e9perny\u0151 fels\u0151 \u00e9s als\u00f3 konzollal is rendelkezik, \u00edgy biztos\u00edtva a biztons\u00e1gos illeszked\u00e9st \u00e9s az egyszer\u0171 telep\u00edt\u00e9st. Ak\u00e1r egy s\u00e9r\u00fclt k\u00e9perny\u0151t cser\u00e9l, ak\u00e1r a jobb \u00e1ttekinthet\u0151s\u00e9g \u00e9rdek\u00e9ben friss\u00edt, ez a k\u00e9perny\u0151 t\u00f6k\u00e9letes v\u00e1laszt\u00e1s laptopja eredeti k\u00e9pmin\u0151s\u00e9g\u00e9nek vissza\u00e1ll\u00edt\u00e1s\u00e1hoz.<\/p>\n<p>\u00c1llapot: \u00daj. Biztos lehet benne, hogy ez a term\u00e9k hibamentes, \u00e9s k\u00e9szen \u00e1ll az eszk\u00f6z \u00e9letre kelt\u00e9s\u00e9re.<\/p>\n","protected":false},"excerpt":{"rendered":"<p>Friss\u00edtse Lenovo Ideapad V110-15ISK 80TL k\u00e9sz\u00fcl\u00e9k\u00e9t egy 15,6 h\u00fcvelykes FHD matt LCD-k\u00e9perny\u0151vel. eDP 30 t\u0171s csatlakoz\u00e1ssal, nem IPS technol\u00f3gi\u00e1val, valamint fels\u0151 \u00e9s als\u00f3 tart\u00f3kkal. \u00c1llapot: \u00daj.<\/p>\n","protected":false},"featured_media":9974,"template":"","meta":[],"product_brand":[],"product_cat":[81,71],"product_tag":[26],"class_list":{"0":"post-9983","1":"product","2":"type-product","3":"status-publish","4":"has-post-thumbnail","6":"product_cat-15-6-new-laptop-screens-lcd-panels","7":"product_cat-new-laptop-screens-lcd-panels","8":"product_tag-lenovo","10":"first","11":"instock","12":"taxable","13":"shipping-taxable","14":"purchasable","15":"product-type-simple"},"_links":{"self":[{"href":"https:\/\/boreait.com\/hu\/wp-json\/wp\/v2\/product\/9983","targetHints":{"allow":["GET"]}}],"collection":[{"href":"https:\/\/boreait.com\/hu\/wp-json\/wp\/v2\/product"}],"about":[{"href":"https:\/\/boreait.com\/hu\/wp-json\/wp\/v2\/types\/product"}],"wp:featuredmedia":[{"embeddable":true,"href":"https:\/\/boreait.com\/hu\/wp-json\/wp\/v2\/media\/9974"}],"wp:attachment":[{"href":"https:\/\/boreait.com\/hu\/wp-json\/wp\/v2\/media?parent=9983"}],"wp:term":[{"taxonomy":"product_brand","embeddable":true,"href":"https:\/\/boreait.com\/hu\/wp-json\/wp\/v2\/product_brand?post=9983"},{"taxonomy":"product_cat","embeddable":true,"href":"https:\/\/boreait.com\/hu\/wp-json\/wp\/v2\/product_cat?post=9983"},{"taxonomy":"product_tag","embeddable":true,"href":"https:\/\/boreait.com\/hu\/wp-json\/wp\/v2\/product_tag?post=9983"}],"curies":[{"name":"wp","href":"https:\/\/api.w.org\/{rel}","templated":true}]}}