{"id":9982,"date":"2025-09-17T12:46:00","date_gmt":"2025-09-17T10:46:00","guid":{"rendered":"https:\/\/boreait.com\/hu\/?post_type=product&#038;p=9982"},"modified":"2025-09-17T12:46:08","modified_gmt":"2025-09-17T10:46:08","slug":"lenovo-ideapad-305-15ibd-156-fhd-matt-lcd-kepernyo-tartokkal-uj","status":"publish","type":"product","link":"https:\/\/boreait.com\/hu\/termek\/lenovo-ideapad-305-15ibd-156-fhd-matt-lcd-kepernyo-tartokkal-uj\/","title":{"rendered":"Lenovo Ideapad 305 15IBD 15,6&#8243; FHD matt LCD k\u00e9perny\u0151 tart\u00f3kkal \u00daj"},"content":{"rendered":"<p><strong><\/strong><\/p>\n<p>Fejlessze Lenovo Ideapad 305 15IBD laptopj\u00e1t kiv\u00e1l\u00f3 min\u0151s\u00e9g\u0171 15,6&#8243; Full HD LCD-k\u00e9perny\u0151vel. Ezt a k\u00e9perny\u0151t az \u00e9les \u00e9s \u00e9l\u00e9nk l\u00e1tv\u00e1nyt ig\u00e9nyl\u0151 felhaszn\u00e1l\u00f3k sz\u00e1m\u00e1ra tervezt\u00e9k. 1920&#215;1080-as felbont\u00e1s\u00e1val krist\u00e1lytiszta k\u00e9peket biztos\u00edt, munk\u00e1hoz \u00e9s sz\u00f3rakoz\u00e1shoz egyar\u00e1nt.<\/p>\n<p>A matt fel\u00fclet cs\u00f6kkenti a t\u00fckr\u00f6z\u0151d\u00e9st, \u00edgy k\u00e9nyelmesen dolgozhat k\u00fcl\u00f6nf\u00e9le f\u00e9nyviszonyok k\u00f6z\u00f6tt. Ez a k\u00e9perny\u0151 30 t\u0171s eDP-csatlakoz\u00f3val rendelkezik, amely stabil \u00e9s megb\u00edzhat\u00f3 kapcsolatot biztos\u00edt az eszk\u00f6zzel. M\u00e1s k\u00e9perny\u0151kkel ellent\u00e9tben ez a modell fels\u0151 \u00e9s als\u00f3 konzolokat tartalmaz, \u00edgy a telep\u00edt\u00e9s egyszer\u0171 \u00e9s biztons\u00e1gos.<\/p>\n<p>B\u00e1r ez egy nem IPS k\u00e9perny\u0151, m\u00e9gis kiv\u00e1l\u00f3 sz\u00ednvisszaad\u00e1st \u00e9s betekint\u00e9si sz\u00f6geket k\u00edn\u00e1l mindennapi haszn\u00e1latra. Ak\u00e1r egy s\u00e9r\u00fclt k\u00e9perny\u0151t cser\u00e9l, ak\u00e1r a jobb teljes\u00edtm\u00e9ny \u00e9rdek\u00e9ben friss\u00edt, ez az LCD-k\u00e9perny\u0151 megb\u00edzhat\u00f3 v\u00e1laszt\u00e1s. A k\u00e9perny\u0151 teljesen \u00faj \u00e1llapotban van, \u00edgy a dobozb\u00f3l kiv\u00e9ve optim\u00e1lis teljes\u00edtm\u00e9nyt biztos\u00edt.<\/p>\n","protected":false},"excerpt":{"rendered":"<p>Friss\u00edtse Lenovo Ideapad 305 15IBD-j\u00e9t egy \u00faj, 15,6 h\u00fcvelykes FHD LCD-k\u00e9perny\u0151vel. A matt fel\u00fclettel, 30 t\u0171s eDP csatlakoz\u00f3val, valamint a mell\u00e9kelt fels\u0151 \u00e9s als\u00f3 konzollal ez a k\u00e9perny\u0151 tiszta \u00e9s \u00e9l\u00e9nk l\u00e1tv\u00e1nyt ny\u00fajt. \u00c1llapot: \u00daj.<\/p>\n","protected":false},"featured_media":9974,"template":"","meta":[],"product_brand":[],"product_cat":[81,71],"product_tag":[26],"class_list":{"0":"post-9982","1":"product","2":"type-product","3":"status-publish","4":"has-post-thumbnail","6":"product_cat-15-6-new-laptop-screens-lcd-panels","7":"product_cat-new-laptop-screens-lcd-panels","8":"product_tag-lenovo","10":"first","11":"instock","12":"taxable","13":"shipping-taxable","14":"purchasable","15":"product-type-simple"},"_links":{"self":[{"href":"https:\/\/boreait.com\/hu\/wp-json\/wp\/v2\/product\/9982","targetHints":{"allow":["GET"]}}],"collection":[{"href":"https:\/\/boreait.com\/hu\/wp-json\/wp\/v2\/product"}],"about":[{"href":"https:\/\/boreait.com\/hu\/wp-json\/wp\/v2\/types\/product"}],"wp:featuredmedia":[{"embeddable":true,"href":"https:\/\/boreait.com\/hu\/wp-json\/wp\/v2\/media\/9974"}],"wp:attachment":[{"href":"https:\/\/boreait.com\/hu\/wp-json\/wp\/v2\/media?parent=9982"}],"wp:term":[{"taxonomy":"product_brand","embeddable":true,"href":"https:\/\/boreait.com\/hu\/wp-json\/wp\/v2\/product_brand?post=9982"},{"taxonomy":"product_cat","embeddable":true,"href":"https:\/\/boreait.com\/hu\/wp-json\/wp\/v2\/product_cat?post=9982"},{"taxonomy":"product_tag","embeddable":true,"href":"https:\/\/boreait.com\/hu\/wp-json\/wp\/v2\/product_tag?post=9982"}],"curies":[{"name":"wp","href":"https:\/\/api.w.org\/{rel}","templated":true}]}}