{"id":9981,"date":"2025-09-17T12:46:00","date_gmt":"2025-09-17T10:46:00","guid":{"rendered":"https:\/\/boreait.com\/hu\/?post_type=product&#038;p=9981"},"modified":"2025-09-17T12:46:07","modified_gmt":"2025-09-17T10:46:07","slug":"lenovo-b50-sorozatu-lcd-156-fhd-matt-edp-30-tus-tartokkal-uj","status":"publish","type":"product","link":"https:\/\/boreait.com\/hu\/termek\/lenovo-b50-sorozatu-lcd-156-fhd-matt-edp-30-tus-tartokkal-uj\/","title":{"rendered":"Lenovo B50 sorozat\u00fa LCD 15,6&#8243; FHD matt eDP 30 t\u0171s tart\u00f3kkal \u00daj"},"content":{"rendered":"<p><strong><\/strong><\/p>\n<p>Fokozza Lenovo B50 sorozat\u00fa laptopja kijelz\u0151j\u00e9t ezzel a 15,6 h\u00fcvelykes LCD-k\u00e9perny\u0151vel, amelyet \u00fagy terveztek, hogy t\u00f6k\u00e9letesen illeszkedjen a B50-10, B50-50, B50-70, B50-45 \u00e9s B50-30 modellekhez. Ez a k\u00e9perny\u0151 Full HD (1920 x 1080) felbont\u00e1ssal rendelkezik, ami ide\u00e1lis \u00e9les \u00e9s r\u00e9szletgazdag k\u00e9pmin\u0151s\u00e9get biztos\u00edt. k\u00fcl\u00f6nb\u00f6z\u0151 f\u00e9nyviszonyok k\u00f6z\u00f6tt haszn\u00e1lhat\u00f3.<\/p>\n<p>A 30 t\u0171s eDP-kapcsolattal ez a nem IPS-k\u00e9perny\u0151 megb\u00edzhat\u00f3 \u00e9s konzisztens megjelen\u00edt\u00e9st biztos\u00edt, \u00edgy laptopja z\u00f6kken\u0151mentesen m\u0171k\u00f6dik. A mell\u00e9kelt fels\u0151 \u00e9s als\u00f3 konzolok egyszer\u0171 telep\u00edt\u00e9st tesznek lehet\u0151v\u00e9, \u00edgy gyorsan, minim\u00e1lis er\u0151fesz\u00edt\u00e9ssel kicser\u00e9lheti r\u00e9gi vagy s\u00e9r\u00fclt k\u00e9perny\u0151j\u00e9t.<\/p>\n<p>Ez az LCD-k\u00e9perny\u0151 teljesen \u00faj \u00e1llapotban van, garant\u00e1ltan hib\u00e1tlan \u00e9s haszn\u00e1latra k\u00e9sz term\u00e9ket. Ak\u00e1r egy s\u00e9r\u00fclt k\u00e9perny\u0151t cser\u00e9l, ak\u00e1r a jobb vizu\u00e1lis tisztas\u00e1g \u00e9rdek\u00e9ben friss\u00edt, ez a k\u00e9perny\u0151 megb\u00edzhat\u00f3 v\u00e1laszt\u00e1s Lenovo B50 sorozat\u00fa laptopj\u00e1hoz.<\/p>\n","protected":false},"excerpt":{"rendered":"<p>Friss\u00edtse Lenovo B50 sorozat\u00fa laptopj\u00e1t egy \u00faj, 15,6&#8243;-os FHD LCD k\u00e9perny\u0151vel. Ez a matt, nem IPS-kijelz\u0151 eDP 30 t\u0171s csatlakoz\u00e1ssal tiszta k\u00e9pet biztos\u00edt. Fels\u0151 \u00e9s als\u00f3 tart\u00f3konzolokkal is rendelkezik az egyszer\u0171 telep\u00edt\u00e9s \u00e9rdek\u00e9ben. \u00c1llapot: \u00daj.<\/p>\n","protected":false},"featured_media":9974,"template":"","meta":[],"product_brand":[],"product_cat":[81,71],"product_tag":[26],"class_list":{"0":"post-9981","1":"product","2":"type-product","3":"status-publish","4":"has-post-thumbnail","6":"product_cat-15-6-new-laptop-screens-lcd-panels","7":"product_cat-new-laptop-screens-lcd-panels","8":"product_tag-lenovo","10":"first","11":"instock","12":"taxable","13":"shipping-taxable","14":"purchasable","15":"product-type-simple"},"_links":{"self":[{"href":"https:\/\/boreait.com\/hu\/wp-json\/wp\/v2\/product\/9981","targetHints":{"allow":["GET"]}}],"collection":[{"href":"https:\/\/boreait.com\/hu\/wp-json\/wp\/v2\/product"}],"about":[{"href":"https:\/\/boreait.com\/hu\/wp-json\/wp\/v2\/types\/product"}],"wp:featuredmedia":[{"embeddable":true,"href":"https:\/\/boreait.com\/hu\/wp-json\/wp\/v2\/media\/9974"}],"wp:attachment":[{"href":"https:\/\/boreait.com\/hu\/wp-json\/wp\/v2\/media?parent=9981"}],"wp:term":[{"taxonomy":"product_brand","embeddable":true,"href":"https:\/\/boreait.com\/hu\/wp-json\/wp\/v2\/product_brand?post=9981"},{"taxonomy":"product_cat","embeddable":true,"href":"https:\/\/boreait.com\/hu\/wp-json\/wp\/v2\/product_cat?post=9981"},{"taxonomy":"product_tag","embeddable":true,"href":"https:\/\/boreait.com\/hu\/wp-json\/wp\/v2\/product_tag?post=9981"}],"curies":[{"name":"wp","href":"https:\/\/api.w.org\/{rel}","templated":true}]}}