{"id":9980,"date":"2025-09-17T12:46:00","date_gmt":"2025-09-17T10:46:00","guid":{"rendered":"https:\/\/boreait.com\/hu\/?post_type=product&#038;p=9980"},"modified":"2025-09-17T12:46:07","modified_gmt":"2025-09-17T10:46:07","slug":"lenovo-ideapad-330-15ich-lcd-kepernyo-156-matt-fhd-30-tus-tartokkal-uj","status":"publish","type":"product","link":"https:\/\/boreait.com\/hu\/termek\/lenovo-ideapad-330-15ich-lcd-kepernyo-156-matt-fhd-30-tus-tartokkal-uj\/","title":{"rendered":"Lenovo Ideapad 330-15ICH LCD k\u00e9perny\u0151 15,6&#8243; matt FHD 30 t\u0171s tart\u00f3kkal \u00daj"},"content":{"rendered":"<p><strong><\/strong><\/p>\n<p>Fokozza Lenovo Ideapad 330-15ICH k\u00e9sz\u00fcl\u00e9k\u00e9t ezzel a 15,6&#8243;-os Full HD LCD-k\u00e9perny\u0151vel, amelyet \u00fagy terveztek, hogy \u00e9les \u00e9s tiszta k\u00e9pet adjon a napi feladatokhoz. A k\u00e9perny\u0151 matt fel\u00fclete cs\u00f6kkenti a t\u00fckr\u00f6z\u0151d\u00e9st, megk\u00f6nny\u00edtve a munk\u00e1t vagy a tartalom megtekint\u00e9s\u00e9t k\u00fcl\u00f6nf\u00e9le f\u00e9nyviszonyok mellett. B\u00e1r ez nem IPS kijelz\u0151, m\u00e9gis \u00e9l\u00e9nk \u00e9s \u00e9les k\u00e9pmin\u0151s\u00e9get biztos\u00edt.<\/p>\n<p>Ez az LCD-k\u00e9perny\u0151 fels\u0151 \u00e9s als\u00f3 tart\u00f3kkal rendelkezik, \u00edgy a telep\u00edt\u00e9si folyamat egyszer\u0171 \u00e9s biztons\u00e1gos. A 30 t\u0171s eDP-csatlakoz\u00f3 megb\u00edzhat\u00f3 kapcsolatot biztos\u00edt laptopj\u00e1val, fenntartva a k\u00e9sz\u00fcl\u00e9kt\u0151l elv\u00e1rt teljes\u00edtm\u00e9nyt.<\/p>\n<p>A s\u00e9r\u00fclt k\u00e9perny\u0151 cser\u00e9j\u00e9hez vagy a jelenlegi friss\u00edt\u00e9s\u00e9hez ide\u00e1lis ez az \u00faj k\u00e9perny\u0151, amely k\u00e9szen \u00e1ll arra, hogy \u00faj \u00e9letet leheljen Lenovo Ideapad 330-15ICH k\u00e9sz\u00fcl\u00e9k\u00e9be. Kiv\u00e1l\u00f3 v\u00e1laszt\u00e1s mindenkinek, akinek megb\u00edzhat\u00f3 \u00e9s j\u00f3 min\u0151s\u00e9g\u0171 kijelz\u0151cser\u00e9re van sz\u00fcks\u00e9ge.<\/p>\n","protected":false},"excerpt":{"rendered":"<p>Friss\u00edtse Lenovo Ideapad 330-15ICH k\u00e9sz\u00fcl\u00e9k\u00e9t egy 15,6 h\u00fcvelykes matt FHD LCD-k\u00e9perny\u0151vel. Ez a nem IPS-kijelz\u0151 30 t\u0171s eDP-csatlakoz\u00f3val rendelkezik, valamint fels\u0151 \u00e9s als\u00f3 tart\u00f3konzollal rendelkezik az egyszer\u0171 telep\u00edt\u00e9s \u00e9rdek\u00e9ben. \u00c1llapot: \u00daj.<\/p>\n","protected":false},"featured_media":9974,"template":"","meta":[],"product_brand":[],"product_cat":[81,71],"product_tag":[26],"class_list":{"0":"post-9980","1":"product","2":"type-product","3":"status-publish","4":"has-post-thumbnail","6":"product_cat-15-6-new-laptop-screens-lcd-panels","7":"product_cat-new-laptop-screens-lcd-panels","8":"product_tag-lenovo","10":"first","11":"instock","12":"taxable","13":"shipping-taxable","14":"purchasable","15":"product-type-simple"},"_links":{"self":[{"href":"https:\/\/boreait.com\/hu\/wp-json\/wp\/v2\/product\/9980","targetHints":{"allow":["GET"]}}],"collection":[{"href":"https:\/\/boreait.com\/hu\/wp-json\/wp\/v2\/product"}],"about":[{"href":"https:\/\/boreait.com\/hu\/wp-json\/wp\/v2\/types\/product"}],"wp:featuredmedia":[{"embeddable":true,"href":"https:\/\/boreait.com\/hu\/wp-json\/wp\/v2\/media\/9974"}],"wp:attachment":[{"href":"https:\/\/boreait.com\/hu\/wp-json\/wp\/v2\/media?parent=9980"}],"wp:term":[{"taxonomy":"product_brand","embeddable":true,"href":"https:\/\/boreait.com\/hu\/wp-json\/wp\/v2\/product_brand?post=9980"},{"taxonomy":"product_cat","embeddable":true,"href":"https:\/\/boreait.com\/hu\/wp-json\/wp\/v2\/product_cat?post=9980"},{"taxonomy":"product_tag","embeddable":true,"href":"https:\/\/boreait.com\/hu\/wp-json\/wp\/v2\/product_tag?post=9980"}],"curies":[{"name":"wp","href":"https:\/\/api.w.org\/{rel}","templated":true}]}}