{"id":998,"date":"2025-09-17T09:52:26","date_gmt":"2025-09-17T07:52:26","guid":{"rendered":"https:\/\/boreait.com\/hu\/?post_type=product&#038;p=998"},"modified":"2025-09-17T09:53:47","modified_gmt":"2025-09-17T07:53:47","slug":"hp-laptop-dvd-iro-ts-l633","status":"publish","type":"product","link":"https:\/\/boreait.com\/hu\/termek\/hp-laptop-dvd-iro-ts-l633\/","title":{"rendered":"HP laptop DVD-\u00edr\u00f3 TS-L633"},"content":{"rendered":"<p>B\u0151v\u00edtse HP laptopja k\u00e9pess\u00e9geit a TS-L633 HP Laptop DVD-\u00edr\u00f3val, amely egy nagy teljes\u00edtm\u00e9ny\u0171 \u00e9s sokoldal\u00fa optikai meghajt\u00f3. Ez a kifejezetten HP laptopokhoz tervezett DVD-\u00edr\u00f3 z\u00f6kken\u0151mentes kompatibilit\u00e1st \u00e9s hat\u00e9kony funkcionalit\u00e1st k\u00edn\u00e1l.<\/p>\n<p>A HP TS-L633 laptop DVD-\u00edr\u00f3 lehet\u0151v\u00e9 teszi k\u00fcl\u00f6nb\u00f6z\u0151 t\u00edpus\u00fa CD-k \u00e9s DVD-k olvas\u00e1s\u00e1t \u00e9s \u00edr\u00e1s\u00e1t, \u00edgy sokoldal\u00fa megold\u00e1st ny\u00fajt adatt\u00e1rol\u00e1si \u00e9s m\u00e9diasz\u00fcks\u00e9gleteinek kiel\u00e9g\u00edt\u00e9s\u00e9re. Ezzel a megb\u00edzhat\u00f3 optikai meghajt\u00f3val k\u00e9sz\u00edtsen biztons\u00e1gi m\u00e1solatot a fontos dokumentumokr\u00f3l, \u00edrja ki kedvenc zen\u00e9it CD-re, vagy n\u00e9zzen filmeket \u00fatk\u00f6zben.<\/p>\n<p>Nagy sebess\u00e9g\u0171 adat\u00e1tviteli sebess\u00e9g\u00e9vel \u00e9s hat\u00e9kony teljes\u00edtm\u00e9ny\u00e9vel ez a DVD-\u00edr\u00f3 z\u00f6kken\u0151mentes \u00e9s megb\u00edzhat\u00f3 m\u0171k\u00f6d\u00e9st biztos\u00edt. Ak\u00e1r nagy f\u00e1jlokat m\u00e1sol, ak\u00e1r lemezeket \u00edr, ak\u00e1r nagy felbont\u00e1s\u00fa vide\u00f3kat n\u00e9z, a HP TS-L633 laptop DVD-\u00edr\u00f3 kiv\u00e1l\u00f3 eredm\u00e9nyeket biztos\u00edt.<\/p>\n<p>A telep\u00edt\u00e9s egyszer\u0171 \u00e9s egy\u00e9rtelm\u0171, mivel ez a DVD-\u00edr\u00f3 t\u00f6k\u00e9letesen illeszkedik a HP laptop optikai meghajt\u00f3 rekesz\u00e9be. \u00c9lvezze a plug-and-play funkci\u00f3 k\u00e9nyelm\u00e9t, \u00edgy minden tov\u00e1bbi be\u00e1ll\u00edt\u00e1s n\u00e9lk\u00fcl azonnal elkezdheti haszn\u00e1lni a meghajt\u00f3t.<\/p>\n<p>A HP TS-L633 laptop DVD-\u00edr\u00f3 a tart\u00f3ss\u00e1got \u00e9s a hossz\u00fa \u00e9lettartamot szem el\u0151tt tartva k\u00e9sz\u00fclt, \u00edgy hossz\u00fa ideig j\u00f3l fog szolg\u00e1lni. T\u00e1lcabet\u00f6lt\u0151 mechanizmusa lehet\u0151v\u00e9 teszi a lemezek egyszer\u0171 behelyez\u00e9s\u00e9t \u00e9s elt\u00e1vol\u00edt\u00e1s\u00e1t, \u00edgy probl\u00e9mamentes m\u0171k\u00f6d\u00e9st biztos\u00edt.<\/p>\n<p>B\u0151v\u00edtse ki HP laptopja funkcionalit\u00e1s\u00e1t ezzel a megb\u00edzhat\u00f3 \u00e9s kiv\u00e1l\u00f3 min\u0151s\u00e9g\u0171 DVD-\u00edr\u00f3val. Tapasztalja meg a CD-n \u00e9s DVD-n l\u00e9v\u0151 adatok egyszer\u0171 el\u00e9r\u00e9s\u00e9nek, l\u00e9trehoz\u00e1s\u00e1nak \u00e9s kezel\u00e9s\u00e9nek szabads\u00e1g\u00e1t. Ak\u00e1r szoftvert kell telep\u00edtenie, ak\u00e1r DVD-ket n\u00e9znie, ak\u00e1r fontos f\u00e1jlokr\u00f3l biztons\u00e1gi m\u00e1solatot kell k\u00e9sz\u00edtenie, a HP TS-L633 laptop DVD-\u00edr\u00f3 n\u00e9lk\u00fcl\u00f6zhetetlen kieg\u00e9sz\u00edt\u0151je laptopj\u00e1nak.<\/p>\n","protected":false},"excerpt":{"rendered":"<p>A HP Laptop DVD-\u00edr\u00f3 TS-L633 egy megb\u00edzhat\u00f3 \u00e9s kiv\u00e1l\u00f3 min\u0151s\u00e9g\u0171 optikai meghajt\u00f3, amelyet HP laptopokhoz terveztek. Lehet\u0151v\u00e9 teszi k\u00fcl\u00f6nf\u00e9le t\u00edpus\u00fa CD-k \u00e9s DVD-k olvas\u00e1s\u00e1t \u00e9s \u00edr\u00e1s\u00e1t, \u00edgy t\u00f6k\u00e9letes adatment\u00e9shez, szoftvertelep\u00edt\u00e9shez \u00e9s m\u00e9dialej\u00e1tsz\u00e1shoz.<\/p>\n","protected":false},"featured_media":1066,"template":"","meta":[],"product_brand":[],"product_cat":[27],"product_tag":[25],"class_list":{"0":"post-998","1":"product","2":"type-product","3":"status-publish","4":"has-post-thumbnail","6":"product_cat-motherboards-board-parts","7":"product_tag-hp","9":"first","10":"instock","11":"taxable","12":"shipping-taxable","13":"purchasable","14":"product-type-simple"},"_links":{"self":[{"href":"https:\/\/boreait.com\/hu\/wp-json\/wp\/v2\/product\/998","targetHints":{"allow":["GET"]}}],"collection":[{"href":"https:\/\/boreait.com\/hu\/wp-json\/wp\/v2\/product"}],"about":[{"href":"https:\/\/boreait.com\/hu\/wp-json\/wp\/v2\/types\/product"}],"wp:featuredmedia":[{"embeddable":true,"href":"https:\/\/boreait.com\/hu\/wp-json\/wp\/v2\/media\/1066"}],"wp:attachment":[{"href":"https:\/\/boreait.com\/hu\/wp-json\/wp\/v2\/media?parent=998"}],"wp:term":[{"taxonomy":"product_brand","embeddable":true,"href":"https:\/\/boreait.com\/hu\/wp-json\/wp\/v2\/product_brand?post=998"},{"taxonomy":"product_cat","embeddable":true,"href":"https:\/\/boreait.com\/hu\/wp-json\/wp\/v2\/product_cat?post=998"},{"taxonomy":"product_tag","embeddable":true,"href":"https:\/\/boreait.com\/hu\/wp-json\/wp\/v2\/product_tag?post=998"}],"curies":[{"name":"wp","href":"https:\/\/api.w.org\/{rel}","templated":true}]}}