{"id":9979,"date":"2025-09-17T12:46:00","date_gmt":"2025-09-17T10:46:00","guid":{"rendered":"https:\/\/boreait.com\/hu\/?post_type=product&#038;p=9979"},"modified":"2025-09-17T12:46:07","modified_gmt":"2025-09-17T10:46:07","slug":"hp-240-g8-lcd-156-fhd-matt-30-tus-tartokkal-uj","status":"publish","type":"product","link":"https:\/\/boreait.com\/hu\/termek\/hp-240-g8-lcd-156-fhd-matt-30-tus-tartokkal-uj\/","title":{"rendered":"HP 240 G8 LCD 15,6&#8243; FHD matt 30 t\u0171s tart\u00f3kkal \u00daj"},"content":{"rendered":"<p><strong><\/strong><\/p>\n<p>Fokozza HP 240 G8 laptopj\u00e1t ezzel a kiv\u00e1l\u00f3 min\u0151s\u00e9g\u0171, 15,6 h\u00fcvelykes LCD-k\u00e9perny\u0151vel, amelyet \u00fagy terveztek, hogy tiszta \u00e9s \u00e9l\u00e9nk megtekint\u00e9si \u00e9lm\u00e9nyt biztos\u00edtson. Full HD (1920&#215;1080) felbont\u00e1s\u00e1val ez a nem IPS-kijelz\u0151 \u00e9les \u00e9s r\u00e9szletgazdag k\u00e9peket biztos\u00edt, t\u00f6k\u00e9letes a mindennapi sz\u00e1m\u00edt\u00e1stechnikai feladatokhoz. A matt fel\u00fclet cs\u00f6kkenti a t\u00fckr\u00f6z\u0151d\u00e9st, \u00edgy ide\u00e1lis a k\u00fcl\u00f6nf\u00e9le f\u00e9nyviszonyok k\u00f6z\u00f6tt t\u00f6rt\u00e9n\u0151 haszn\u00e1latra.<\/p>\n<p>Ez az LCD-k\u00e9perny\u0151 30 t\u0171s eDP-csatlakoz\u00f3val rendelkezik, amely biztons\u00e1gos \u00e9s megb\u00edzhat\u00f3 kapcsolatot k\u00edn\u00e1l laptopj\u00e1val. A mell\u00e9kelt fels\u0151 \u00e9s als\u00f3 konzolok leegyszer\u0171s\u00edtik a telep\u00edt\u00e9si folyamatot, biztos\u00edtva a probl\u00e9mamentes friss\u00edt\u00e9st vagy cser\u00e9t. Ak\u00e1r egy s\u00e9r\u00fclt k\u00e9perny\u0151t cser\u00e9l, ak\u00e1r a jobb \u00e1ttekinthet\u0151s\u00e9g \u00e9rdek\u00e9ben friss\u00edt, ez a k\u00e9perny\u0151 kiv\u00e1l\u00f3 v\u00e1laszt\u00e1s a HP 240 G8 k\u00e9sz\u00fcl\u00e9khez.<\/p>\n<p>A k\u00e9perny\u0151 teljesen \u00faj, ami garant\u00e1lja, hogy hib\u00e1tlan term\u00e9ket kap, amely k\u00e9szen \u00e1ll a laptop kijelz\u0151j\u00e9nek jav\u00edt\u00e1s\u00e1ra.<\/p>\n","protected":false},"excerpt":{"rendered":"<p>Friss\u00edtse HP 240 G8 k\u00e9sz\u00fcl\u00e9k\u00e9t ezzel a 15,6 h\u00fcvelykes FHD matt LCD-k\u00e9perny\u0151vel. A 30 t\u0171s eDP-csatlakoz\u00e1ssal rendelkez\u0151, nem IPS-es kijelz\u0151 \u00e9les k\u00e9pet ny\u00fajt, valamint fels\u0151 \u00e9s als\u00f3 tart\u00f3kkal rendelkezik az egyszer\u0171 telep\u00edt\u00e9s \u00e9rdek\u00e9ben. \u00c1llapot: \u00daj.<\/p>\n","protected":false},"featured_media":9974,"template":"","meta":[],"product_brand":[],"product_cat":[81,71],"product_tag":[],"class_list":{"0":"post-9979","1":"product","2":"type-product","3":"status-publish","4":"has-post-thumbnail","6":"product_cat-15-6-new-laptop-screens-lcd-panels","7":"product_cat-new-laptop-screens-lcd-panels","9":"first","10":"instock","11":"taxable","12":"shipping-taxable","13":"purchasable","14":"product-type-simple"},"_links":{"self":[{"href":"https:\/\/boreait.com\/hu\/wp-json\/wp\/v2\/product\/9979","targetHints":{"allow":["GET"]}}],"collection":[{"href":"https:\/\/boreait.com\/hu\/wp-json\/wp\/v2\/product"}],"about":[{"href":"https:\/\/boreait.com\/hu\/wp-json\/wp\/v2\/types\/product"}],"wp:featuredmedia":[{"embeddable":true,"href":"https:\/\/boreait.com\/hu\/wp-json\/wp\/v2\/media\/9974"}],"wp:attachment":[{"href":"https:\/\/boreait.com\/hu\/wp-json\/wp\/v2\/media?parent=9979"}],"wp:term":[{"taxonomy":"product_brand","embeddable":true,"href":"https:\/\/boreait.com\/hu\/wp-json\/wp\/v2\/product_brand?post=9979"},{"taxonomy":"product_cat","embeddable":true,"href":"https:\/\/boreait.com\/hu\/wp-json\/wp\/v2\/product_cat?post=9979"},{"taxonomy":"product_tag","embeddable":true,"href":"https:\/\/boreait.com\/hu\/wp-json\/wp\/v2\/product_tag?post=9979"}],"curies":[{"name":"wp","href":"https:\/\/api.w.org\/{rel}","templated":true}]}}