{"id":9978,"date":"2025-09-17T12:46:00","date_gmt":"2025-09-17T10:46:00","guid":{"rendered":"https:\/\/boreait.com\/hu\/?post_type=product&#038;p=9978"},"modified":"2025-09-17T12:46:06","modified_gmt":"2025-09-17T10:46:06","slug":"lenovo-5d10q90268-156-lcd-fhd-matt-edp-30-tus-tartokkal-uj","status":"publish","type":"product","link":"https:\/\/boreait.com\/hu\/termek\/lenovo-5d10q90268-156-lcd-fhd-matt-edp-30-tus-tartokkal-uj\/","title":{"rendered":"Lenovo 5D10Q90268 15,6&#8243; LCD FHD matt eDP 30 t\u0171s tart\u00f3kkal \u00daj"},"content":{"rendered":"<p><strong><\/strong><\/p>\n<p>Fokozza laptopja kijelz\u0151j\u00e9t a Lenovo 5D10Q90268 15,6&#8243;-es LCD-k\u00e9perny\u0151vel. Ez a kiv\u00e1l\u00f3 min\u0151s\u00e9g\u0171 k\u00e9perny\u0151 Full HD (1920&#215;1080) felbont\u00e1st k\u00edn\u00e1l, \u00e9les \u00e9s tiszta k\u00e9pet biztos\u00edtva minden sz\u00e1m\u00edt\u00e1stechnikai ig\u00e9nyhez. A nem IPS-kijelz\u0151 megb\u00edzhat\u00f3 \u00e9s megfizethet\u0151 opci\u00f3t k\u00edn\u00e1l \u00e9les matt fel\u00fclettel, amely biztos\u00edtja a k\u00e9nyelmes k\u00f6rnyezetet, amely cs\u00f6kkenti a kil\u00e1t\u00e1st.<\/p>\n<p>A k\u00e9perny\u0151 30 t\u0171s eDP-csatlakoz\u00f3val van felszerelve, amely z\u00f6kken\u0151mentes kompatibilit\u00e1st biztos\u00edt az eszk\u00f6zzel. Ezenk\u00edv\u00fcl a fels\u0151 \u00e9s az als\u00f3 konzol is megtal\u00e1lhat\u00f3, \u00edgy a telep\u00edt\u00e9si folyamat egyszer\u0171 \u00e9s biztons\u00e1gos.<\/p>\n<p>Ak\u00e1r s\u00e9r\u00fclt k\u00e9perny\u0151t cser\u00e9l, ak\u00e1r a jobb vizu\u00e1lis teljes\u00edtm\u00e9ny \u00e9rdek\u00e9ben friss\u00edt, a Lenovo 5D10Q90268 LCD-k\u00e9perny\u0151 kiv\u00e1l\u00f3 v\u00e1laszt\u00e1s. Vadonat\u00faj, \u00edgy megb\u00edzhat abban, hogy hib\u00e1tlan \u00e1llapot\u00fa term\u00e9ket kap, amely k\u00e9szen \u00e1ll laptopja funkcionalit\u00e1s\u00e1nak jav\u00edt\u00e1s\u00e1ra.<\/p>\n","protected":false},"excerpt":{"rendered":"<p>Friss\u00edtse laptopj\u00e1t a Lenovo 5D10Q90268 15,6 h\u00fcvelykes LCD-k\u00e9perny\u0151vel. FHD felbont\u00e1ssal, matt fel\u00fclettel, eDP 30 t\u0171s csatlakoz\u00e1ssal, valamint a mell\u00e9kelt fels\u0151 \u00e9s als\u00f3 konzollal az egyszer\u0171 telep\u00edt\u00e9s \u00e9rdek\u00e9ben. \u00c1llapot: \u00daj.<\/p>\n","protected":false},"featured_media":9974,"template":"","meta":[],"product_brand":[],"product_cat":[81,71],"product_tag":[26],"class_list":{"0":"post-9978","1":"product","2":"type-product","3":"status-publish","4":"has-post-thumbnail","6":"product_cat-15-6-new-laptop-screens-lcd-panels","7":"product_cat-new-laptop-screens-lcd-panels","8":"product_tag-lenovo","10":"first","11":"instock","12":"taxable","13":"shipping-taxable","14":"purchasable","15":"product-type-simple"},"_links":{"self":[{"href":"https:\/\/boreait.com\/hu\/wp-json\/wp\/v2\/product\/9978","targetHints":{"allow":["GET"]}}],"collection":[{"href":"https:\/\/boreait.com\/hu\/wp-json\/wp\/v2\/product"}],"about":[{"href":"https:\/\/boreait.com\/hu\/wp-json\/wp\/v2\/types\/product"}],"wp:featuredmedia":[{"embeddable":true,"href":"https:\/\/boreait.com\/hu\/wp-json\/wp\/v2\/media\/9974"}],"wp:attachment":[{"href":"https:\/\/boreait.com\/hu\/wp-json\/wp\/v2\/media?parent=9978"}],"wp:term":[{"taxonomy":"product_brand","embeddable":true,"href":"https:\/\/boreait.com\/hu\/wp-json\/wp\/v2\/product_brand?post=9978"},{"taxonomy":"product_cat","embeddable":true,"href":"https:\/\/boreait.com\/hu\/wp-json\/wp\/v2\/product_cat?post=9978"},{"taxonomy":"product_tag","embeddable":true,"href":"https:\/\/boreait.com\/hu\/wp-json\/wp\/v2\/product_tag?post=9978"}],"curies":[{"name":"wp","href":"https:\/\/api.w.org\/{rel}","templated":true}]}}