{"id":9977,"date":"2025-09-17T12:46:00","date_gmt":"2025-09-17T10:46:00","guid":{"rendered":"https:\/\/boreait.com\/hu\/?post_type=product&#038;p=9977"},"modified":"2025-09-17T12:46:06","modified_gmt":"2025-09-17T10:46:06","slug":"lenovo-ideapad-330-156-fhd-lcd-kepernyo-matt-edp-30-tus-tartokkal-uj","status":"publish","type":"product","link":"https:\/\/boreait.com\/hu\/termek\/lenovo-ideapad-330-156-fhd-lcd-kepernyo-matt-edp-30-tus-tartokkal-uj\/","title":{"rendered":"Lenovo IdeaPad 330 15,6&#8243; FHD LCD k\u00e9perny\u0151 matt eDP 30 t\u0171s tart\u00f3kkal \u00daj"},"content":{"rendered":"<p><strong><\/strong><\/p>\n<p>Fokozza Lenovo IdeaPad 330 kijelz\u0151j\u00e9t ezzel a kiv\u00e1l\u00f3 min\u0151s\u00e9g\u0171, 15,6 h\u00fcvelykes LCD-k\u00e9perny\u0151vel, amely kompatibilis a 330-15IGM, 330-15AST \u00e9s 330-15IKB modellekkel. Ez a k\u00e9perny\u0151 Full HD (1920 x 1080) felbont\u00e1st k\u00edn\u00e1l, \u00edgy a tartalom \u00e9les, tiszta fel\u00fcletet biztos\u00edt, \u00edgy ide\u00e1lis \u00e9letet kelt. k\u00fcl\u00f6nf\u00e9le f\u00e9nyviszonyok k\u00f6z\u00f6tt.<\/p>\n<p>EDP 30 t\u0171s csatlakoz\u00f3val tervezett k\u00e9perny\u0151 megb\u00edzhat\u00f3 \u00e9s stabil kapcsolatot biztos\u00edt az eszk\u00f6zzel. Az IPS-k\u00e9perny\u0151kkel ellent\u00e9tben ez a nem IPS-k\u00e9perny\u0151 t\u00f6k\u00e9letes azoknak a felhaszn\u00e1l\u00f3knak, akik a sz\u00e9les betekint\u00e9si sz\u00f6gek n\u00e9lk\u00fcli szabv\u00e1nyos megtekint\u00e9si \u00e9lm\u00e9nyt r\u00e9szes\u00edtik el\u0151nyben. A mell\u00e9kelt fels\u0151 \u00e9s als\u00f3 konzolok egyszer\u0171 telep\u00edt\u00e9st tesznek lehet\u0151v\u00e9, \u00edgy egyszer\u0171en helyettes\u00edtheti a megl\u00e9v\u0151 k\u00e9perny\u0151t.<\/p>\n<p>Ak\u00e1r s\u00e9r\u00fclt k\u00e9perny\u0151t kell cser\u00e9lnie, ak\u00e1r egyszer\u0171en friss\u00edteni szeretne, ez a k\u00e9perny\u0151 megb\u00edzhat\u00f3 v\u00e1laszt\u00e1s. Vadonat\u00faj, garant\u00e1lja, hogy hib\u00e1tlan \u00e9s beszerel\u00e9sre k\u00e9sz term\u00e9ket kap.<\/p>\n","protected":false},"excerpt":{"rendered":"<p>Friss\u00edtse Lenovo IdeaPad 330-\u00e1t ezzel a 15,6 h\u00fcvelykes FHD LCD-k\u00e9perny\u0151vel. Matt fel\u00fclettel, 30 t\u0171s eDP-csatlakoz\u00f3val, valamint fels\u0151 \u00e9s als\u00f3 tart\u00f3konzollal tiszta, \u00e9les k\u00e9pet biztos\u00edt. \u00c1llapot: \u00daj.<\/p>\n","protected":false},"featured_media":9974,"template":"","meta":[],"product_brand":[],"product_cat":[81,71],"product_tag":[26],"class_list":{"0":"post-9977","1":"product","2":"type-product","3":"status-publish","4":"has-post-thumbnail","6":"product_cat-15-6-new-laptop-screens-lcd-panels","7":"product_cat-new-laptop-screens-lcd-panels","8":"product_tag-lenovo","10":"first","11":"instock","12":"taxable","13":"shipping-taxable","14":"purchasable","15":"product-type-simple"},"_links":{"self":[{"href":"https:\/\/boreait.com\/hu\/wp-json\/wp\/v2\/product\/9977","targetHints":{"allow":["GET"]}}],"collection":[{"href":"https:\/\/boreait.com\/hu\/wp-json\/wp\/v2\/product"}],"about":[{"href":"https:\/\/boreait.com\/hu\/wp-json\/wp\/v2\/types\/product"}],"wp:featuredmedia":[{"embeddable":true,"href":"https:\/\/boreait.com\/hu\/wp-json\/wp\/v2\/media\/9974"}],"wp:attachment":[{"href":"https:\/\/boreait.com\/hu\/wp-json\/wp\/v2\/media?parent=9977"}],"wp:term":[{"taxonomy":"product_brand","embeddable":true,"href":"https:\/\/boreait.com\/hu\/wp-json\/wp\/v2\/product_brand?post=9977"},{"taxonomy":"product_cat","embeddable":true,"href":"https:\/\/boreait.com\/hu\/wp-json\/wp\/v2\/product_cat?post=9977"},{"taxonomy":"product_tag","embeddable":true,"href":"https:\/\/boreait.com\/hu\/wp-json\/wp\/v2\/product_tag?post=9977"}],"curies":[{"name":"wp","href":"https:\/\/api.w.org\/{rel}","templated":true}]}}