{"id":9976,"date":"2025-09-17T12:45:59","date_gmt":"2025-09-17T10:45:59","guid":{"rendered":"https:\/\/boreait.com\/hu\/?post_type=product&#038;p=9976"},"modified":"2025-09-17T12:46:06","modified_gmt":"2025-09-17T10:46:06","slug":"n156bge-e41-e32-lcd-156-matt-fhd-edp-30-tus-tartokkal-uj","status":"publish","type":"product","link":"https:\/\/boreait.com\/hu\/termek\/n156bge-e41-e32-lcd-156-matt-fhd-edp-30-tus-tartokkal-uj\/","title":{"rendered":"N156BGE-E41 E32 LCD 15,6&#8243; matt FHD eDP 30 t\u0171s tart\u00f3kkal \u00daj"},"content":{"rendered":"<p><strong><\/strong><\/p>\n<p>Fokozza laptopja kijelz\u0151j\u00e9t az N156BGE-E41 E32 15,6 h\u00fcvelykes LCD-k\u00e9perny\u0151vel, amelyet az optim\u00e1lis teljes\u00edtm\u00e9nyre \u00e9s megb\u00edzhat\u00f3s\u00e1gra terveztek. Ez a k\u00e9perny\u0151 Full HD (1920&#215;1080) felbont\u00e1st biztos\u00edt, \u00edgy \u00e9les \u00e9s r\u00e9szletgazdag l\u00e1tv\u00e1nyt ny\u00fajt, amely feldobja a megtekint\u00e9si \u00e9lm\u00e9nyt. A matt fel\u00fclet minim\u00e1lisra cs\u00f6kkenti a t\u00fckr\u00f6z\u0151d\u00e9st, \u00edgy alkalmas a k\u00fcl\u00f6nf\u00e9le megvil\u00e1g\u00edt\u00e1s\u00fa k\u00f6rnyezetekben val\u00f3 haszn\u00e1latra.<\/p>\n<p>Ez a nem IPS k\u00e9perny\u0151 30 t\u0171s eDP csatlakoz\u00f3j\u00e1val biztons\u00e1gos \u00e9s stabil kapcsolatot biztos\u00edt eszk\u00f6z\u00e9vel. A fels\u0151 \u00e9s als\u00f3 konzolok be\u00e9p\u00edt\u00e9se leegyszer\u0171s\u00edti a telep\u00edt\u00e9st, \u00edgy k\u00e9nyelmes csere vagy friss\u00edt\u00e9s a jelenlegi k\u00e9perny\u0151h\u00f6z.<\/p>\n<p>Ak\u00e1r egy s\u00e9r\u00fclt k\u00e9perny\u0151t cser\u00e9l, ak\u00e1r friss\u00edteni szeretn\u00e9 a kijelz\u0151t, az N156BGE-E41 E32 megb\u00edzhat\u00f3 v\u00e1laszt\u00e1s, amely \u00faj term\u00e9kmin\u0151s\u00e9get \u00e9s tart\u00f3s teljes\u00edtm\u00e9nyt garant\u00e1l.<\/p>\n","protected":false},"excerpt":{"rendered":"<p>B\u0151v\u00edtse laptopj\u00e1t az N156BGE-E41 E32 15,6&#8243;-es LCD-k\u00e9perny\u0151vel. FHD felbont\u00e1s\u00fa, matt fel\u00fclettel \u00e9s 30 t\u0171s eDP-csatlakoz\u00e1ssal tiszta \u00e9s \u00e9les k\u00e9pet biztos\u00edt. Fels\u0151 \u00e9s als\u00f3 tart\u00f3kkal rendelkezik a k\u00f6nny\u0171 telep\u00edt\u00e9s \u00e9rdek\u00e9ben. \u00c1llapot: \u00daj.<\/p>\n","protected":false},"featured_media":9974,"template":"","meta":[],"product_brand":[],"product_cat":[81,71],"product_tag":[],"class_list":{"0":"post-9976","1":"product","2":"type-product","3":"status-publish","4":"has-post-thumbnail","6":"product_cat-15-6-new-laptop-screens-lcd-panels","7":"product_cat-new-laptop-screens-lcd-panels","9":"first","10":"instock","11":"taxable","12":"shipping-taxable","13":"purchasable","14":"product-type-simple"},"_links":{"self":[{"href":"https:\/\/boreait.com\/hu\/wp-json\/wp\/v2\/product\/9976","targetHints":{"allow":["GET"]}}],"collection":[{"href":"https:\/\/boreait.com\/hu\/wp-json\/wp\/v2\/product"}],"about":[{"href":"https:\/\/boreait.com\/hu\/wp-json\/wp\/v2\/types\/product"}],"wp:featuredmedia":[{"embeddable":true,"href":"https:\/\/boreait.com\/hu\/wp-json\/wp\/v2\/media\/9974"}],"wp:attachment":[{"href":"https:\/\/boreait.com\/hu\/wp-json\/wp\/v2\/media?parent=9976"}],"wp:term":[{"taxonomy":"product_brand","embeddable":true,"href":"https:\/\/boreait.com\/hu\/wp-json\/wp\/v2\/product_brand?post=9976"},{"taxonomy":"product_cat","embeddable":true,"href":"https:\/\/boreait.com\/hu\/wp-json\/wp\/v2\/product_cat?post=9976"},{"taxonomy":"product_tag","embeddable":true,"href":"https:\/\/boreait.com\/hu\/wp-json\/wp\/v2\/product_tag?post=9976"}],"curies":[{"name":"wp","href":"https:\/\/api.w.org\/{rel}","templated":true}]}}