{"id":9975,"date":"2025-09-17T12:45:59","date_gmt":"2025-09-17T10:45:59","guid":{"rendered":"https:\/\/boreait.com\/hu\/?post_type=product&#038;p=9975"},"modified":"2025-09-17T12:46:05","modified_gmt":"2025-09-17T10:46:05","slug":"lp156wh3-tps2-156-fhd-matt-lcd-kepernyo-edp-30-tus-tartokkal-uj","status":"publish","type":"product","link":"https:\/\/boreait.com\/hu\/termek\/lp156wh3-tps2-156-fhd-matt-lcd-kepernyo-edp-30-tus-tartokkal-uj\/","title":{"rendered":"LP156WH3-TPS2 15,6&#8243; FHD matt LCD k\u00e9perny\u0151 eDP 30 t\u0171s tart\u00f3kkal \u00daj"},"content":{"rendered":"<p><strong><\/strong><\/p>\n<p>Fokozza laptopja teljes\u00edtm\u00e9ny\u00e9t az LP156WH3-TPS2 15,6 h\u00fcvelykes LCD-k\u00e9perny\u0151vel. Ez a Full HD (1920&#215;1080) felbont\u00e1s\u00fa k\u00e9perny\u0151 \u00e9les, tiszta k\u00e9peket biztos\u00edt a kiv\u00e1l\u00f3 megtekint\u00e9si \u00e9lm\u00e9ny \u00e9rdek\u00e9ben. A matt fel\u00fclet cs\u00f6kkenti a t\u00fckr\u00f6z\u0151d\u00e9st, \u00edgy ide\u00e1lis k\u00fcl\u00f6nf\u00e9le f\u00e9nyviszonyok k\u00f6z\u00f6tt t\u00f6rt\u00e9n\u0151 haszn\u00e1latra.<\/p>\n<p>Ez a nem IPS k\u00e9perny\u0151 eDP 30 t\u0171s csatlakoz\u00e1ssal rendelkezik, amely megb\u00edzhat\u00f3 \u00e9s stabil kapcsolatot biztos\u00edt az eszk\u00f6zzel. A mell\u00e9kelt fels\u0151 \u00e9s als\u00f3 tart\u00f3konzolok egyszer\u0171v\u00e9 \u00e9s biztons\u00e1goss\u00e1 teszik a telep\u00edt\u00e9st, \u00e9s z\u00f6kken\u0151mentesen illeszkednek a laptopba.<\/p>\n<p>T\u00f6k\u00e9letes a s\u00e9r\u00fclt k\u00e9perny\u0151 cser\u00e9j\u00e9hez vagy a jobb l\u00e1tv\u00e1ny \u00e9rdek\u00e9ben t\u00f6rt\u00e9n\u0151 friss\u00edt\u00e9shez. Ez az LCD-k\u00e9perny\u0151 vadonat\u00faj \u00e1llapotban van, garant\u00e1lva a min\u0151s\u00e9get \u00e9s a teljes\u00edtm\u00e9nyt.<\/p>\n","protected":false},"excerpt":{"rendered":"<p>B\u0151v\u00edtse laptopj\u00e1t az LP156WH3-TPS2 15,6&#8243;-es LCD k\u00e9perny\u0151vel. Ez a matt, FHD kijelz\u0151 eDP 30 t\u0171s csatlakoz\u00e1ssal fels\u0151 \u00e9s als\u00f3 konzolokat tartalmaz az egyszer\u0171 telep\u00edt\u00e9s \u00e9rdek\u00e9ben. \u00c1llapot: \u00daj.<\/p>\n","protected":false},"featured_media":9974,"template":"","meta":[],"product_brand":[],"product_cat":[81,71],"product_tag":[],"class_list":{"0":"post-9975","1":"product","2":"type-product","3":"status-publish","4":"has-post-thumbnail","6":"product_cat-15-6-new-laptop-screens-lcd-panels","7":"product_cat-new-laptop-screens-lcd-panels","9":"first","10":"instock","11":"taxable","12":"shipping-taxable","13":"purchasable","14":"product-type-simple"},"_links":{"self":[{"href":"https:\/\/boreait.com\/hu\/wp-json\/wp\/v2\/product\/9975","targetHints":{"allow":["GET"]}}],"collection":[{"href":"https:\/\/boreait.com\/hu\/wp-json\/wp\/v2\/product"}],"about":[{"href":"https:\/\/boreait.com\/hu\/wp-json\/wp\/v2\/types\/product"}],"wp:featuredmedia":[{"embeddable":true,"href":"https:\/\/boreait.com\/hu\/wp-json\/wp\/v2\/media\/9974"}],"wp:attachment":[{"href":"https:\/\/boreait.com\/hu\/wp-json\/wp\/v2\/media?parent=9975"}],"wp:term":[{"taxonomy":"product_brand","embeddable":true,"href":"https:\/\/boreait.com\/hu\/wp-json\/wp\/v2\/product_brand?post=9975"},{"taxonomy":"product_cat","embeddable":true,"href":"https:\/\/boreait.com\/hu\/wp-json\/wp\/v2\/product_cat?post=9975"},{"taxonomy":"product_tag","embeddable":true,"href":"https:\/\/boreait.com\/hu\/wp-json\/wp\/v2\/product_tag?post=9975"}],"curies":[{"name":"wp","href":"https:\/\/api.w.org\/{rel}","templated":true}]}}