{"id":9972,"date":"2025-09-17T12:45:50","date_gmt":"2025-09-17T10:45:50","guid":{"rendered":"https:\/\/boreait.com\/hu\/?post_type=product&#038;p=9972"},"modified":"2025-09-17T12:45:57","modified_gmt":"2025-09-17T10:45:57","slug":"ltn156at37-l02-156-fhd-matt-lcd-kepernyo-30-tus-tartokkal-uj","status":"publish","type":"product","link":"https:\/\/boreait.com\/hu\/termek\/ltn156at37-l02-156-fhd-matt-lcd-kepernyo-30-tus-tartokkal-uj\/","title":{"rendered":"LTN156AT37-L02 15,6&#8243; FHD matt LCD k\u00e9perny\u0151 30 t\u0171s tart\u00f3kkal \u00daj"},"content":{"rendered":"\n<p>Fokozza laptopja kijelz\u0151j\u00e9t az LTN156AT37-L02 15,6 h\u00fcvelykes LCD-k\u00e9perny\u0151vel, amelyet a kiv\u00e1l\u00f3 teljes\u00edtm\u00e9ny \u00e9s a vizu\u00e1lis tisztas\u00e1g \u00e9rdek\u00e9ben terveztek. Ez a k\u00e9perny\u0151 Full HD (1920&#215;1080) felbont\u00e1ssal b\u00fcszk\u00e9lkedhet, amely biztos\u00edtja, hogy minden r\u00e9szlet \u00e9les \u00e9s tiszta legyen, t\u00f6k\u00e9letes a munk\u00e1hoz \u00e9s a sz\u00f3rakoz\u00e1shoz. A nem IPS technol\u00f3gia megb\u00edzhat\u00f3 teljes\u00edtm\u00e9nyt biztos\u00edt a k\u00fcl\u00f6nb\u00f6z\u0151 f\u00e9nyviszonyok mellett, pontos f\u00e9nyviszonyok mellett, mik\u00f6zben cs\u00f6kkenti a sz\u00edneket.<\/p>\n<p>A 30 t\u0171s eDP csatlakoz\u00e1s stabil \u00e9s biztons\u00e1gos kapcsolatot biztos\u00edt laptopj\u00e1val, a mell\u00e9kelt fels\u0151 \u00e9s als\u00f3 tart\u00f3konzolok pedig egyszer\u0171v\u00e9 \u00e9s biztons\u00e1goss\u00e1 teszik a telep\u00edt\u00e9st. Ak\u00e1r egy s\u00e9r\u00fclt k\u00e9perny\u0151t cser\u00e9l, ak\u00e1r a jobb l\u00e1tv\u00e1ny \u00e9rdek\u00e9ben friss\u00edt, ez az LCD-k\u00e9perny\u0151 ide\u00e1lis v\u00e1laszt\u00e1s.<\/p>\n<p>K\u00e9rj\u00fck, vegye figyelembe, hogy ez a k\u00e9perny\u0151 teljesen \u00faj \u00e1llapotban van, ami biztos\u00edtja, hogy kiv\u00e1l\u00f3 min\u0151s\u00e9g\u0171 term\u00e9ket kapjon haszn\u00e1latra k\u00e9szen.<\/p>\n","protected":false},"excerpt":{"rendered":"<p>B\u0151v\u00edtse laptopj\u00e1t az LTN156AT37-L02 15,6 h\u00fcvelykes LCD-k\u00e9perny\u0151vel. Full HD felbont\u00e1s\u00fa, matt fel\u00fclettel \u00e9s 30 t\u0171s eDP-csatlakoz\u00f3val rendelkez\u0151 k\u00e9perny\u0151 tiszta \u00e9s \u00e9les k\u00e9pet biztos\u00edt. Fels\u0151 \u00e9s als\u00f3 tart\u00f3kkal. \u00c1llapot: \u00daj.<\/p>\n","protected":false},"featured_media":9974,"template":"","meta":[],"product_brand":[],"product_cat":[81,71],"product_tag":[],"class_list":{"0":"post-9972","1":"product","2":"type-product","3":"status-publish","4":"has-post-thumbnail","6":"product_cat-15-6-new-laptop-screens-lcd-panels","7":"product_cat-new-laptop-screens-lcd-panels","9":"first","10":"instock","11":"taxable","12":"shipping-taxable","13":"purchasable","14":"product-type-simple"},"_links":{"self":[{"href":"https:\/\/boreait.com\/hu\/wp-json\/wp\/v2\/product\/9972","targetHints":{"allow":["GET"]}}],"collection":[{"href":"https:\/\/boreait.com\/hu\/wp-json\/wp\/v2\/product"}],"about":[{"href":"https:\/\/boreait.com\/hu\/wp-json\/wp\/v2\/types\/product"}],"wp:featuredmedia":[{"embeddable":true,"href":"https:\/\/boreait.com\/hu\/wp-json\/wp\/v2\/media\/9974"}],"wp:attachment":[{"href":"https:\/\/boreait.com\/hu\/wp-json\/wp\/v2\/media?parent=9972"}],"wp:term":[{"taxonomy":"product_brand","embeddable":true,"href":"https:\/\/boreait.com\/hu\/wp-json\/wp\/v2\/product_brand?post=9972"},{"taxonomy":"product_cat","embeddable":true,"href":"https:\/\/boreait.com\/hu\/wp-json\/wp\/v2\/product_cat?post=9972"},{"taxonomy":"product_tag","embeddable":true,"href":"https:\/\/boreait.com\/hu\/wp-json\/wp\/v2\/product_tag?post=9972"}],"curies":[{"name":"wp","href":"https:\/\/api.w.org\/{rel}","templated":true}]}}