{"id":9971,"date":"2025-09-17T12:45:50","date_gmt":"2025-09-17T10:45:50","guid":{"rendered":"https:\/\/boreait.com\/hu\/?post_type=product&#038;p=9971"},"modified":"2025-09-17T12:45:57","modified_gmt":"2025-09-17T10:45:57","slug":"b156xtn04-1-lcd-156-fhd-matt-edp-30-tus-tartokkal-uj","status":"publish","type":"product","link":"https:\/\/boreait.com\/hu\/termek\/b156xtn04-1-lcd-156-fhd-matt-edp-30-tus-tartokkal-uj\/","title":{"rendered":"B156XTN04.1 LCD 15,6&#8243; FHD matt eDP 30 t\u0171s tart\u00f3kkal \u00daj"},"content":{"rendered":"\n<p>B\u0151v\u00edtse laptopj\u00e1t a B156XTN04.1 15,6 h\u00fcvelykes LCD-k\u00e9perny\u0151vel. Ez a matt FHD-kijelz\u0151 eDP 30 t\u0171s csatlakoz\u00e1ssal tiszta \u00e9s \u00e9les k\u00e9pet biztos\u00edt. Fels\u0151 \u00e9s als\u00f3 konzolokkal is rendelkezik az egyszer\u0171 telep\u00edt\u00e9s \u00e9rdek\u00e9ben. \u00c1llapot: \u00daj.<\/p>\n<p><strong>Hossz\u00fa le\u00edr\u00e1s:<\/strong> N\u00f6velje laptopja kijelz\u0151j\u00e9t a B156XTN04.1 15,6 h\u00fcvelykes LCD-k\u00e9perny\u0151vel, amely kiv\u00e1l\u00f3 teljes\u00edtm\u00e9nyt \u00e9s vizu\u00e1lis tisztas\u00e1got biztos\u00edt. Full HD (1920&#215;1080) felbont\u00e1s\u00fa, nem IPS-kijelz\u0151 \u00e9les k\u00e9peket \u00e9s prec\u00edz r\u00e9szleteket k\u00edn\u00e1l, \u00edgy t\u00f6k\u00e9letes a mindennapi haszn\u00e1latra. A matt fel\u00fclet cs\u00f6kkenti az egyenletes l\u00e1tv\u00e1nyt a k\u00f6rnyezetben.<\/p>\n<p>Ez a k\u00e9perny\u0151 fels\u0151 \u00e9s als\u00f3 tart\u00f3kkal van felszerelve, \u00edgy a telep\u00edt\u00e9s egyszer\u0171 \u00e9s biztons\u00e1gos. Az eDP 30 t\u0171s csatlakoz\u00f3 stabil \u00e9s megb\u00edzhat\u00f3 kapcsolatot biztos\u00edt az eszk\u00f6zzel, \u00edgy biztos\u00edtva a folyamatos teljes\u00edtm\u00e9nyt.<\/p>\n<p>Ak\u00e1r s\u00e9r\u00fclt k\u00e9perny\u0151t cser\u00e9l, ak\u00e1r laptopja megjelen\u00edt\u00e9si min\u0151s\u00e9g\u00e9t szeretn\u00e9 jav\u00edtani, a B156XTN04.1 megb\u00edzhat\u00f3 v\u00e1laszt\u00e1s. A k\u00e9perny\u0151 vadonat\u00faj, garant\u00e1lja, hogy a dobozb\u00f3l azonnal kifog\u00e1stalan \u00e1llapotban, haszn\u00e1latra k\u00e9sz term\u00e9ket kap.<\/p>\n","protected":false},"excerpt":{"rendered":"<p>B\u0151v\u00edtse laptopj\u00e1t a B156XTN04.1 15,6&#8243;-es LCD-k\u00e9perny\u0151vel. Ez a matt FHD-kijelz\u0151 eDP 30 t\u0171s csatlakoz\u00e1ssal tiszta \u00e9s \u00e9les k\u00e9pet biztos\u00edt. Fels\u0151 \u00e9s als\u00f3 konzolokat tartalmaz az egyszer\u0171 telep\u00edt\u00e9s \u00e9rdek\u00e9ben. \u00c1llapot: \u00daj.<\/p>\n","protected":false},"featured_media":9974,"template":"","meta":[],"product_brand":[],"product_cat":[81,71],"product_tag":[],"class_list":{"0":"post-9971","1":"product","2":"type-product","3":"status-publish","4":"has-post-thumbnail","6":"product_cat-15-6-new-laptop-screens-lcd-panels","7":"product_cat-new-laptop-screens-lcd-panels","9":"first","10":"instock","11":"taxable","12":"shipping-taxable","13":"purchasable","14":"product-type-simple"},"_links":{"self":[{"href":"https:\/\/boreait.com\/hu\/wp-json\/wp\/v2\/product\/9971","targetHints":{"allow":["GET"]}}],"collection":[{"href":"https:\/\/boreait.com\/hu\/wp-json\/wp\/v2\/product"}],"about":[{"href":"https:\/\/boreait.com\/hu\/wp-json\/wp\/v2\/types\/product"}],"wp:featuredmedia":[{"embeddable":true,"href":"https:\/\/boreait.com\/hu\/wp-json\/wp\/v2\/media\/9974"}],"wp:attachment":[{"href":"https:\/\/boreait.com\/hu\/wp-json\/wp\/v2\/media?parent=9971"}],"wp:term":[{"taxonomy":"product_brand","embeddable":true,"href":"https:\/\/boreait.com\/hu\/wp-json\/wp\/v2\/product_brand?post=9971"},{"taxonomy":"product_cat","embeddable":true,"href":"https:\/\/boreait.com\/hu\/wp-json\/wp\/v2\/product_cat?post=9971"},{"taxonomy":"product_tag","embeddable":true,"href":"https:\/\/boreait.com\/hu\/wp-json\/wp\/v2\/product_tag?post=9971"}],"curies":[{"name":"wp","href":"https:\/\/api.w.org\/{rel}","templated":true}]}}