{"id":997,"date":"2025-09-17T09:52:26","date_gmt":"2025-09-17T07:52:26","guid":{"rendered":"https:\/\/boreait.com\/hu\/?post_type=product&#038;p=997"},"modified":"2025-09-17T09:53:45","modified_gmt":"2025-09-17T07:53:45","slug":"eredeti-lenovo-thinkpad-e570-01en349-cd-dvd-lemezmeghajto-gue0n-laptop","status":"publish","type":"product","link":"https:\/\/boreait.com\/hu\/termek\/eredeti-lenovo-thinkpad-e570-01en349-cd-dvd-lemezmeghajto-gue0n-laptop\/","title":{"rendered":"Eredeti Lenovo ThinkPad E570 01EN349 CD DVD lemezmeghajt\u00f3 GUE0N laptop"},"content":{"rendered":"<p>Friss\u00edtse Lenovo ThinkPad E570 laptopj\u00e1t az eredeti Lenovo ThinkPad E570 01EN349 CD DVD-meghajt\u00f3val (GUE0N), amely egy megb\u00edzhat\u00f3 \u00e9s nagy teljes\u00edtm\u00e9ny\u0171 optikai meghajt\u00f3. A kifejezetten a ThinkPad E570 sorozathoz tervezett meghajt\u00f3 z\u00f6kken\u0151mentes kompatibilit\u00e1st \u00e9s funkcionalit\u00e1st k\u00edn\u00e1l.<\/p>\n<p>Az eredeti Lenovo ThinkPad E570 01EN349 CD DVD-meghajt\u00f3 (GUE0N) lehet\u0151v\u00e9 teszi k\u00fcl\u00f6nf\u00e9le t\u00edpus\u00fa CD-k \u00e9s DVD-k olvas\u00e1s\u00e1t \u00e9s \u00edr\u00e1s\u00e1t, \u00edgy sokoldal\u00fa megold\u00e1st jelent adatt\u00e1rol\u00e1si \u00e9s m\u00e9diasz\u00fcks\u00e9gletei kiel\u00e9g\u00edt\u00e9s\u00e9re. Ezzel a praktikus optikai meghajt\u00f3val k\u00e9sz\u00edtsen biztons\u00e1gi m\u00e1solatot a fontos dokumentumokr\u00f3l, \u00edrja ki kedvenc zen\u00e9it CD-re, vagy n\u00e9zzen filmeket \u00fatk\u00f6zben.<\/p>\n<p>Nagy sebess\u00e9g\u0171 adat\u00e1tviteli sebess\u00e9g\u00e9vel \u00e9s hat\u00e9kony teljes\u00edtm\u00e9ny\u00e9vel ez a meghajt\u00f3 z\u00f6kken\u0151mentes \u00e9s megb\u00edzhat\u00f3 m\u0171k\u00f6d\u00e9st biztos\u00edt. Ak\u00e1r nagy f\u00e1jlokat m\u00e1sol, ak\u00e1r lemezeket \u00edr, ak\u00e1r nagy felbont\u00e1s\u00fa vide\u00f3kat n\u00e9z, az eredeti Lenovo ThinkPad E570 01EN349 CD DVD-meghajt\u00f3 (GUE0N) kiv\u00e1l\u00f3 eredm\u00e9nyeket biztos\u00edt.<\/p>\n<p>A telep\u00edt\u00e9s gyerekj\u00e1t\u00e9k, mivel ez az optikai meghajt\u00f3 z\u00f6kken\u0151mentesen illeszkedik a Lenovo ThinkPad E570 laptop optikai meghajt\u00f3rekesz\u00e9be. \u00c9lvezze a plug-and-play funkci\u00f3 egyszer\u0171s\u00e9g\u00e9t \u00e9s k\u00e9nyelm\u00e9t, \u00edgy minden tov\u00e1bbi be\u00e1ll\u00edt\u00e1s n\u00e9lk\u00fcl azonnal elkezdheti haszn\u00e1lni a meghajt\u00f3t.<\/p>\n<p>Az eredeti Lenovo ThinkPad E570 01EN349 CD DVD-meghajt\u00f3 (GUE0N) a tart\u00f3ss\u00e1got \u00e9s a hossz\u00fa \u00e9lettartamot szem el\u0151tt tartva k\u00e9sz\u00fclt, \u00edgy hossz\u00fa ideig j\u00f3l fog szolg\u00e1lni. T\u00e1lcabet\u00f6lt\u0151 mechanizmusa lehet\u0151v\u00e9 teszi a lemezek egyszer\u0171 behelyez\u00e9s\u00e9t \u00e9s elt\u00e1vol\u00edt\u00e1s\u00e1t, \u00edgy probl\u00e9mamentes m\u0171k\u00f6d\u00e9st biztos\u00edt.<\/p>\n<p>B\u0151v\u00edtse ki Lenovo ThinkPad E570 funkcionalit\u00e1s\u00e1t ezzel a megb\u00edzhat\u00f3 \u00e9s eredeti CD DVD meghajt\u00f3val. Tapasztalja meg a CD-n \u00e9s DVD-n l\u00e9v\u0151 adatok egyszer\u0171 el\u00e9r\u00e9s\u00e9nek, l\u00e9trehoz\u00e1s\u00e1nak \u00e9s kezel\u00e9s\u00e9nek szabads\u00e1g\u00e1t. Ak\u00e1r szoftvereket kell telep\u00edtenie, ak\u00e1r DVD-ket n\u00e9znie, ak\u00e1r fontos f\u00e1jlokr\u00f3l biztons\u00e1gi m\u00e1solatot kell k\u00e9sz\u00edtenie, az eredeti Lenovo ThinkPad E570 01EN349 CD DVD-meghajt\u00f3 (GUE0N) elengedhetetlen kieg\u00e9sz\u00edt\u0151je laptopj\u00e1nak.<\/p>\n","protected":false},"excerpt":{"rendered":"<p>Az eredeti Lenovo ThinkPad E570 01EN349 CD DVD-meghajt\u00f3 (GUE0N) egy megb\u00edzhat\u00f3 \u00e9s sokoldal\u00fa optikai meghajt\u00f3, amelyet kifejezetten Lenovo ThinkPad E570 laptopokhoz terveztek. Ezzel a meghajt\u00f3val k\u00fcl\u00f6nf\u00e9le t\u00edpus\u00fa CD-k \u00e9s DVD-k \u00edrhat\u00f3k \u00e9s olvashat\u00f3k, \u00edgy t\u00f6k\u00e9letes adatment\u00e9shez, szoftvertelep\u00edt\u00e9shez \u00e9s m\u00e9dialej\u00e1tsz\u00e1shoz.<\/p>\n","protected":false},"featured_media":1065,"template":"","meta":[],"product_brand":[],"product_cat":[27],"product_tag":[26],"class_list":{"0":"post-997","1":"product","2":"type-product","3":"status-publish","4":"has-post-thumbnail","6":"product_cat-motherboards-board-parts","7":"product_tag-lenovo","9":"first","10":"instock","11":"taxable","12":"shipping-taxable","13":"purchasable","14":"product-type-simple"},"_links":{"self":[{"href":"https:\/\/boreait.com\/hu\/wp-json\/wp\/v2\/product\/997","targetHints":{"allow":["GET"]}}],"collection":[{"href":"https:\/\/boreait.com\/hu\/wp-json\/wp\/v2\/product"}],"about":[{"href":"https:\/\/boreait.com\/hu\/wp-json\/wp\/v2\/types\/product"}],"wp:featuredmedia":[{"embeddable":true,"href":"https:\/\/boreait.com\/hu\/wp-json\/wp\/v2\/media\/1065"}],"wp:attachment":[{"href":"https:\/\/boreait.com\/hu\/wp-json\/wp\/v2\/media?parent=997"}],"wp:term":[{"taxonomy":"product_brand","embeddable":true,"href":"https:\/\/boreait.com\/hu\/wp-json\/wp\/v2\/product_brand?post=997"},{"taxonomy":"product_cat","embeddable":true,"href":"https:\/\/boreait.com\/hu\/wp-json\/wp\/v2\/product_cat?post=997"},{"taxonomy":"product_tag","embeddable":true,"href":"https:\/\/boreait.com\/hu\/wp-json\/wp\/v2\/product_tag?post=997"}],"curies":[{"name":"wp","href":"https:\/\/api.w.org\/{rel}","templated":true}]}}