{"id":9968,"date":"2025-09-17T12:45:49","date_gmt":"2025-09-17T10:45:49","guid":{"rendered":"https:\/\/boreait.com\/hu\/?post_type=product&#038;p=9968"},"modified":"2025-09-17T12:45:57","modified_gmt":"2025-09-17T10:45:57","slug":"ltn156at39-401-lcd-156-matt-fhd-edp-30-tus-tartokkal-uj","status":"publish","type":"product","link":"https:\/\/boreait.com\/hu\/termek\/ltn156at39-401-lcd-156-matt-fhd-edp-30-tus-tartokkal-uj\/","title":{"rendered":"LTN156AT39-401 LCD 15,6&#8243; matt FHD eDP 30 t\u0171s tart\u00f3kkal \u00daj"},"content":{"rendered":"\n<p>Fokozza laptopja kijelz\u0151j\u00e9t az LTN156AT39-401 15,6 h\u00fcvelykes LCD-k\u00e9perny\u0151vel, amely tiszta \u00e9s \u00e9les k\u00e9pet ny\u00fajt. Ez a k\u00e9perny\u0151 Full HD (1920&#215;1080) felbont\u00e1st k\u00edn\u00e1l, amely r\u00e9szletes k\u00e9peket biztos\u00edt a jobb megtekint\u00e9si \u00e9lm\u00e9ny \u00e9rdek\u00e9ben. A nem IPS technol\u00f3gia j\u00f3 tisztas\u00e1got biztos\u00edt, m\u00edg a matt fel\u00fclet cs\u00f6kkenti a k\u00fcl\u00f6nf\u00e9le f\u00e9nyviszonyokat, \u00edgy alkalmass\u00e1 teszi a t\u00fckr\u00f6z\u0151d\u00e9st.<\/p>\n<p>A 30 t\u0171s eDP csatlakoz\u00f3 biztons\u00e1gos kapcsolatot biztos\u00edt laptopj\u00e1val, m\u00edg a mell\u00e9kelt fels\u0151 \u00e9s als\u00f3 tart\u00f3 leegyszer\u0171s\u00edti a telep\u00edt\u00e9si folyamatot. Ak\u00e1r egy s\u00e9r\u00fclt k\u00e9perny\u0151t cser\u00e9l, ak\u00e1r a jobb l\u00e1tv\u00e1ny \u00e9rdek\u00e9ben friss\u00edt, ez az LCD-k\u00e9perny\u0151 megb\u00edzhat\u00f3 v\u00e1laszt\u00e1s eszk\u00f6ze sz\u00e1m\u00e1ra.<\/p>\n<p>K\u00e9rj\u00fck, vegye figyelembe, hogy ez a k\u00e9perny\u0151 teljesen \u00faj \u00e1llapotban van, ami biztos\u00edtja, hogy hib\u00e1tlan \u00e9s telep\u00edt\u00e9sre k\u00e9sz term\u00e9ket kapjon.<\/p>\n","protected":false},"excerpt":{"rendered":"<p>B\u0151v\u00edtse laptopj\u00e1t az LTN156AT39-401 15,6 h\u00fcvelykes LCD-k\u00e9perny\u0151vel. FHD felbont\u00e1s\u00fa, matt fel\u00fclettel, eDP 30 t\u0171s csatlakoz\u00e1ssal, valamint fels\u0151 \u00e9s als\u00f3 tart\u00f3konzollal \u00e9les l\u00e1tv\u00e1nyt ny\u00fajt. \u00c1llapot: \u00daj.<\/p>\n","protected":false},"featured_media":9974,"template":"","meta":[],"product_brand":[],"product_cat":[81,71],"product_tag":[],"class_list":{"0":"post-9968","1":"product","2":"type-product","3":"status-publish","4":"has-post-thumbnail","6":"product_cat-15-6-new-laptop-screens-lcd-panels","7":"product_cat-new-laptop-screens-lcd-panels","9":"first","10":"instock","11":"taxable","12":"shipping-taxable","13":"purchasable","14":"product-type-simple"},"_links":{"self":[{"href":"https:\/\/boreait.com\/hu\/wp-json\/wp\/v2\/product\/9968","targetHints":{"allow":["GET"]}}],"collection":[{"href":"https:\/\/boreait.com\/hu\/wp-json\/wp\/v2\/product"}],"about":[{"href":"https:\/\/boreait.com\/hu\/wp-json\/wp\/v2\/types\/product"}],"wp:featuredmedia":[{"embeddable":true,"href":"https:\/\/boreait.com\/hu\/wp-json\/wp\/v2\/media\/9974"}],"wp:attachment":[{"href":"https:\/\/boreait.com\/hu\/wp-json\/wp\/v2\/media?parent=9968"}],"wp:term":[{"taxonomy":"product_brand","embeddable":true,"href":"https:\/\/boreait.com\/hu\/wp-json\/wp\/v2\/product_brand?post=9968"},{"taxonomy":"product_cat","embeddable":true,"href":"https:\/\/boreait.com\/hu\/wp-json\/wp\/v2\/product_cat?post=9968"},{"taxonomy":"product_tag","embeddable":true,"href":"https:\/\/boreait.com\/hu\/wp-json\/wp\/v2\/product_tag?post=9968"}],"curies":[{"name":"wp","href":"https:\/\/api.w.org\/{rel}","templated":true}]}}