{"id":9967,"date":"2025-09-17T12:45:49","date_gmt":"2025-09-17T10:45:49","guid":{"rendered":"https:\/\/boreait.com\/hu\/?post_type=product&#038;p=9967"},"modified":"2025-09-17T12:45:56","modified_gmt":"2025-09-17T10:45:56","slug":"b156xtn07-1-lcd-156-matt-fhd-edp-30-tus-tartokkal-uj","status":"publish","type":"product","link":"https:\/\/boreait.com\/hu\/termek\/b156xtn07-1-lcd-156-matt-fhd-edp-30-tus-tartokkal-uj\/","title":{"rendered":"B156XTN07.1 LCD 15,6&#8243; matt FHD eDP 30 t\u0171s tart\u00f3kkal \u00daj"},"content":{"rendered":"\n<p>Fokozza laptopja vizu\u00e1lis \u00e9lm\u00e9ny\u00e9t a B156XTN07.1 15,6 h\u00fcvelykes LCD-k\u00e9perny\u0151vel. Ez a k\u00e9perny\u0151 Full HD (1920&#215;1080) felbont\u00e1st k\u00edn\u00e1l, \u00e9les \u00e9s tiszta k\u00e9peket biztos\u00edt, ide\u00e1lis munk\u00e1hoz \u00e9s sz\u00f3rakoz\u00e1shoz. A matt fel\u00fclet minim\u00e1lisra cs\u00f6kkenti a t\u00fckr\u00f6z\u0151d\u00e9st, k\u00e9nyelmes megtekint\u00e9si \u00e9lm\u00e9nyt biztos\u00edtva m\u00e9g vil\u00e1gos k\u00f6rnyezetben is.<\/p>\n<p>A B156XTN07.1 k\u00e9perny\u0151 30 t\u0171s eDP-kapcsolattal rendelkezik, amely megb\u00edzhat\u00f3 \u00e9s biztons\u00e1gos kapcsolatot biztos\u00edt laptopj\u00e1val. Sok m\u00e1s k\u00e9perny\u0151vel ellent\u00e9tben ez a modell fels\u0151 \u00e9s als\u00f3 konzolokkal van felszerelve, \u00edgy a telep\u00edt\u00e9s egyszer\u0171 \u00e9s probl\u00e9mamentes.<\/p>\n<p>Ez a k\u00e9perny\u0151 nem IPS, de tov\u00e1bbra is kiv\u00e1l\u00f3 k\u00e9pmin\u0151s\u00e9get biztos\u00edt j\u00f3 sz\u00ednpontoss\u00e1ggal \u00e9s f\u00e9nyer\u0151vel. Kiv\u00e1l\u00f3 v\u00e1laszt\u00e1s azok sz\u00e1m\u00e1ra, akiknek megb\u00edzhat\u00f3 \u00e9s k\u00f6lts\u00e9ghat\u00e9kony cser\u00e9re vagy friss\u00edt\u00e9sre van sz\u00fcks\u00e9g\u00fck.<\/p>\n<p>K\u00e9rj\u00fck, vegye figyelembe, hogy ez az LCD-k\u00e9perny\u0151 teljesen \u00faj \u00e1llapotban van, \u00edgy azonnali haszn\u00e1latra k\u00e9sz term\u00e9ket kap, hiba n\u00e9lk\u00fcl.<\/p>\n","protected":false},"excerpt":{"rendered":"<p>B\u0151v\u00edtse laptop kijelz\u0151j\u00e9t a B156XTN07.1 15,6 h\u00fcvelykes LCD-k\u00e9perny\u0151vel. Matt fel\u00fclettel, FHD felbont\u00e1ssal, eDP 30 t\u0171s csatlakoz\u00e1ssal, valamint fels\u0151 \u00e9s als\u00f3 konzollal t\u00f6k\u00e9letes a tiszta \u00e9s t\u00fckr\u00f6z\u0151d\u00e9smentes megtekint\u00e9shez. \u00c1llapot: \u00daj.<\/p>\n","protected":false},"featured_media":9974,"template":"","meta":[],"product_brand":[],"product_cat":[81,71],"product_tag":[],"class_list":{"0":"post-9967","1":"product","2":"type-product","3":"status-publish","4":"has-post-thumbnail","6":"product_cat-15-6-new-laptop-screens-lcd-panels","7":"product_cat-new-laptop-screens-lcd-panels","9":"first","10":"instock","11":"taxable","12":"shipping-taxable","13":"purchasable","14":"product-type-simple"},"_links":{"self":[{"href":"https:\/\/boreait.com\/hu\/wp-json\/wp\/v2\/product\/9967","targetHints":{"allow":["GET"]}}],"collection":[{"href":"https:\/\/boreait.com\/hu\/wp-json\/wp\/v2\/product"}],"about":[{"href":"https:\/\/boreait.com\/hu\/wp-json\/wp\/v2\/types\/product"}],"wp:featuredmedia":[{"embeddable":true,"href":"https:\/\/boreait.com\/hu\/wp-json\/wp\/v2\/media\/9974"}],"wp:attachment":[{"href":"https:\/\/boreait.com\/hu\/wp-json\/wp\/v2\/media?parent=9967"}],"wp:term":[{"taxonomy":"product_brand","embeddable":true,"href":"https:\/\/boreait.com\/hu\/wp-json\/wp\/v2\/product_brand?post=9967"},{"taxonomy":"product_cat","embeddable":true,"href":"https:\/\/boreait.com\/hu\/wp-json\/wp\/v2\/product_cat?post=9967"},{"taxonomy":"product_tag","embeddable":true,"href":"https:\/\/boreait.com\/hu\/wp-json\/wp\/v2\/product_tag?post=9967"}],"curies":[{"name":"wp","href":"https:\/\/api.w.org\/{rel}","templated":true}]}}