{"id":9966,"date":"2025-09-17T12:45:49","date_gmt":"2025-09-17T10:45:49","guid":{"rendered":"https:\/\/boreait.com\/hu\/?post_type=product&#038;p=9966"},"modified":"2025-09-17T12:45:56","modified_gmt":"2025-09-17T10:45:56","slug":"acer-aspire-es1-533-n16c1-lcd-kepernyo-156-fhd-matt-30-tus-uj-konzolokkal","status":"publish","type":"product","link":"https:\/\/boreait.com\/hu\/termek\/acer-aspire-es1-533-n16c1-lcd-kepernyo-156-fhd-matt-30-tus-uj-konzolokkal\/","title":{"rendered":"Acer Aspire ES1-533 N16C1 LCD k\u00e9perny\u0151 15,6&#8243; FHD matt 30 t\u0171s \u00faj, konzolokkal"},"content":{"rendered":"\n<p>Fokozza az Acer Aspire ES1-533 N16C1 kijelz\u0151j\u00e9t ezzel a kiv\u00e1l\u00f3 min\u0151s\u00e9g\u0171, 15,6 h\u00fcvelykes LCD-k\u00e9perny\u0151vel. A tiszta \u00e9s \u00e9les megjelen\u00edt\u00e9sre tervezett Full HD (1920&#215;1080) k\u00e9perny\u0151 matt fel\u00fclettel rendelkezik, amely minim\u00e1lisra cs\u00f6kkenti a t\u00fckr\u00f6z\u0151d\u00e9st, \u00edgy belt\u00e9ri \u00e9s k\u00fclt\u00e9ri haszn\u00e1latra egyar\u00e1nt ide\u00e1lis. A k\u00e9perny\u0151 biztons\u00e1gos illeszked\u00e9st biztos\u00edt a telep\u00edt\u00e9s sor\u00e1n, fels\u0151 \u00e9s als\u00f3 r\u00f6gz\u00edt\u00e9ssel.<\/p>\n<p>Ez a k\u00e9perny\u0151 30 t\u0171s eDP-csatlakoz\u00f3val van felszerelve, amely megb\u00edzhat\u00f3 kapcsolatot biztos\u00edt az eszk\u00f6zzel. Noha ez nem IPS-k\u00e9perny\u0151, m\u00e9gis \u00e9l\u00e9nk sz\u00edneket \u00e9s j\u00f3 betekint\u00e9si sz\u00f6geket biztos\u00edt, \u00edgy t\u00f6k\u00e9letes a mindennapi feladatokhoz, p\u00e9ld\u00e1ul b\u00f6ng\u00e9sz\u00e9shez, streamel\u00e9shez \u00e9s irodai munk\u00e1hoz.<\/p>\n<p>Ak\u00e1r s\u00e9r\u00fclt k\u00e9perny\u0151t cser\u00e9l, ak\u00e1r a jobb teljes\u00edtm\u00e9ny \u00e9rdek\u00e9ben friss\u00edt, ez az \u00faj LCD-k\u00e9perny\u0151 praktikus megold\u00e1st k\u00edn\u00e1l laptopja kijelz\u0151j\u00e9nek eredeti min\u0151s\u00e9g\u00e9nek vissza\u00e1ll\u00edt\u00e1s\u00e1ra.<\/p>\n","protected":false},"excerpt":{"rendered":"<p>B\u0151v\u00edtse Acer Aspire ES1-533 N16C1 k\u00e9sz\u00fcl\u00e9k\u00e9t egy 15,6&#8243;-os FHD matt LCD-k\u00e9perny\u0151vel. 30 t\u0171s eDP-csatlakoz\u00f3val, valamint fels\u0151 \u00e9s als\u00f3 konzolokkal az egyszer\u0171 telep\u00edt\u00e9s \u00e9rdek\u00e9ben. Nem IPS kijelz\u0151 az \u00e9les k\u00e9p\u00e9rt. \u00c1llapot: \u00daj.<\/p>\n","protected":false},"featured_media":9974,"template":"","meta":[],"product_brand":[],"product_cat":[81,71],"product_tag":[29],"class_list":{"0":"post-9966","1":"product","2":"type-product","3":"status-publish","4":"has-post-thumbnail","6":"product_cat-15-6-new-laptop-screens-lcd-panels","7":"product_cat-new-laptop-screens-lcd-panels","8":"product_tag-acer","10":"first","11":"instock","12":"taxable","13":"shipping-taxable","14":"purchasable","15":"product-type-simple"},"_links":{"self":[{"href":"https:\/\/boreait.com\/hu\/wp-json\/wp\/v2\/product\/9966","targetHints":{"allow":["GET"]}}],"collection":[{"href":"https:\/\/boreait.com\/hu\/wp-json\/wp\/v2\/product"}],"about":[{"href":"https:\/\/boreait.com\/hu\/wp-json\/wp\/v2\/types\/product"}],"wp:featuredmedia":[{"embeddable":true,"href":"https:\/\/boreait.com\/hu\/wp-json\/wp\/v2\/media\/9974"}],"wp:attachment":[{"href":"https:\/\/boreait.com\/hu\/wp-json\/wp\/v2\/media?parent=9966"}],"wp:term":[{"taxonomy":"product_brand","embeddable":true,"href":"https:\/\/boreait.com\/hu\/wp-json\/wp\/v2\/product_brand?post=9966"},{"taxonomy":"product_cat","embeddable":true,"href":"https:\/\/boreait.com\/hu\/wp-json\/wp\/v2\/product_cat?post=9966"},{"taxonomy":"product_tag","embeddable":true,"href":"https:\/\/boreait.com\/hu\/wp-json\/wp\/v2\/product_tag?post=9966"}],"curies":[{"name":"wp","href":"https:\/\/api.w.org\/{rel}","templated":true}]}}