{"id":9964,"date":"2025-09-17T12:45:49","date_gmt":"2025-09-17T10:45:49","guid":{"rendered":"https:\/\/boreait.com\/hu\/?post_type=product&#038;p=9964"},"modified":"2025-09-17T12:45:56","modified_gmt":"2025-09-17T10:45:56","slug":"56whu-tp-b1-lp156whu-tpb1-lcd-156-fhd-matt-edp-30-tus-tartokkal-uj","status":"publish","type":"product","link":"https:\/\/boreait.com\/hu\/termek\/56whu-tp-b1-lp156whu-tpb1-lcd-156-fhd-matt-edp-30-tus-tartokkal-uj\/","title":{"rendered":"56WHU TP B1 LP156WHU TPB1 LCD 15,6&#8243; FHD matt eDP 30 t\u0171s tart\u00f3kkal \u00daj"},"content":{"rendered":"\n<p>Friss\u00edtse laptopja kijelz\u0151j\u00e9t az 56WHU TP B1 LP156WHU TPB1 15,6&#8243;-os LCD-k\u00e9perny\u0151vel. Ez a k\u00e9perny\u0151 \u00e9les \u00e9s tiszta k\u00e9pet ad Full HD (1920&#215;1080) felbont\u00e1ssal, ami kiv\u00e1l\u00f3 min\u0151s\u00e9g\u0171 megtekint\u00e9si \u00e9lm\u00e9nyt biztos\u00edt. A matt fel\u00fclet cs\u00f6kkenti a t\u00fckr\u00f6z\u0151d\u00e9st, de ez az IPS-panel ide\u00e1lis a k\u00fcl\u00f6nb\u00f6z\u0151 megvil\u00e1g\u00edt\u00e1si k\u00f6r\u00fclm\u00e9nyekhez k\u00e9pest. megb\u00edzhat\u00f3 teljes\u00edtm\u00e9nyt ny\u00fajt a mindennapi feladatokhoz.<\/p>\n<p>A k\u00e9perny\u0151 fels\u0151 \u00e9s als\u00f3 tart\u00f3kkal van ell\u00e1tva, \u00edgy a telep\u00edt\u00e9s egyszer\u0171 \u00e9s biztons\u00e1gos. Az eDP 30 t\u0171s csatlakoz\u00e1s sokf\u00e9le laptoppal kompatibilis, stabil \u00e9s hat\u00e9kony kapcsolatot biztos\u00edtva.<\/p>\n<p>Ak\u00e1r s\u00e9r\u00fclt k\u00e9perny\u0151t cser\u00e9l, ak\u00e1r a jobb k\u00e9pmin\u0151s\u00e9g \u00e9rdek\u00e9ben friss\u00edt, ez az LCD-k\u00e9perny\u0151 t\u00f6k\u00e9letesen illeszkedik. Vadonat\u00faj, hib\u00e1tlan term\u00e9ket garant\u00e1l, amely kiv\u00e1l\u00f3 teljes\u00edtm\u00e9nyt ny\u00fajt.<\/p>\n","protected":false},"excerpt":{"rendered":"<p>Fejlessze laptopj\u00e1t az 56WHU TP B1 LP156WHU TPB1 15,6&#8243;-es LCD k\u00e9perny\u0151vel. Full HD matt kijelz\u0151vel, eDP 30 t\u0171s csatlakoz\u00e1ssal, valamint fels\u0151 \u00e9s als\u00f3 konzolokkal az egyszer\u0171 telep\u00edt\u00e9s \u00e9rdek\u00e9ben. \u00c1llapot: \u00daj.<\/p>\n","protected":false},"featured_media":9974,"template":"","meta":[],"product_brand":[],"product_cat":[81,71],"product_tag":[],"class_list":{"0":"post-9964","1":"product","2":"type-product","3":"status-publish","4":"has-post-thumbnail","6":"product_cat-15-6-new-laptop-screens-lcd-panels","7":"product_cat-new-laptop-screens-lcd-panels","9":"first","10":"instock","11":"taxable","12":"shipping-taxable","13":"purchasable","14":"product-type-simple"},"_links":{"self":[{"href":"https:\/\/boreait.com\/hu\/wp-json\/wp\/v2\/product\/9964","targetHints":{"allow":["GET"]}}],"collection":[{"href":"https:\/\/boreait.com\/hu\/wp-json\/wp\/v2\/product"}],"about":[{"href":"https:\/\/boreait.com\/hu\/wp-json\/wp\/v2\/types\/product"}],"wp:featuredmedia":[{"embeddable":true,"href":"https:\/\/boreait.com\/hu\/wp-json\/wp\/v2\/media\/9974"}],"wp:attachment":[{"href":"https:\/\/boreait.com\/hu\/wp-json\/wp\/v2\/media?parent=9964"}],"wp:term":[{"taxonomy":"product_brand","embeddable":true,"href":"https:\/\/boreait.com\/hu\/wp-json\/wp\/v2\/product_brand?post=9964"},{"taxonomy":"product_cat","embeddable":true,"href":"https:\/\/boreait.com\/hu\/wp-json\/wp\/v2\/product_cat?post=9964"},{"taxonomy":"product_tag","embeddable":true,"href":"https:\/\/boreait.com\/hu\/wp-json\/wp\/v2\/product_tag?post=9964"}],"curies":[{"name":"wp","href":"https:\/\/api.w.org\/{rel}","templated":true}]}}