{"id":9962,"date":"2025-09-17T12:45:49","date_gmt":"2025-09-17T10:45:49","guid":{"rendered":"https:\/\/boreait.com\/hu\/?post_type=product&#038;p=9962"},"modified":"2025-09-17T12:45:55","modified_gmt":"2025-09-17T10:45:55","slug":"nt156whm-n22-n32-n42-lcd-156-fhd-matt-edp-30-tus-tartokkal-uj","status":"publish","type":"product","link":"https:\/\/boreait.com\/hu\/termek\/nt156whm-n22-n32-n42-lcd-156-fhd-matt-edp-30-tus-tartokkal-uj\/","title":{"rendered":"NT156WHM-N22\/N32\/N42 LCD 15,6&#8243; FHD matt eDP 30 t\u0171s tart\u00f3kkal \u00daj"},"content":{"rendered":"\n<p>Fokozza laptopja kijelz\u0151j\u00e9t az NT156WHM-N22\/N32\/N42 15,6 h\u00fcvelykes LCD-k\u00e9perny\u0151vel, amely tiszta \u00e9s \u00e9les k\u00e9pet biztos\u00edt. Ez a k\u00e9perny\u0151 Full HD (1920&#215;1080) felbont\u00e1ssal rendelkezik, amely \u00e9les k\u00e9peket \u00e9s mag\u00e1val ragad\u00f3 teljes\u00edtm\u00e9nyt biztos\u00edt. A matt fel\u00fclet cs\u00f6kkenti a k\u00fcl\u00f6nb\u00f6z\u0151 t\u00fckr\u00f6z\u0151d\u00e9seket, \u00edgy ide\u00e1lis a k\u00fcl\u00f6nb\u00f6z\u0151 f\u00e9nyviszonyok k\u00f6z\u00f6tt, \u00edgy ide\u00e1lis a nem-IPS technol\u00f3gi\u00e1hoz.<\/p>\n<p>Ez az LCD-k\u00e9perny\u0151 eDP 30 t\u0171s csatlakoz\u00f3val rendelkezik, amely biztons\u00e1gos \u00e9s stabil kapcsolatot biztos\u00edt az eszk\u00f6zzel. Ezenk\u00edv\u00fcl tartalmaz egy fels\u0151 \u00e9s als\u00f3 tart\u00f3t az egyszer\u0171 telep\u00edt\u00e9s \u00e9rdek\u00e9ben, \u00edgy kiv\u00e1l\u00f3 v\u00e1laszt\u00e1s azok sz\u00e1m\u00e1ra, akik kicser\u00e9lik a s\u00e9r\u00fclt k\u00e9perny\u0151t vagy friss\u00edtik a kijelz\u0151j\u00fcket.<\/p>\n<p>A k\u00e9perny\u0151 teljesen \u00faj, ami garant\u00e1lja, hogy hibamentes term\u00e9ket kap, amely k\u00e9szen \u00e1ll az optim\u00e1lis teljes\u00edtm\u00e9ny ny\u00fajt\u00e1s\u00e1ra.<\/p>\n","protected":false},"excerpt":{"rendered":"<p>B\u0151v\u00edtse laptopj\u00e1t az NT156WHM-N22\/N32\/N42 15,6 h\u00fcvelykes LCD-k\u00e9perny\u0151vel. FHD felbont\u00e1s\u00fa, matt fel\u00fclettel \u00e9s 30 t\u0171s eDP csatlakoz\u00e1ssal ez a nem IPS k\u00e9perny\u0151 \u00e9les l\u00e1tv\u00e1nyt ny\u00fajt. Fels\u0151 \u00e9s als\u00f3 tart\u00f3kkal rendelkezik a k\u00f6nny\u0171 telep\u00edt\u00e9s \u00e9rdek\u00e9ben. \u00c1llapot: \u00daj.<\/p>\n","protected":false},"featured_media":9974,"template":"","meta":[],"product_brand":[],"product_cat":[81,71],"product_tag":[],"class_list":{"0":"post-9962","1":"product","2":"type-product","3":"status-publish","4":"has-post-thumbnail","6":"product_cat-15-6-new-laptop-screens-lcd-panels","7":"product_cat-new-laptop-screens-lcd-panels","9":"first","10":"instock","11":"taxable","12":"shipping-taxable","13":"purchasable","14":"product-type-simple"},"_links":{"self":[{"href":"https:\/\/boreait.com\/hu\/wp-json\/wp\/v2\/product\/9962","targetHints":{"allow":["GET"]}}],"collection":[{"href":"https:\/\/boreait.com\/hu\/wp-json\/wp\/v2\/product"}],"about":[{"href":"https:\/\/boreait.com\/hu\/wp-json\/wp\/v2\/types\/product"}],"wp:featuredmedia":[{"embeddable":true,"href":"https:\/\/boreait.com\/hu\/wp-json\/wp\/v2\/media\/9974"}],"wp:attachment":[{"href":"https:\/\/boreait.com\/hu\/wp-json\/wp\/v2\/media?parent=9962"}],"wp:term":[{"taxonomy":"product_brand","embeddable":true,"href":"https:\/\/boreait.com\/hu\/wp-json\/wp\/v2\/product_brand?post=9962"},{"taxonomy":"product_cat","embeddable":true,"href":"https:\/\/boreait.com\/hu\/wp-json\/wp\/v2\/product_cat?post=9962"},{"taxonomy":"product_tag","embeddable":true,"href":"https:\/\/boreait.com\/hu\/wp-json\/wp\/v2\/product_tag?post=9962"}],"curies":[{"name":"wp","href":"https:\/\/api.w.org\/{rel}","templated":true}]}}