{"id":9961,"date":"2025-09-17T12:45:49","date_gmt":"2025-09-17T10:45:49","guid":{"rendered":"https:\/\/boreait.com\/hu\/?post_type=product&#038;p=9961"},"modified":"2025-09-17T12:45:55","modified_gmt":"2025-09-17T10:45:55","slug":"nt156whm-n42-v8-0-lcd-156-matt-fhd-edp-30-tus-tartokkal-uj","status":"publish","type":"product","link":"https:\/\/boreait.com\/hu\/termek\/nt156whm-n42-v8-0-lcd-156-matt-fhd-edp-30-tus-tartokkal-uj\/","title":{"rendered":"NT156WHM-N42 V8.0 LCD 15,6&#8243; matt FHD eDP 30 t\u0171s tart\u00f3kkal \u00daj"},"content":{"rendered":"\n<p>Fokozza laptopja kijelz\u0151j\u00e9t az NT156WHM-N42 V8.0 15,6 h\u00fcvelykes LCD-k\u00e9perny\u0151vel, amelyet megb\u00edzhat\u00f3 teljes\u00edtm\u00e9ny \u00e9s \u00e9les k\u00e9pmin\u0151s\u00e9g biztos\u00edt\u00e1s\u00e1ra terveztek. Ez a k\u00e9perny\u0151 Full HD (1920&#215;1080) felbont\u00e1ssal b\u00fcszk\u00e9lkedhet, amely tiszta \u00e9s r\u00e9szletes k\u00e9peket biztos\u00edt a jobb megtekint\u00e9si \u00e9lm\u00e9ny \u00e9rdek\u00e9ben. A nem IPS panel szabv\u00e1nyos sz\u00ednhaszn\u00e1latot \u00e9s kontrasztpontoss\u00e1got biztos\u00edt a mindennapi haszn\u00e1latra.<\/p>\n<p>A matt fel\u00fclet minim\u00e1lisra cs\u00f6kkenti a t\u00fckr\u00f6z\u0151d\u00e9st \u00e9s a t\u00fckr\u00f6z\u0151d\u00e9st, \u00edgy k\u00e9nyelmes megtekint\u00e9st biztos\u00edt k\u00fcl\u00f6nf\u00e9le f\u00e9nyviszonyok k\u00f6z\u00f6tt. A 30 t\u0171s eDP-csatlakoz\u00e1ssal ez a k\u00e9perny\u0151 garant\u00e1lja a biztons\u00e1gos \u00e9s stabil kapcsolatot az eszk\u00f6zzel. A mell\u00e9kelt fels\u0151 \u00e9s als\u00f3 tart\u00f3konzolok egyszer\u0171v\u00e9 teszik a telep\u00edt\u00e9st, lehet\u0151v\u00e9 t\u00e9ve a r\u00e9gi vagy s\u00e9r\u00fclt k\u00e9perny\u0151 egyszer\u0171 cser\u00e9j\u00e9t.<\/p>\n<p>Ez az LCD-k\u00e9perny\u0151 vadonat\u00faj, \u00edgy kiv\u00e1l\u00f3 min\u0151s\u00e9g\u0171 term\u00e9ket kap, amely hib\u00e1tlan \u00e9s haszn\u00e1latra k\u00e9sz.<\/p>\n","protected":false},"excerpt":{"rendered":"<p>Friss\u00edtse laptopj\u00e1t az NT156WHM-N42 V8.0 15,6 h\u00fcvelykes LCD-k\u00e9perny\u0151vel. FHD felbont\u00e1s\u00fa, matt fel\u00fclettel \u00e9s 30 t\u0171s eDP-kapcsolattal rendelkezik, ez a nem IPS-kijelz\u0151 tiszta \u00e9s \u00e9les k\u00e9pet biztos\u00edt. Fels\u0151 \u00e9s als\u00f3 tart\u00f3kkal rendelkezik a k\u00f6nny\u0171 telep\u00edt\u00e9s \u00e9rdek\u00e9ben. \u00c1llapot: \u00daj.<\/p>\n","protected":false},"featured_media":9974,"template":"","meta":[],"product_brand":[],"product_cat":[81,71],"product_tag":[],"class_list":{"0":"post-9961","1":"product","2":"type-product","3":"status-publish","4":"has-post-thumbnail","6":"product_cat-15-6-new-laptop-screens-lcd-panels","7":"product_cat-new-laptop-screens-lcd-panels","9":"first","10":"instock","11":"taxable","12":"shipping-taxable","13":"purchasable","14":"product-type-simple"},"_links":{"self":[{"href":"https:\/\/boreait.com\/hu\/wp-json\/wp\/v2\/product\/9961","targetHints":{"allow":["GET"]}}],"collection":[{"href":"https:\/\/boreait.com\/hu\/wp-json\/wp\/v2\/product"}],"about":[{"href":"https:\/\/boreait.com\/hu\/wp-json\/wp\/v2\/types\/product"}],"wp:featuredmedia":[{"embeddable":true,"href":"https:\/\/boreait.com\/hu\/wp-json\/wp\/v2\/media\/9974"}],"wp:attachment":[{"href":"https:\/\/boreait.com\/hu\/wp-json\/wp\/v2\/media?parent=9961"}],"wp:term":[{"taxonomy":"product_brand","embeddable":true,"href":"https:\/\/boreait.com\/hu\/wp-json\/wp\/v2\/product_brand?post=9961"},{"taxonomy":"product_cat","embeddable":true,"href":"https:\/\/boreait.com\/hu\/wp-json\/wp\/v2\/product_cat?post=9961"},{"taxonomy":"product_tag","embeddable":true,"href":"https:\/\/boreait.com\/hu\/wp-json\/wp\/v2\/product_tag?post=9961"}],"curies":[{"name":"wp","href":"https:\/\/api.w.org\/{rel}","templated":true}]}}