{"id":9960,"date":"2025-09-17T12:45:49","date_gmt":"2025-09-17T10:45:49","guid":{"rendered":"https:\/\/boreait.com\/hu\/?post_type=product&#038;p=9960"},"modified":"2025-09-17T12:45:55","modified_gmt":"2025-09-17T10:45:55","slug":"n156bga-ea2-rev-c1-lcd-156-matt-fhd-edp-30-tus-tartokkal-uj","status":"publish","type":"product","link":"https:\/\/boreait.com\/hu\/termek\/n156bga-ea2-rev-c1-lcd-156-matt-fhd-edp-30-tus-tartokkal-uj\/","title":{"rendered":"N156BGA-EA2 REV. C1 LCD 15,6&#8243; matt FHD eDP 30 t\u0171s tart\u00f3kkal \u00daj"},"content":{"rendered":"\n<p>Fokozza laptopja kijelz\u0151j\u00e9t az N156BGA-EA2 REV seg\u00edts\u00e9g\u00e9vel. C1 15,6&#8243; LCD-k\u00e9perny\u0151, azoknak k\u00e9sz\u00fclt, akik mind a min\u0151s\u00e9get, mind a megb\u00edzhat\u00f3s\u00e1got keresik. Ez a k\u00e9perny\u0151 Full HD (1920&#215;1080) felbont\u00e1st k\u00edn\u00e1l, amely \u00e9les \u00e9s tiszta k\u00e9pet biztos\u00edt minden ig\u00e9nynek, legyen sz\u00f3 munk\u00e1r\u00f3l, sz\u00f3rakoz\u00e1sr\u00f3l vagy j\u00e1t\u00e9kr\u00f3l. A matt fel\u00fclet cs\u00f6kkenti a t\u00fckr\u00f6z\u0151d\u00e9st, \u00edgy k\u00e9nyelmes haszn\u00e1latot tesz lehet\u0151v\u00e9 k\u00fcl\u00f6nf\u00e9le f\u00e9nyviszonyok k\u00f6z\u00f6tt.<\/p>\n<p>Ez a k\u00e9perny\u0151 30 t\u0171s eDP-csatlakoz\u00f3val rendelkezik, amely stabil \u00e9s biztons\u00e1gos kapcsolatot biztos\u00edt az eszk\u00f6zzel. Az IPS k\u00e9perny\u0151kkel ellent\u00e9tben ez a nem IPS kijelz\u0151 kiv\u00e1l\u00f3 egyens\u00falyt biztos\u00edt a k\u00f6lts\u00e9gek \u00e9s a teljes\u00edtm\u00e9ny k\u00f6z\u00f6tt, \u00edgy sok felhaszn\u00e1l\u00f3 sz\u00e1m\u00e1ra praktikus v\u00e1laszt\u00e1s. A mell\u00e9kelt fels\u0151 \u00e9s als\u00f3 konzolok egyszer\u0171v\u00e9 \u00e9s biztons\u00e1goss\u00e1 teszik a telep\u00edt\u00e9st.<\/p>\n<p>Ak\u00e1r s\u00e9r\u00fclt k\u00e9perny\u0151t cser\u00e9l, ak\u00e1r megl\u00e9v\u0151t friss\u00edt, az N156BGA-EA2 REV. A C1 megb\u00edzhat\u00f3 opci\u00f3. A k\u00e9perny\u0151 teljesen \u00faj \u00e1llapotban van, \u00edgy hibamentesen \u00e9rkezik \u00e9s azonnali beszerel\u00e9sre k\u00e9sz.<\/p>\n","protected":false},"excerpt":{"rendered":"<p>Friss\u00edtse laptopj\u00e1t az N156BGA-EA2 REV-vel. C1 15,6&#8243; LCD k\u00e9perny\u0151. FHD felbont\u00e1s\u00fa, matt fel\u00fclettel \u00e9s eDP 30 t\u0171s csatlakoz\u00e1ssal ez a k\u00e9perny\u0151 ide\u00e1lis a tiszta \u00e9s \u00e9les k\u00e9phez. Fels\u0151 \u00e9s als\u00f3 tart\u00f3kkal rendelkezik a k\u00f6nny\u0171 telep\u00edt\u00e9s \u00e9rdek\u00e9ben. \u00c1llapot: \u00daj.<\/p>\n","protected":false},"featured_media":9974,"template":"","meta":[],"product_brand":[],"product_cat":[81,71],"product_tag":[],"class_list":{"0":"post-9960","1":"product","2":"type-product","3":"status-publish","4":"has-post-thumbnail","6":"product_cat-15-6-new-laptop-screens-lcd-panels","7":"product_cat-new-laptop-screens-lcd-panels","9":"first","10":"instock","11":"taxable","12":"shipping-taxable","13":"purchasable","14":"product-type-simple"},"_links":{"self":[{"href":"https:\/\/boreait.com\/hu\/wp-json\/wp\/v2\/product\/9960","targetHints":{"allow":["GET"]}}],"collection":[{"href":"https:\/\/boreait.com\/hu\/wp-json\/wp\/v2\/product"}],"about":[{"href":"https:\/\/boreait.com\/hu\/wp-json\/wp\/v2\/types\/product"}],"wp:featuredmedia":[{"embeddable":true,"href":"https:\/\/boreait.com\/hu\/wp-json\/wp\/v2\/media\/9974"}],"wp:attachment":[{"href":"https:\/\/boreait.com\/hu\/wp-json\/wp\/v2\/media?parent=9960"}],"wp:term":[{"taxonomy":"product_brand","embeddable":true,"href":"https:\/\/boreait.com\/hu\/wp-json\/wp\/v2\/product_brand?post=9960"},{"taxonomy":"product_cat","embeddable":true,"href":"https:\/\/boreait.com\/hu\/wp-json\/wp\/v2\/product_cat?post=9960"},{"taxonomy":"product_tag","embeddable":true,"href":"https:\/\/boreait.com\/hu\/wp-json\/wp\/v2\/product_tag?post=9960"}],"curies":[{"name":"wp","href":"https:\/\/api.w.org\/{rel}","templated":true}]}}