{"id":996,"date":"2025-09-17T09:52:25","date_gmt":"2025-09-17T07:52:25","guid":{"rendered":"https:\/\/boreait.com\/hu\/?post_type=product&#038;p=996"},"modified":"2025-09-17T09:53:42","modified_gmt":"2025-09-17T07:53:42","slug":"asus-x553m-bing-sx687b-dvd-meghajto-sata-writer-rw-su-208-uj8hc-uj8g6","status":"publish","type":"product","link":"https:\/\/boreait.com\/hu\/termek\/asus-x553m-bing-sx687b-dvd-meghajto-sata-writer-rw-su-208-uj8hc-uj8g6\/","title":{"rendered":"Asus X553M BING SX687B DVD meghajt\u00f3 SATA Writer RW SU-208 UJ8HC UJ8G6"},"content":{"rendered":"<p>Friss\u00edtse Asus X553M BING SX687B laptopj\u00e1t az Asus X553M BING SX687B DVD-meghajt\u00f3val, amely egy megb\u00edzhat\u00f3 \u00e9s hat\u00e9kony SATA \u00edr\u00f3 RW k\u00e9pess\u00e9ggel. Ezt a DVD-meghajt\u00f3t \u00fagy tervezt\u00e9k, hogy z\u00f6kken\u0151mentesen integr\u00e1l\u00f3djon a laptopj\u00e1ba, \u00edgy k\u00e9nyelmesen olvashat \u00e9s \u00edrhat k\u00fcl\u00f6nf\u00e9le optikai adathordoz\u00f3kat.<\/p>\n<p>Az Asus X553M BING SX687B DVD-meghajt\u00f3 lehet\u0151v\u00e9 teszi CD-k \u00e9s DVD-k olvas\u00e1s\u00e1t \u00e9s \u00edr\u00e1s\u00e1t, \u00edgy sokoldal\u00fa megold\u00e1st ny\u00fajt adatt\u00e1rol\u00e1si \u00e9s m\u00e9diasz\u00fcks\u00e9gletei kiel\u00e9g\u00edt\u00e9s\u00e9re. Ezzel a praktikus optikai meghajt\u00f3val k\u00e9sz\u00edtsen biztons\u00e1gi m\u00e1solatot a fontos dokumentumokr\u00f3l, \u00edrja ki kedvenc zen\u00e9it CD-re, vagy n\u00e9zzen filmeket \u00fatk\u00f6zben.<\/p>\n<p>SATA interf\u00e9sz\u00e9vel az Asus X553M BING SX687B DVD-meghajt\u00f3 nagy sebess\u00e9g\u0171 adat\u00e1tviteli sebess\u00e9get biztos\u00edt, lehet\u0151v\u00e9 t\u00e9ve az optikai adathordoz\u00f3n l\u00e9v\u0151 adatok gyors el\u00e9r\u00e9s\u00e9t \u00e9s kezel\u00e9s\u00e9t. Ak\u00e1r nagy f\u00e1jlokat m\u00e1sol, ak\u00e1r lemezeket \u00edr, ak\u00e1r nagy felbont\u00e1s\u00fa vide\u00f3kat n\u00e9z, ez a meghajt\u00f3 egyenletes \u00e9s megb\u00edzhat\u00f3 teljes\u00edtm\u00e9nyt ny\u00fajt.<\/p>\n<p>A telep\u00edt\u00e9s egyszer\u0171, mivel ez a DVD-meghajt\u00f3 z\u00f6kken\u0151mentesen csatlakozik Asus X553M BING SX687B laptop interf\u00e9sz\u00e9hez. \u00c9lvezze a plug-and-play funkci\u00f3 egyszer\u0171s\u00e9g\u00e9t \u00e9s k\u00e9nyelm\u00e9t, \u00edgy minden tov\u00e1bbi be\u00e1ll\u00edt\u00e1s n\u00e9lk\u00fcl azonnal elkezdheti haszn\u00e1lni a meghajt\u00f3t.<\/p>\n<p>Az Asus X553M BING SX687B DVD-meghajt\u00f3 massz\u00edv fel\u00e9p\u00edt\u00e9se biztos\u00edtja a tart\u00f3ss\u00e1got \u00e9s a hossz\u00fa \u00e9lettartamot. T\u00e1lcabet\u00f6lt\u0151 mechanizmusa lehet\u0151v\u00e9 teszi a lemezek egyszer\u0171 behelyez\u00e9s\u00e9t \u00e9s elt\u00e1vol\u00edt\u00e1s\u00e1t, \u00edgy probl\u00e9mamentes m\u0171k\u00f6d\u00e9st biztos\u00edt.<\/p>\n<p>B\u0151v\u00edtse Asus X553M BING SX687B laptopja funkcionalit\u00e1s\u00e1t ezzel a megb\u00edzhat\u00f3 DVD-meghajt\u00f3val. Tapasztalja meg a CD-n \u00e9s DVD-n l\u00e9v\u0151 adatok egyszer\u0171 el\u00e9r\u00e9s\u00e9nek, l\u00e9trehoz\u00e1s\u00e1nak \u00e9s kezel\u00e9s\u00e9nek szabads\u00e1g\u00e1t. Ak\u00e1r szoftvereket kell telep\u00edtenie, ak\u00e1r DVD-ket n\u00e9znie, ak\u00e1r fontos f\u00e1jlokr\u00f3l biztons\u00e1gi m\u00e1solatot kell k\u00e9sz\u00edtenie, az Asus X553M BING SX687B DVD-meghajt\u00f3 a megold\u00e1st megtal\u00e1lja.<\/p>\n","protected":false},"excerpt":{"rendered":"<p>Az Asus X553M BING SX687B DVD-meghajt\u00f3 egy megb\u00edzhat\u00f3 SATA \u00edr\u00f3 RW k\u00e9pess\u00e9ggel. Az Asus X553M BING SX687B laptophoz tervezett DVD-meghajt\u00f3 k\u00fcl\u00f6nf\u00e9le t\u00edpus\u00fa optikai adathordoz\u00f3k olvas\u00e1s\u00e1t \u00e9s \u00edr\u00e1s\u00e1t teszi lehet\u0151v\u00e9, \u00edgy ide\u00e1lis adatment\u00e9shez, szoftvertelep\u00edt\u00e9shez \u00e9s m\u00e9dialej\u00e1tsz\u00e1shoz.<\/p>\n","protected":false},"featured_media":1064,"template":"","meta":[],"product_brand":[],"product_cat":[27],"product_tag":[30],"class_list":{"0":"post-996","1":"product","2":"type-product","3":"status-publish","4":"has-post-thumbnail","6":"product_cat-motherboards-board-parts","7":"product_tag-asus","9":"first","10":"instock","11":"taxable","12":"shipping-taxable","13":"purchasable","14":"product-type-simple"},"_links":{"self":[{"href":"https:\/\/boreait.com\/hu\/wp-json\/wp\/v2\/product\/996","targetHints":{"allow":["GET"]}}],"collection":[{"href":"https:\/\/boreait.com\/hu\/wp-json\/wp\/v2\/product"}],"about":[{"href":"https:\/\/boreait.com\/hu\/wp-json\/wp\/v2\/types\/product"}],"wp:featuredmedia":[{"embeddable":true,"href":"https:\/\/boreait.com\/hu\/wp-json\/wp\/v2\/media\/1064"}],"wp:attachment":[{"href":"https:\/\/boreait.com\/hu\/wp-json\/wp\/v2\/media?parent=996"}],"wp:term":[{"taxonomy":"product_brand","embeddable":true,"href":"https:\/\/boreait.com\/hu\/wp-json\/wp\/v2\/product_brand?post=996"},{"taxonomy":"product_cat","embeddable":true,"href":"https:\/\/boreait.com\/hu\/wp-json\/wp\/v2\/product_cat?post=996"},{"taxonomy":"product_tag","embeddable":true,"href":"https:\/\/boreait.com\/hu\/wp-json\/wp\/v2\/product_tag?post=996"}],"curies":[{"name":"wp","href":"https:\/\/api.w.org\/{rel}","templated":true}]}}