{"id":9959,"date":"2025-09-17T12:45:48","date_gmt":"2025-09-17T10:45:48","guid":{"rendered":"https:\/\/boreait.com\/hu\/?post_type=product&#038;p=9959"},"modified":"2025-09-17T12:45:55","modified_gmt":"2025-09-17T10:45:55","slug":"nt156fhm-n41-lcd-kepernyo-156-fhd-matt-edp-30-tus-tartokkal-uj","status":"publish","type":"product","link":"https:\/\/boreait.com\/hu\/termek\/nt156fhm-n41-lcd-kepernyo-156-fhd-matt-edp-30-tus-tartokkal-uj\/","title":{"rendered":"NT156FHM-N41 LCD k\u00e9perny\u0151 15,6&#8243; FHD matt eDP 30 t\u0171s tart\u00f3kkal \u00daj"},"content":{"rendered":"\n<p>Fokozza laptopja kijelz\u0151j\u00e9t az NT156FHM-N41 15,6&#8243;-es LCD-k\u00e9perny\u0151vel. A min\u0151s\u00e9get \u00e9s tart\u00f3ss\u00e1got keres\u0151 felhaszn\u00e1l\u00f3k sz\u00e1m\u00e1ra k\u00e9sz\u00fclt ez a k\u00e9perny\u0151 Full HD (1920&#215;1080) felbont\u00e1ssal, \u00e9les \u00e9s r\u00e9szletgazdag l\u00e1tv\u00e1nyt biztos\u00edtva. A matt fel\u00fclet cs\u00f6kkenti a t\u00fckr\u00f6z\u0151d\u00e9st, \u00edgy alkalmas k\u00fcl\u00f6nf\u00e9le megvil\u00e1g\u00edt\u00e1si k\u00f6rnyezetekhez, ak\u00e1r belt\u00e9ren is.<\/p>\n<p>Ez a modell 30 t\u0171s eDP-csatlakoz\u00f3val van felszerelve, amely megb\u00edzhat\u00f3 \u00e9s hat\u00e9kony kapcsolatot biztos\u00edt laptopj\u00e1val. Az IPS-kijelz\u0151kkel ellent\u00e9tben ez a nem IPS-k\u00e9perny\u0151 tisztas\u00e1got \u00e9s f\u00e9nyer\u0151t biztos\u00edt extra k\u00f6lts\u00e9gek n\u00e9lk\u00fcl, \u00edgy kiv\u00e1l\u00f3 v\u00e1laszt\u00e1s azok sz\u00e1m\u00e1ra, akik el\u0151nyben r\u00e9szes\u00edtik az \u00e9rt\u00e9ket. A k\u00e9perny\u0151 fels\u0151 \u00e9s als\u00f3 konzolokat is tartalmaz, amelyek lehet\u0151v\u00e9 teszik a biztons\u00e1gosabb \u00e9s egyszer\u0171bb telep\u00edt\u00e9st.<\/p>\n<p>Az NT156FHM-N41 egy \u00faj, kiv\u00e1l\u00f3 min\u0151s\u00e9g\u0171 term\u00e9k, amely ide\u00e1lis a s\u00e9r\u00fclt k\u00e9perny\u0151 cser\u00e9j\u00e9hez vagy a kisebb felbont\u00e1sr\u00f3l val\u00f3 friss\u00edt\u00e9shez.<\/p>\n","protected":false},"excerpt":{"rendered":"<p>B\u0151v\u00edtse laptopj\u00e1t az NT156FHM-N41 15,6&#8243;-es LCD-k\u00e9perny\u0151vel. Ez a matt FHD-kijelz\u0151 30 t\u0171s eDP-csatlakoz\u00e1ssal rendelkezik, fels\u0151 \u00e9s als\u00f3 konzolokkal, \u00fajszer\u0171 \u00e1llapotban van. A nem IPS technol\u00f3gia tiszta \u00e9s \u00e9les k\u00e9pet biztos\u00edt.<\/p>\n","protected":false},"featured_media":9974,"template":"","meta":[],"product_brand":[],"product_cat":[81,71],"product_tag":[],"class_list":{"0":"post-9959","1":"product","2":"type-product","3":"status-publish","4":"has-post-thumbnail","6":"product_cat-15-6-new-laptop-screens-lcd-panels","7":"product_cat-new-laptop-screens-lcd-panels","9":"first","10":"instock","11":"taxable","12":"shipping-taxable","13":"purchasable","14":"product-type-simple"},"_links":{"self":[{"href":"https:\/\/boreait.com\/hu\/wp-json\/wp\/v2\/product\/9959","targetHints":{"allow":["GET"]}}],"collection":[{"href":"https:\/\/boreait.com\/hu\/wp-json\/wp\/v2\/product"}],"about":[{"href":"https:\/\/boreait.com\/hu\/wp-json\/wp\/v2\/types\/product"}],"wp:featuredmedia":[{"embeddable":true,"href":"https:\/\/boreait.com\/hu\/wp-json\/wp\/v2\/media\/9974"}],"wp:attachment":[{"href":"https:\/\/boreait.com\/hu\/wp-json\/wp\/v2\/media?parent=9959"}],"wp:term":[{"taxonomy":"product_brand","embeddable":true,"href":"https:\/\/boreait.com\/hu\/wp-json\/wp\/v2\/product_brand?post=9959"},{"taxonomy":"product_cat","embeddable":true,"href":"https:\/\/boreait.com\/hu\/wp-json\/wp\/v2\/product_cat?post=9959"},{"taxonomy":"product_tag","embeddable":true,"href":"https:\/\/boreait.com\/hu\/wp-json\/wp\/v2\/product_tag?post=9959"}],"curies":[{"name":"wp","href":"https:\/\/api.w.org\/{rel}","templated":true}]}}